{"id":385726,"date":"2025-10-23T13:35:19","date_gmt":"2024-07-16T10:57:13","guid":{"rendered":"https:\/\/www.indigo-lighting.com\/product\/wc59-2\/"},"modified":"2026-03-31T14:25:10","modified_gmt":"2026-03-31T12:25:10","slug":"wc59","status":"publish","type":"product","link":"https:\/\/www.indigo-lighting.com\/nl\/product\/wc59\/","title":{"rendered":"WC59"},"content":{"rendered":"<ul>\n<li>Waterdichte snelkoppeling.<\/li>\n<li>Onderdompelbaar tot 9 meter.<\/li>\n<li>Voorzien van \u00e9\u00e9n ingang en \u00e9\u00e9n uitgang.<\/li>\n<li>Geschikte kabeldiameter: 5 tot 9mm. Maximale geleiderdoorsnede: 4mm\u00b2.<\/li>\n<li>Maximale spanning: 250VAC \/ 50VDC.<\/li>\n<li>Maximale stroom: 10A.<\/li>\n<li>Compatibel met kabel WCR275BLACK.<\/li>\n<\/ul>\n","protected":false},"excerpt":{"rendered":"<p>Waterdichte snelkoppeling. Onderdompelbaar tot 9 meter. Voorzien van \u00e9\u00e9n ingang en \u00e9\u00e9n uitgang. Geschikte kabeldiameter: 5 tot 9mm. Maximale geleiderdoorsnede: 4mm\u00b2. Maximale spanning: 250VAC \/ 50VDC. Maximale stroom: 10A. Compatibel met kabel WCR275BLACK.<\/p>\n","protected":false},"featured_media":788310,"comment_status":"open","ping_status":"closed","template":"","meta":{"_acf_changed":false,"_relevanssi_hide_post":"","_relevanssi_hide_content":"","_relevanssi_pin_for_all":"","_relevanssi_pin_keywords":"","_relevanssi_unpin_keywords":"","_relevanssi_related_keywords":"","_relevanssi_related_include_ids":"","_relevanssi_related_exclude_ids":"","_relevanssi_related_no_append":"","_relevanssi_related_not_related":"","_relevanssi_related_posts":""},"product_brand":[],"product_cat":[54567],"product_tag":[],"family":[],"class_list":{"0":"post-385726","1":"product","2":"type-product","3":"status-publish","4":"has-post-thumbnail","6":"product_cat-ip-aansluitdozen-en-connectoren-nl-toebehoren-nl","7":"pa_canal-web-nl-yes","8":"pa_conformite-ce-nl-ce-goedkeuring","9":"pa_description-technique-nl-ip68-connector","10":"pa_garantie-nl-2-jaar","11":"pa_hauteur-nl-30","12":"pa_largeur-nl-30","13":"pa_lieu-de-montage-nl-alleen-voor-gebruik-buitenshuis","14":"pa_longueur-nl-125","15":"pa_reference-indigo-nl-wc59","16":"pa_tarif-euro-nl-7700","17":"pa_tarif-franc-suisse-nl-7700","19":"first","20":"instock","21":"shipping-taxable","22":"purchasable","23":"product-type-variable"},"acf":[],"_links":{"self":[{"href":"https:\/\/www.indigo-lighting.com\/nl\/wp-json\/wp\/v2\/product\/385726","targetHints":{"allow":["GET"]}}],"collection":[{"href":"https:\/\/www.indigo-lighting.com\/nl\/wp-json\/wp\/v2\/product"}],"about":[{"href":"https:\/\/www.indigo-lighting.com\/nl\/wp-json\/wp\/v2\/types\/product"}],"replies":[{"embeddable":true,"href":"https:\/\/www.indigo-lighting.com\/nl\/wp-json\/wp\/v2\/comments?post=385726"}],"wp:featuredmedia":[{"embeddable":true,"href":"https:\/\/www.indigo-lighting.com\/nl\/wp-json\/wp\/v2\/media\/788310"}],"wp:attachment":[{"href":"https:\/\/www.indigo-lighting.com\/nl\/wp-json\/wp\/v2\/media?parent=385726"}],"wp:term":[{"taxonomy":"product_brand","embeddable":true,"href":"https:\/\/www.indigo-lighting.com\/nl\/wp-json\/wp\/v2\/product_brand?post=385726"},{"taxonomy":"product_cat","embeddable":true,"href":"https:\/\/www.indigo-lighting.com\/nl\/wp-json\/wp\/v2\/product_cat?post=385726"},{"taxonomy":"product_tag","embeddable":true,"href":"https:\/\/www.indigo-lighting.com\/nl\/wp-json\/wp\/v2\/product_tag?post=385726"},{"taxonomy":"family","embeddable":true,"href":"https:\/\/www.indigo-lighting.com\/nl\/wp-json\/wp\/v2\/family?post=385726"}],"curies":[{"name":"wp","href":"https:\/\/api.w.org\/{rel}","templated":true}]}}