{"id":769113,"date":"2025-05-13T10:36:50","date_gmt":"2025-05-13T08:36:50","guid":{"rendered":"https:\/\/www.indigo-lighting.com\/product\/sl230-mains-ii-2\/"},"modified":"2026-01-29T16:47:31","modified_gmt":"2026-01-29T14:47:31","slug":"sl230-mains-ii","status":"publish","type":"product","link":"https:\/\/www.indigo-lighting.com\/de\/product\/sl230-mains-ii\/","title":{"rendered":"SL230 MAINS II"},"content":{"rendered":"<p>Akzentbeleuchtung f\u00fcr den Au\u00dfenbereich.<br \/>\nVersion aus Edelstahl 316 f\u00fcr K\u00fcstengebiete.<br \/>\n3m H05RN-F Kabel (Durchmesser 7mm) und Erdspie\u00df im Lieferumfang enthalten.<br \/>\nNicht dimmbarer Konverter im Ger\u00e4t integriert.<br \/>\nWasserdichte Anschlussbox separat bestellen.<\/p>\n","protected":false},"excerpt":{"rendered":"<p>Akzentbeleuchtung f\u00fcr den Au\u00dfenbereich. Version aus Edelstahl 316 f\u00fcr K\u00fcstengebiete. 3m H05RN-F Kabel (Durchmesser 7mm) und Erdspie\u00df im Lieferumfang enthalten. Nicht dimmbarer Konverter im Ger\u00e4t integriert. Wasserdichte Anschlussbox separat bestellen.<\/p>\n","protected":false},"featured_media":776992,"comment_status":"open","ping_status":"closed","template":"","meta":{"_acf_changed":false,"_relevanssi_hide_post":"","_relevanssi_hide_content":"","_relevanssi_pin_for_all":"","_relevanssi_pin_keywords":"","_relevanssi_unpin_keywords":"","_relevanssi_related_keywords":"","_relevanssi_related_include_ids":"","_relevanssi_related_exclude_ids":"","_relevanssi_related_no_append":"","_relevanssi_related_not_related":"","_relevanssi_related_posts":""},"product_brand":[],"product_cat":[68735],"product_tag":[],"family":[],"class_list":{"0":"post-769113","1":"product","2":"type-product","3":"status-publish","4":"has-post-thumbnail","6":"product_cat-non-classe","7":"pa_angle-d-inclinaison-de-90","8":"pa_anti-vandalisme-de-nein","9":"pa_batterie-rechargeable-usb-de-nein","10":"pa_cellules-solaires-de-nein","11":"pa_convertisseur-remplacable-de-treiber-von-einem-elektriker-austauschbar","12":"pa_duree-de-vie-de-l70b10-70-000h","13":"pa_garantie-de-7-jahre","14":"pa_irc-ra-de-cri80","15":"pa_led-remplacable-de-led-von-einem-elektriker-austauschbar","16":"pa_lieu-de-montage-de-verwendung-nur-im-freien","17":"pa_montage-et-diffusion-de-nur-aufputzmontage-am-boden","18":"pa_rg-risque-photobiologique-de-rg1","19":"pa_surface-de-montage-de-boden","20":"pa_technologie-de-integrierte-led","21":"pa_type-de-montage-de-angebaut","23":"first","24":"instock","25":"shipping-taxable","26":"purchasable","27":"product-type-simple"},"acf":[],"_links":{"self":[{"href":"https:\/\/www.indigo-lighting.com\/de\/wp-json\/wp\/v2\/product\/769113","targetHints":{"allow":["GET"]}}],"collection":[{"href":"https:\/\/www.indigo-lighting.com\/de\/wp-json\/wp\/v2\/product"}],"about":[{"href":"https:\/\/www.indigo-lighting.com\/de\/wp-json\/wp\/v2\/types\/product"}],"replies":[{"embeddable":true,"href":"https:\/\/www.indigo-lighting.com\/de\/wp-json\/wp\/v2\/comments?post=769113"}],"wp:featuredmedia":[{"embeddable":true,"href":"https:\/\/www.indigo-lighting.com\/de\/wp-json\/wp\/v2\/media\/776992"}],"wp:attachment":[{"href":"https:\/\/www.indigo-lighting.com\/de\/wp-json\/wp\/v2\/media?parent=769113"}],"wp:term":[{"taxonomy":"product_brand","embeddable":true,"href":"https:\/\/www.indigo-lighting.com\/de\/wp-json\/wp\/v2\/product_brand?post=769113"},{"taxonomy":"product_cat","embeddable":true,"href":"https:\/\/www.indigo-lighting.com\/de\/wp-json\/wp\/v2\/product_cat?post=769113"},{"taxonomy":"product_tag","embeddable":true,"href":"https:\/\/www.indigo-lighting.com\/de\/wp-json\/wp\/v2\/product_tag?post=769113"},{"taxonomy":"family","embeddable":true,"href":"https:\/\/www.indigo-lighting.com\/de\/wp-json\/wp\/v2\/family?post=769113"}],"curies":[{"name":"wp","href":"https:\/\/api.w.org\/{rel}","templated":true}]}}