{"id":767903,"date":"2026-01-19T15:38:48","date_gmt":"2025-10-20T15:01:29","guid":{"rendered":"https:\/\/www.indigo-lighting.com\/product\/caiman-tubular-2\/"},"modified":"2026-03-30T19:27:08","modified_gmt":"2026-03-30T17:27:08","slug":"caiman-tubular","status":"publish","type":"product","link":"https:\/\/www.indigo-lighting.com\/de\/product\/caiman-tubular\/","title":{"rendered":"CAIMAN TUBULAR"},"content":{"rendered":"<ul>\n<li>Wasserdichte R\u00f6hrenleuchte.<\/li>\n<li>Diffusor aus Polycarbonat.<\/li>\n<li>CCT (3000K oder 4000K) und Leistung (18, 22, 26 oder 30W) \u00fcber Schalter in der Leuchte w\u00e4hlbar.<\/li>\n<li>Nicht dimmbarer oder DALI-dimmbarer Konverter im Ger\u00e4t integriert.<\/li>\n<li>Mit 1,50 m Kabel.<\/li>\n<li>Vandalismussichere Befestigungsringe im Lieferumfang enthalten.<\/li>\n<li>Aufh\u00e4ngungskit und konfigurierbarer Mikrowellensensor (Bewegung, D\u00e4mmerung und Standby-Modus) separat erh\u00e4ltlich.<\/li>\n<\/ul>\n","protected":false},"excerpt":{"rendered":"<p>Wasserdichte R\u00f6hrenleuchte. Diffusor aus Polycarbonat. CCT (3000K oder 4000K) und Leistung (18, 22, 26 oder 30W) \u00fcber Schalter in der Leuchte w\u00e4hlbar. Nicht dimmbarer oder DALI-dimmbarer Konverter im Ger\u00e4t integriert. Mit 1,50 m Kabel. Vandalismussichere Befestigungsringe im Lieferumfang enthalten. Aufh\u00e4ngungskit und konfigurierbarer Mikrowellensensor (Bewegung, D\u00e4mmerung und Standby-Modus) separat erh\u00e4ltlich.<\/p>\n","protected":false},"featured_media":784223,"comment_status":"open","ping_status":"closed","template":"","meta":{"_acf_changed":false,"_relevanssi_hide_post":"","_relevanssi_hide_content":"","_relevanssi_pin_for_all":"","_relevanssi_pin_keywords":"","_relevanssi_unpin_keywords":"","_relevanssi_related_keywords":"","_relevanssi_related_include_ids":"","_relevanssi_related_exclude_ids":"","_relevanssi_related_no_append":"","_relevanssi_related_not_related":"","_relevanssi_related_posts":""},"product_brand":[],"product_cat":[44376],"product_tag":[],"family":[],"class_list":{"0":"post-767903","1":"product","2":"type-product","3":"status-publish","4":"has-post-thumbnail","6":"product_cat-feuchtraumleuchten-de-innenleuchten-de","7":"pa_anti-vandalisme-de-gegen-vandalismus-geschuetzt","8":"pa_batterie-rechargeable-usb-de-nein","9":"pa_canal-web-de-yes","10":"pa_cellules-solaires-de-nein","11":"pa_classe-energetique-liste-de-energieklasse-c","12":"pa_conformite-ce-de-ce-genehmigung","13":"pa_convertisseur-inclus-de-inklusive-konverter","14":"pa_convertisseur-remplacable-de-treiber-von-einem-elektriker-austauschbar","15":"pa_couleur-de-stahl-gebuerstet","16":"pa_description-technique-de-caiman-tubular-18-22-26-30w-120-ip66","17":"pa_description-technique-de-caiman-tubular-30w-120-ip66-dali","18":"pa_detecteur-de-mouvement-de-nein","19":"pa_detecteur-de-mouvement-de-optional","20":"pa_diametre-de-72","21":"pa_duree-de-vie-de-l80b10-50-000h","22":"pa_garantie-de-5-jahre","23":"pa_irc-ra-de-cri80","24":"pa_largeur-de-faisceau-de-120","25":"pa_led-remplacable-de-led-von-einem-elektriker-austauschbar","26":"pa_lieu-de-montage-de-verwendung-im-freien-und-in-innenraeumen","27":"pa_longueur-de-1200","28":"pa_matiere-corps-de-aluminium","29":"pa_montage-et-diffusion-de-nur-haengende-montage","30":"pa_montage-et-diffusion-de-nur-wand-oder-deckenmontage","31":"pa_nombre-de-sources-de-1","32":"pa_reference-indigo-de-tub4d","33":"pa_reference-indigo-de-tub4p","34":"pa_rg-risque-photobiologique-de-rg1","35":"pa_surface-de-montage-de-decke","36":"pa_tarif-euro-de-15000","37":"pa_tarif-euro-de-20000","38":"pa_tarif-franc-suisse-de-15000","39":"pa_tarif-franc-suisse-de-20000","40":"pa_technologie-de-integrierte-led","41":"pa_temperature-de-couleur-de-wahl-der-farbtemperatur-3000-4000k","42":"pa_test-au-fil-incandescent-de-850","43":"pa_type-de-montage-de-angebaut","44":"pa_type-de-selection-cct-de-in-der-leuchte","45":"pa_type-de-variation-de-dimmbar-dali-2","46":"pa_type-de-variation-de-nicht-dimmbar","48":"first","49":"instock","50":"shipping-taxable","51":"purchasable","52":"product-type-variable"},"acf":[],"_links":{"self":[{"href":"https:\/\/www.indigo-lighting.com\/de\/wp-json\/wp\/v2\/product\/767903","targetHints":{"allow":["GET"]}}],"collection":[{"href":"https:\/\/www.indigo-lighting.com\/de\/wp-json\/wp\/v2\/product"}],"about":[{"href":"https:\/\/www.indigo-lighting.com\/de\/wp-json\/wp\/v2\/types\/product"}],"replies":[{"embeddable":true,"href":"https:\/\/www.indigo-lighting.com\/de\/wp-json\/wp\/v2\/comments?post=767903"}],"wp:featuredmedia":[{"embeddable":true,"href":"https:\/\/www.indigo-lighting.com\/de\/wp-json\/wp\/v2\/media\/784223"}],"wp:attachment":[{"href":"https:\/\/www.indigo-lighting.com\/de\/wp-json\/wp\/v2\/media?parent=767903"}],"wp:term":[{"taxonomy":"product_brand","embeddable":true,"href":"https:\/\/www.indigo-lighting.com\/de\/wp-json\/wp\/v2\/product_brand?post=767903"},{"taxonomy":"product_cat","embeddable":true,"href":"https:\/\/www.indigo-lighting.com\/de\/wp-json\/wp\/v2\/product_cat?post=767903"},{"taxonomy":"product_tag","embeddable":true,"href":"https:\/\/www.indigo-lighting.com\/de\/wp-json\/wp\/v2\/product_tag?post=767903"},{"taxonomy":"family","embeddable":true,"href":"https:\/\/www.indigo-lighting.com\/de\/wp-json\/wp\/v2\/family?post=767903"}],"curies":[{"name":"wp","href":"https:\/\/api.w.org\/{rel}","templated":true}]}}