{"id":767194,"date":"2026-01-16T14:03:14","date_gmt":"2025-08-27T13:49:47","guid":{"rendered":"https:\/\/www.indigo-lighting.com\/product\/olyn-3-t-2\/"},"modified":"2026-03-30T20:33:36","modified_gmt":"2026-03-30T18:33:36","slug":"olyn-3-t","status":"publish","type":"product","link":"https:\/\/www.indigo-lighting.com\/de\/product\/olyn-3-t\/","title":{"rendered":"OLYN 3 T"},"content":{"rendered":"<ul>\n<li>Schienenstrahler f\u00fcr Akzentbeleuchtung.<\/li>\n<li>Adapter f\u00fcr Track III SURFACE.<\/li>\n<li>3000K, 3500K oder 4000K w\u00e4hlbar \u00fcber einen Schalter am Konverter.<\/li>\n<li>Nicht dimmbarer Konverter im Ger\u00e4t integriert.<\/li>\n<li>Sehr geringe Blendung dank optischem Design mit interner Totalreflexion.<\/li>\n<\/ul>\n","protected":false},"excerpt":{"rendered":"<p>Schienenstrahler f\u00fcr Akzentbeleuchtung. Adapter f\u00fcr Track III SURFACE. 3000K, 3500K oder 4000K w\u00e4hlbar \u00fcber einen Schalter am Konverter. Nicht dimmbarer Konverter im Ger\u00e4t integriert. Sehr geringe Blendung dank optischem Design mit interner Totalreflexion.<\/p>\n","protected":false},"featured_media":783908,"comment_status":"open","ping_status":"closed","template":"","meta":{"_acf_changed":false,"_relevanssi_hide_post":"","_relevanssi_hide_content":"","_relevanssi_pin_for_all":"","_relevanssi_pin_keywords":"","_relevanssi_unpin_keywords":"","_relevanssi_related_keywords":"","_relevanssi_related_include_ids":"","_relevanssi_related_exclude_ids":"","_relevanssi_related_no_append":"","_relevanssi_related_not_related":"","_relevanssi_related_posts":""},"product_brand":[],"product_cat":[65328],"product_tag":[],"family":[],"class_list":{"0":"post-767194","1":"product","2":"type-product","3":"status-publish","4":"has-post-thumbnail","6":"product_cat-3-phasen-de-stromschienensysteme-und-scheinwerfer-de-innenleuchten-de","7":"pa_ac-dc-de-ac-230v-dc-350ma-42v","8":"pa_angle-d-inclinaison-de-90","9":"pa_angle-de-rotation-de-350","10":"pa_anti-vandalisme-de-nein","11":"pa_avec-prises-usb-de-keine","12":"pa_batterie-rechargeable-usb-de-nein","13":"pa_canal-web-de-yes","14":"pa_cellules-solaires-de-nein","15":"pa_classe-energetique-liste-de-energieklasse-e","16":"pa_conformite-ce-de-ce-genehmigung","17":"pa_convertisseur-inclus-de-inklusive-konverter","18":"pa_convertisseur-remplacable-de-treiber-von-einem-elektriker-austauschbar","19":"pa_couleur-de-schwarz-matt","20":"pa_couleur-de-schwarz-matt-gebuerstetes-gold","21":"pa_couleur-de-schwarz-matt-gebuerstetes-nickel","22":"pa_couleur-de-schwarz-matt-gebuerstetes-rosa","23":"pa_couleur-de-schwarz-matt-satinbronze","24":"pa_couleur-de-weiss-matt","25":"pa_couleur-de-weiss-matt-gebuerstetes-gold","26":"pa_couleur-de-weiss-matt-gebuerstetes-nickel","27":"pa_couleur-de-weiss-matt-gebuerstetes-rosa","28":"pa_couleur-de-weiss-matt-satinbronze","29":"pa_description-technique-de-olyn-3-t-15w-1820lm-36-dim","30":"pa_detecteur-de-mouvement-de-nein","31":"pa_diametre-de-55","32":"pa_dimmable-de-nein","33":"pa_duree-de-vie-de-l80b10-50-000h","34":"pa_garantie-de-5-jahre","35":"pa_hauteur-de-163","36":"pa_irc-ra-de-cri90","37":"pa_largeur-de-faisceau-de-45","38":"pa_led-remplacable-de-led-von-einem-elektriker-austauschbar","39":"pa_lieu-de-montage-de-verwendung-nur-in-innenraeumen","40":"pa_longueur-de-162","41":"pa_matiere-corps-de-aluminium","42":"pa_montage-et-diffusion-de-nur-deckenmontage","43":"pa_nombre-de-sources-de-1","44":"pa_reference-indigo-de-tr50405","45":"pa_reference-indigo-de-tr50430","46":"pa_reference-indigo-de-tr50431","47":"pa_reference-indigo-de-tr50451","48":"pa_reference-indigo-de-tr50456","49":"pa_reference-indigo-de-tr50457","50":"pa_reference-indigo-de-tr50459","51":"pa_reference-indigo-de-tr50465","52":"pa_reference-indigo-de-tr50467","53":"pa_reference-indigo-de-tr50468","54":"pa_rg-risque-photobiologique-de-rg1","55":"pa_tarif-euro-de-11000","56":"pa_tarif-euro-de-13000","57":"pa_tarif-franc-suisse-de-11000","58":"pa_tarif-franc-suisse-de-13000","59":"pa_technologie-de-integrierte-led","60":"pa_temperature-de-couleur-de-wahl-der-farbtemperatur-3000-3500-4000k","61":"pa_test-au-fil-incandescent-de-850","62":"pa_type-de-montage-de-auf-schienen","63":"pa_type-de-selection-cct-de-auf-dem-konverter","64":"pa_type-de-variation-de-nicht-dimmbar","65":"pa_ugr-unified-glare-ratio-de-ugr-niedriger-als-10","67":"first","68":"instock","69":"shipping-taxable","70":"purchasable","71":"product-type-variable"},"acf":[],"_links":{"self":[{"href":"https:\/\/www.indigo-lighting.com\/de\/wp-json\/wp\/v2\/product\/767194","targetHints":{"allow":["GET"]}}],"collection":[{"href":"https:\/\/www.indigo-lighting.com\/de\/wp-json\/wp\/v2\/product"}],"about":[{"href":"https:\/\/www.indigo-lighting.com\/de\/wp-json\/wp\/v2\/types\/product"}],"replies":[{"embeddable":true,"href":"https:\/\/www.indigo-lighting.com\/de\/wp-json\/wp\/v2\/comments?post=767194"}],"wp:featuredmedia":[{"embeddable":true,"href":"https:\/\/www.indigo-lighting.com\/de\/wp-json\/wp\/v2\/media\/783908"}],"wp:attachment":[{"href":"https:\/\/www.indigo-lighting.com\/de\/wp-json\/wp\/v2\/media?parent=767194"}],"wp:term":[{"taxonomy":"product_brand","embeddable":true,"href":"https:\/\/www.indigo-lighting.com\/de\/wp-json\/wp\/v2\/product_brand?post=767194"},{"taxonomy":"product_cat","embeddable":true,"href":"https:\/\/www.indigo-lighting.com\/de\/wp-json\/wp\/v2\/product_cat?post=767194"},{"taxonomy":"product_tag","embeddable":true,"href":"https:\/\/www.indigo-lighting.com\/de\/wp-json\/wp\/v2\/product_tag?post=767194"},{"taxonomy":"family","embeddable":true,"href":"https:\/\/www.indigo-lighting.com\/de\/wp-json\/wp\/v2\/family?post=767194"}],"curies":[{"name":"wp","href":"https:\/\/api.w.org\/{rel}","templated":true}]}}