{"id":767168,"date":"2026-02-18T11:50:52","date_gmt":"2025-10-13T13:16:00","guid":{"rendered":"https:\/\/www.indigo-lighting.com\/product\/floria-3-2\/"},"modified":"2026-03-30T20:08:14","modified_gmt":"2026-03-30T18:08:14","slug":"floria-3","status":"publish","type":"product","link":"https:\/\/www.indigo-lighting.com\/de\/product\/floria-3\/","title":{"rendered":"FLORIA 3"},"content":{"rendered":"<ul>\n<li>Dekorative Spike-Leuchte f\u00fcr die Au\u00dfenbeleuchtung.<\/li>\n<li>Neigbarer und austauschbarer Kopf.<\/li>\n<li>Verf\u00fcgbare Masth\u00f6hen: 415, 615 oder 915mm.<\/li>\n<li>2m Kabel und Erdspie\u00df im Lieferumfang enthalten.<\/li>\n<li>Nicht dimmbar.<\/li>\n<li>24VDC-Konverter muss separat bestellt werden.<\/li>\n<li>Der Konverter kann in einer Entfernung von bis zu 40m aufgestellt werden.<\/li>\n<\/ul>\n","protected":false},"excerpt":{"rendered":"<p>Dekorative Spike-Leuchte f\u00fcr die Au\u00dfenbeleuchtung. Neigbarer und austauschbarer Kopf. Verf\u00fcgbare Masth\u00f6hen: 415, 615 oder 915mm. 2m Kabel und Erdspie\u00df im Lieferumfang enthalten. Nicht dimmbar. 24VDC-Konverter muss separat bestellt werden. Der Konverter kann in einer Entfernung von bis zu 40m aufgestellt werden.<\/p>\n","protected":false},"featured_media":784493,"comment_status":"open","ping_status":"closed","template":"","meta":{"_acf_changed":false,"_relevanssi_hide_post":"","_relevanssi_hide_content":"","_relevanssi_pin_for_all":"","_relevanssi_pin_keywords":"","_relevanssi_unpin_keywords":"","_relevanssi_related_keywords":"","_relevanssi_related_include_ids":"","_relevanssi_related_exclude_ids":"","_relevanssi_related_no_append":"","_relevanssi_related_not_related":"","_relevanssi_related_posts":""},"product_brand":[],"product_cat":[54515],"product_tag":[],"family":[],"class_list":{"0":"post-767168","1":"product","2":"type-product","3":"status-publish","4":"has-post-thumbnail","6":"product_cat-erdspiessleuchten-de-aussenleuchten-de","7":"pa_ac-dc-de-dc-24v","8":"pa_anti-vandalisme-de-nein","9":"pa_avec-prises-usb-de-keine","10":"pa_batterie-rechargeable-usb-de-nein","11":"pa_canal-web-de-yes","12":"pa_cellules-solaires-de-nein","13":"pa_classe-energetique-liste-de-energieklasse-g","14":"pa_conformite-ce-de-ce-genehmigung","15":"pa_convertisseur-inclus-de-konverter-separat-bestellen","16":"pa_couleur-de-schwarz-matt","17":"pa_description-technique-de-floria-3-48w-2700k-240lm-120-ip65","18":"pa_description-technique-de-floria-3-48w-3000k-260lm-120-ip65","19":"pa_detecteur-de-mouvement-de-nein","20":"pa_diametre-de-80","21":"pa_dimmable-de-nein","22":"pa_duree-de-vie-de-l80b20-50-000h","23":"pa_flux-lumineux-luminaire-de-260","24":"pa_flux-lumineux-luminaire-de-300","25":"pa_flux-lumineux-source-de-490","26":"pa_flux-lumineux-source-de-510","27":"pa_garantie-de-5-jahre","28":"pa_hauteur-de-1086","29":"pa_hauteur-de-586","30":"pa_hauteur-de-786","31":"pa_irc-ra-de-cri90","32":"pa_largeur-de-61","33":"pa_largeur-de-faisceau-de-120","34":"pa_led-remplacable-de-led-von-einem-elektriker-austauschbar","35":"pa_lieu-de-montage-de-verwendung-im-freien-und-in-innenraeumen","36":"pa_longueur-de-190","37":"pa_matiere-corps-de-aluminium","38":"pa_montage-et-diffusion-de-nur-bodenmontage-scheinwerfer","39":"pa_nombre-de-sources-de-1","40":"pa_reference-indigo-de-ou530sw05","41":"pa_reference-indigo-de-ou530ww05","42":"pa_reference-indigo-de-ou531sw05","43":"pa_reference-indigo-de-ou531ww05","44":"pa_reference-indigo-de-ou532sw05","45":"pa_reference-indigo-de-ou532ww05","46":"pa_rg-risque-photobiologique-de-rg1","47":"pa_tarif-euro-de-19000","48":"pa_tarif-euro-de-20000","49":"pa_tarif-euro-de-21000","50":"pa_tarif-franc-suisse-de-19000","51":"pa_tarif-franc-suisse-de-20000","52":"pa_tarif-franc-suisse-de-21000","53":"pa_technologie-de-integrierte-led","54":"pa_temperature-de-couleur-de-2700k","55":"pa_temperature-de-couleur-de-3000k","56":"pa_test-au-fil-incandescent-de-650","57":"pa_type-de-montage-de-angebaut","58":"pa_type-de-variation-de-nicht-dimmbar","60":"first","61":"instock","62":"shipping-taxable","63":"purchasable","64":"product-type-variable"},"acf":[],"_links":{"self":[{"href":"https:\/\/www.indigo-lighting.com\/de\/wp-json\/wp\/v2\/product\/767168","targetHints":{"allow":["GET"]}}],"collection":[{"href":"https:\/\/www.indigo-lighting.com\/de\/wp-json\/wp\/v2\/product"}],"about":[{"href":"https:\/\/www.indigo-lighting.com\/de\/wp-json\/wp\/v2\/types\/product"}],"replies":[{"embeddable":true,"href":"https:\/\/www.indigo-lighting.com\/de\/wp-json\/wp\/v2\/comments?post=767168"}],"wp:featuredmedia":[{"embeddable":true,"href":"https:\/\/www.indigo-lighting.com\/de\/wp-json\/wp\/v2\/media\/784493"}],"wp:attachment":[{"href":"https:\/\/www.indigo-lighting.com\/de\/wp-json\/wp\/v2\/media?parent=767168"}],"wp:term":[{"taxonomy":"product_brand","embeddable":true,"href":"https:\/\/www.indigo-lighting.com\/de\/wp-json\/wp\/v2\/product_brand?post=767168"},{"taxonomy":"product_cat","embeddable":true,"href":"https:\/\/www.indigo-lighting.com\/de\/wp-json\/wp\/v2\/product_cat?post=767168"},{"taxonomy":"product_tag","embeddable":true,"href":"https:\/\/www.indigo-lighting.com\/de\/wp-json\/wp\/v2\/product_tag?post=767168"},{"taxonomy":"family","embeddable":true,"href":"https:\/\/www.indigo-lighting.com\/de\/wp-json\/wp\/v2\/family?post=767168"}],"curies":[{"name":"wp","href":"https:\/\/api.w.org\/{rel}","templated":true}]}}