{"id":589416,"date":"2025-05-13T10:36:50","date_gmt":"2024-10-09T13:59:09","guid":{"rendered":"https:\/\/www.indigo-lighting.com\/product\/alto-2-gu10\/"},"modified":"2026-03-30T20:50:26","modified_gmt":"2026-03-30T18:50:26","slug":"alto-2-gu10","status":"publish","type":"product","link":"https:\/\/www.indigo-lighting.com\/de\/product\/alto-2-gu10\/","title":{"rendered":"ALTO 2 GU10"},"content":{"rendered":"<ul>\n<li>Wandleuchte f\u00fcr Au\u00dfenbeleuchtung.<\/li>\n<li>Diffusoren aus klarem geh\u00e4rtetem Glas.<\/li>\n<li>Up- und Downlight.<\/li>\n<\/ul>\n","protected":false},"excerpt":{"rendered":"<p>Wandleuchte f\u00fcr Au\u00dfenbeleuchtung. Diffusoren aus klarem geh\u00e4rtetem Glas. Up- und Downlight.<\/p>\n","protected":false},"featured_media":775954,"comment_status":"open","ping_status":"closed","template":"","meta":{"_acf_changed":false,"_relevanssi_hide_post":"","_relevanssi_hide_content":"","_relevanssi_pin_for_all":"","_relevanssi_pin_keywords":"","_relevanssi_unpin_keywords":"","_relevanssi_related_keywords":"","_relevanssi_related_include_ids":"","_relevanssi_related_exclude_ids":"","_relevanssi_related_no_append":"","_relevanssi_related_not_related":"","_relevanssi_related_posts":""},"product_brand":[],"product_cat":[54518,54518],"product_tag":[],"family":[],"class_list":{"0":"post-589416","1":"product","2":"type-product","3":"status-publish","4":"has-post-thumbnail","6":"product_cat-wandleuchten-de-aussenleuchten-de","8":"pa_ac-dc-de-ac-230v","9":"pa_anti-vandalisme-de-nein","10":"pa_avec-prises-usb-de-keine","11":"pa_batterie-rechargeable-usb-de-nein","12":"pa_canal-web-de-yes","13":"pa_cellules-solaires-de-nein","14":"pa_conformite-ce-de-ce-genehmigung","15":"pa_couleur-de-schwarz-matt","16":"pa_description-technique-de-alto-2-gu10-max-2x7w-ip54","17":"pa_detecteur-de-mouvement-de-nein","18":"pa_diametre-de-80","19":"pa_garantie-de-3-jahre","20":"pa_hauteur-de-170","21":"pa_lieu-de-montage-de-verwendung-im-freien-und-in-innenraeumen","22":"pa_longueur-de-106","23":"pa_matiere-corps-de-aluminiumguss","24":"pa_montage-et-diffusion-de-montage-nur-an-einer-wand-nach-unten-und-oben","25":"pa_nombre-de-lampes-de-2","26":"pa_nombre-de-sources-de-2","27":"pa_nombre-de-sources-norme-de-2","28":"pa_puissance-maximum-des-lampes-de-2x7","29":"pa_reference-indigo-de-ou50905","30":"pa_soquet-de-gu10","31":"pa_source-remplacable-de-lichtquelle-vom-endbenutzer-austauschbar","32":"pa_surface-de-montage-de-wand","33":"pa_tarif-euro-de-8000","34":"pa_tarif-franc-suisse-de-8000","35":"pa_technologie-de-lampe-nicht-inbegriffen","36":"pa_test-au-fil-incandescent-de-650","37":"pa_type-de-lampes-de-par16-led","38":"pa_type-de-montage-de-angebaut","40":"first","41":"instock","42":"shipping-taxable","43":"purchasable","44":"product-type-variable"},"acf":[],"_links":{"self":[{"href":"https:\/\/www.indigo-lighting.com\/de\/wp-json\/wp\/v2\/product\/589416","targetHints":{"allow":["GET"]}}],"collection":[{"href":"https:\/\/www.indigo-lighting.com\/de\/wp-json\/wp\/v2\/product"}],"about":[{"href":"https:\/\/www.indigo-lighting.com\/de\/wp-json\/wp\/v2\/types\/product"}],"replies":[{"embeddable":true,"href":"https:\/\/www.indigo-lighting.com\/de\/wp-json\/wp\/v2\/comments?post=589416"}],"wp:featuredmedia":[{"embeddable":true,"href":"https:\/\/www.indigo-lighting.com\/de\/wp-json\/wp\/v2\/media\/775954"}],"wp:attachment":[{"href":"https:\/\/www.indigo-lighting.com\/de\/wp-json\/wp\/v2\/media?parent=589416"}],"wp:term":[{"taxonomy":"product_brand","embeddable":true,"href":"https:\/\/www.indigo-lighting.com\/de\/wp-json\/wp\/v2\/product_brand?post=589416"},{"taxonomy":"product_cat","embeddable":true,"href":"https:\/\/www.indigo-lighting.com\/de\/wp-json\/wp\/v2\/product_cat?post=589416"},{"taxonomy":"product_tag","embeddable":true,"href":"https:\/\/www.indigo-lighting.com\/de\/wp-json\/wp\/v2\/product_tag?post=589416"},{"taxonomy":"family","embeddable":true,"href":"https:\/\/www.indigo-lighting.com\/de\/wp-json\/wp\/v2\/family?post=589416"}],"curies":[{"name":"wp","href":"https:\/\/api.w.org\/{rel}","templated":true}]}}