{"id":587273,"date":"2025-05-13T10:36:50","date_gmt":"2024-09-30T09:53:46","guid":{"rendered":"https:\/\/www.indigo-lighting.com\/product\/spotty-2-p-2\/"},"modified":"2026-03-30T20:40:16","modified_gmt":"2026-03-30T18:40:16","slug":"spotty-2-p","status":"publish","type":"product","link":"https:\/\/www.indigo-lighting.com\/de\/product\/spotty-2-p\/","title":{"rendered":"SPOTTY 2 P"},"content":{"rendered":"<ul>\n<li>Akzentspot f\u00fcr die Au\u00dfenbeleuchtung.<\/li>\n<li>Einstellbare Stange: 30, 60 oder 90 cm.<\/li>\n<li>Erdspie\u00df oder Befestigungsbasis und Verankerungsset m\u00fcssen separat bestellt werden.<\/li>\n<li>Nicht dimmbarer Konverter in der Leuchte integriert.<\/li>\n<\/ul>\n","protected":false},"excerpt":{"rendered":"<p>Akzentspot f\u00fcr die Au\u00dfenbeleuchtung. Einstellbare Stange: 30, 60 oder 90 cm. Erdspie\u00df oder Befestigungsbasis und Verankerungsset m\u00fcssen separat bestellt werden. Nicht dimmbarer Konverter in der Leuchte integriert.<\/p>\n","protected":false},"featured_media":784888,"comment_status":"open","ping_status":"closed","template":"","meta":{"_acf_changed":false,"_relevanssi_hide_post":"","_relevanssi_hide_content":"","_relevanssi_pin_for_all":"","_relevanssi_pin_keywords":"","_relevanssi_unpin_keywords":"","_relevanssi_related_keywords":"","_relevanssi_related_include_ids":"","_relevanssi_related_exclude_ids":"","_relevanssi_related_no_append":"","_relevanssi_related_not_related":"","_relevanssi_related_posts":""},"product_brand":[],"product_cat":[54515,54515],"product_tag":[],"family":[],"class_list":{"0":"post-587273","1":"product","2":"type-product","3":"status-publish","4":"has-post-thumbnail","6":"product_cat-erdspiessleuchten-de-aussenleuchten-de","8":"pa_angle-d-inclinaison-de-90","9":"pa_angle-de-rotation-de-320","10":"pa_anti-vandalisme-de-nein","11":"pa_batterie-rechargeable-usb-de-nein","12":"pa_canal-web-de-yes","13":"pa_cellules-solaires-de-nein","14":"pa_classe-energetique-liste-de-energieklasse-d","15":"pa_conformite-ce-de-ce-genehmigung","16":"pa_convertisseur-inclus-de-inklusive-konverter-schutzklasse-ii","17":"pa_convertisseur-remplacable-de-treiber-von-einem-elektriker-austauschbar","18":"pa_couleur-de-anthrazit","19":"pa_description-technique-de-spotty-2-p-115w-3000k-2x600lm-30-ip66","20":"pa_detecteur-de-mouvement-de-nein","21":"pa_diametre-de-40","22":"pa_dimmable-de-nein","23":"pa_duree-de-vie-de-l70b50-50-000h","24":"pa_flux-lumineux-luminaire-de-800","25":"pa_flux-lumineux-source-de-2x600","26":"pa_garantie-de-5-jahre","27":"pa_hauteur-de-900","28":"pa_irc-ra-de-cri80","29":"pa_largeur-de-30","30":"pa_largeur-de-faisceau-de-30","31":"pa_led-remplacable-de-led-von-einem-elektriker-austauschbar","32":"pa_lieu-de-montage-de-verwendung-nur-im-freien","33":"pa_longueur-de-120","34":"pa_matiere-corps-de-aluminium","35":"pa_montage-et-diffusion-de-nur-bodenmontage-scheinwerfer","36":"pa_new-de-new","37":"pa_nombre-de-sources-de-2","38":"pa_puissance-luminaire-de-115","39":"pa_reference-indigo-de-pt090-02-m-3k-a","40":"pa_rg-risque-photobiologique-de-rg1","41":"pa_surface-de-montage-de-boden","42":"pa_tarif-euro-de-35000","43":"pa_tarif-franc-suisse-de-35000","44":"pa_technologie-de-integrierte-led","45":"pa_temperature-de-couleur-de-3000k","46":"pa_test-au-fil-incandescent-de-650","47":"pa_type-de-montage-de-angebaut","48":"pa_type-de-variation-de-nicht-dimmbar","50":"first","51":"instock","52":"shipping-taxable","53":"purchasable","54":"product-type-variable"},"acf":[],"_links":{"self":[{"href":"https:\/\/www.indigo-lighting.com\/de\/wp-json\/wp\/v2\/product\/587273","targetHints":{"allow":["GET"]}}],"collection":[{"href":"https:\/\/www.indigo-lighting.com\/de\/wp-json\/wp\/v2\/product"}],"about":[{"href":"https:\/\/www.indigo-lighting.com\/de\/wp-json\/wp\/v2\/types\/product"}],"replies":[{"embeddable":true,"href":"https:\/\/www.indigo-lighting.com\/de\/wp-json\/wp\/v2\/comments?post=587273"}],"wp:featuredmedia":[{"embeddable":true,"href":"https:\/\/www.indigo-lighting.com\/de\/wp-json\/wp\/v2\/media\/784888"}],"wp:attachment":[{"href":"https:\/\/www.indigo-lighting.com\/de\/wp-json\/wp\/v2\/media?parent=587273"}],"wp:term":[{"taxonomy":"product_brand","embeddable":true,"href":"https:\/\/www.indigo-lighting.com\/de\/wp-json\/wp\/v2\/product_brand?post=587273"},{"taxonomy":"product_cat","embeddable":true,"href":"https:\/\/www.indigo-lighting.com\/de\/wp-json\/wp\/v2\/product_cat?post=587273"},{"taxonomy":"product_tag","embeddable":true,"href":"https:\/\/www.indigo-lighting.com\/de\/wp-json\/wp\/v2\/product_tag?post=587273"},{"taxonomy":"family","embeddable":true,"href":"https:\/\/www.indigo-lighting.com\/de\/wp-json\/wp\/v2\/family?post=587273"}],"curies":[{"name":"wp","href":"https:\/\/api.w.org\/{rel}","templated":true}]}}