{"id":587044,"date":"2025-05-13T10:36:50","date_gmt":"2024-10-09T13:54:08","guid":{"rendered":"https:\/\/www.indigo-lighting.com\/product\/luxi-65-gu10\/"},"modified":"2026-03-30T20:13:25","modified_gmt":"2026-03-30T18:13:25","slug":"luxi-65-gu10","status":"publish","type":"product","link":"https:\/\/www.indigo-lighting.com\/de\/product\/luxi-65-gu10\/","title":{"rendered":"LUXI 65 GU10"},"content":{"rendered":"<ul>\n<li>Akzentspot f\u00fcr die Au\u00dfenbeleuchtung.<\/li>\n<li>Inklusive Kabel 2.00m und Erdspie\u00df.<\/li>\n<\/ul>\n","protected":false},"excerpt":{"rendered":"<p>Akzentspot f\u00fcr die Au\u00dfenbeleuchtung. Inklusive Kabel 2.00m und Erdspie\u00df.<\/p>\n","protected":false},"featured_media":776462,"comment_status":"open","ping_status":"closed","template":"","meta":{"_acf_changed":false,"_relevanssi_hide_post":"","_relevanssi_hide_content":"","_relevanssi_pin_for_all":"","_relevanssi_pin_keywords":"","_relevanssi_unpin_keywords":"","_relevanssi_related_keywords":"","_relevanssi_related_include_ids":"","_relevanssi_related_exclude_ids":"","_relevanssi_related_no_append":"","_relevanssi_related_not_related":"","_relevanssi_related_posts":""},"product_brand":[],"product_cat":[54515,54515],"product_tag":[],"family":[],"class_list":{"0":"post-587044","1":"product","2":"type-product","3":"status-publish","4":"has-post-thumbnail","6":"product_cat-erdspiessleuchten-de-aussenleuchten-de","8":"pa_ac-dc-de-ac-230v","9":"pa_angle-d-inclinaison-de-90","10":"pa_angle-de-rotation-de-355","11":"pa_anti-vandalisme-de-nein","12":"pa_avec-prises-usb-de-keine","13":"pa_batterie-rechargeable-usb-de-nein","14":"pa_canal-web-de-yes","15":"pa_cellules-solaires-de-nein","16":"pa_conformite-ce-de-ce-genehmigung","17":"pa_couleur-de-anthrazit","18":"pa_description-technique-de-luxi-65-gu10-max11w-par16-ip54","19":"pa_detecteur-de-mouvement-de-nein","20":"pa_diametre-de-65","21":"pa_garantie-de-3-jahre","22":"pa_hauteur-de-432","23":"pa_lieu-de-montage-de-verwendung-nur-im-freien","24":"pa_longueur-de-95","25":"pa_matiere-corps-de-aluminiumguss","26":"pa_montage-et-diffusion-de-nur-bodenmontage-scheinwerfer","27":"pa_nombre-de-lampes-de-1","28":"pa_nombre-de-sources-de-1","29":"pa_nombre-de-sources-norme-de-1","30":"pa_puissance-maximum-des-lampes-de-11","31":"pa_reference-indigo-de-ou10824","32":"pa_soquet-de-gu10","33":"pa_source-remplacable-de-lichtquelle-vom-endbenutzer-austauschbar","34":"pa_surface-de-montage-de-boden","35":"pa_tarif-euro-de-6900","36":"pa_tarif-franc-suisse-de-6900","37":"pa_technologie-de-lampe-nicht-inbegriffen","38":"pa_test-au-fil-incandescent-de-650","39":"pa_type-de-lampes-de-par16-led","40":"pa_type-de-montage-de-angebaut","42":"first","43":"instock","44":"shipping-taxable","45":"purchasable","46":"product-type-variable"},"acf":[],"_links":{"self":[{"href":"https:\/\/www.indigo-lighting.com\/de\/wp-json\/wp\/v2\/product\/587044","targetHints":{"allow":["GET"]}}],"collection":[{"href":"https:\/\/www.indigo-lighting.com\/de\/wp-json\/wp\/v2\/product"}],"about":[{"href":"https:\/\/www.indigo-lighting.com\/de\/wp-json\/wp\/v2\/types\/product"}],"replies":[{"embeddable":true,"href":"https:\/\/www.indigo-lighting.com\/de\/wp-json\/wp\/v2\/comments?post=587044"}],"wp:featuredmedia":[{"embeddable":true,"href":"https:\/\/www.indigo-lighting.com\/de\/wp-json\/wp\/v2\/media\/776462"}],"wp:attachment":[{"href":"https:\/\/www.indigo-lighting.com\/de\/wp-json\/wp\/v2\/media?parent=587044"}],"wp:term":[{"taxonomy":"product_brand","embeddable":true,"href":"https:\/\/www.indigo-lighting.com\/de\/wp-json\/wp\/v2\/product_brand?post=587044"},{"taxonomy":"product_cat","embeddable":true,"href":"https:\/\/www.indigo-lighting.com\/de\/wp-json\/wp\/v2\/product_cat?post=587044"},{"taxonomy":"product_tag","embeddable":true,"href":"https:\/\/www.indigo-lighting.com\/de\/wp-json\/wp\/v2\/product_tag?post=587044"},{"taxonomy":"family","embeddable":true,"href":"https:\/\/www.indigo-lighting.com\/de\/wp-json\/wp\/v2\/family?post=587044"}],"curies":[{"name":"wp","href":"https:\/\/api.w.org\/{rel}","templated":true}]}}