{"id":586199,"date":"2025-05-13T10:36:50","date_gmt":"2024-10-18T07:01:27","guid":{"rendered":"https:\/\/www.indigo-lighting.com\/product\/tilt-5-2\/"},"modified":"2026-03-30T20:17:59","modified_gmt":"2026-03-30T18:17:59","slug":"tilt-5","status":"publish","type":"product","link":"https:\/\/www.indigo-lighting.com\/de\/product\/tilt-5\/","title":{"rendered":"TILT 5"},"content":{"rendered":"<ul>\n<li>Runder Bodeneinbauspot mit einstellbarer Lichtquelle.<\/li>\n<li>Klarer Glassdiffusor.<\/li>\n<li>Belastbar bis 2000 kg (maximal 24 km\/h).<\/li>\n<li>Edelstahl 316 f\u00fcr K\u00fcstengebiete.<\/li>\n<li>Einbauh\u00fclse und 1m H05RN-F Kabel (3&#215;1.0mm\u00b2) im Lieferumfang enthalten.<\/li>\n<li>Dimmbarer Konverter im Ger\u00e4t integriert.<\/li>\n<li>Kompatibel mit Phasenan- und Phasenabschnittsdimmer.<\/li>\n<li>Wasserdichte Anschlussbox separat bestellen.<\/li>\n<\/ul>\n","protected":false},"excerpt":{"rendered":"<p>Runder Bodeneinbauspot mit einstellbarer Lichtquelle. Klarer Glassdiffusor. Belastbar bis 2000 kg (maximal 24 km\/h). Edelstahl 316 f\u00fcr K\u00fcstengebiete. Einbauh\u00fclse und 1m H05RN-F Kabel (3&#215;1.0mm\u00b2) im Lieferumfang enthalten. Dimmbarer Konverter im Ger\u00e4t integriert. Kompatibel mit Phasenan- und Phasenabschnittsdimmer. Wasserdichte Anschlussbox separat bestellen.<\/p>\n","protected":false},"featured_media":778186,"comment_status":"open","ping_status":"closed","template":"","meta":{"_acf_changed":false,"_relevanssi_hide_post":"","_relevanssi_hide_content":"","_relevanssi_pin_for_all":"","_relevanssi_pin_keywords":"","_relevanssi_unpin_keywords":"","_relevanssi_related_keywords":"","_relevanssi_related_include_ids":"","_relevanssi_related_exclude_ids":"","_relevanssi_related_no_append":"","_relevanssi_related_not_related":"","_relevanssi_related_posts":""},"product_brand":[],"product_cat":[54514,54514],"product_tag":[],"family":[],"class_list":{"0":"post-586199","1":"product","2":"type-product","3":"status-publish","4":"has-post-thumbnail","6":"product_cat-bodeneinbauleuchten-de-aussenleuchten-de","8":"pa_ac-dc-de-ac-230v-dc-700ma","9":"pa_angle-d-inclinaison-de-25","10":"pa_anti-vandalisme-de-gegen-vandalismus-geschuetzt","11":"pa_avec-prises-usb-de-keine","12":"pa_batterie-rechargeable-usb-de-nein","13":"pa_canal-web-de-yes","14":"pa_cellules-solaires-de-nein","15":"pa_classe-energetique-liste-de-energieklasse-e","16":"pa_conformite-ce-de-ce-genehmigung","17":"pa_convertisseur-inclus-de-inklusive-konverter","18":"pa_couleur-de-edelstahl","19":"pa_description-technique-de-tilt-5-30w-3000k-4000lm-34-dim-ip67","20":"pa_detecteur-de-mouvement-de-nein","21":"pa_diametre-de-250","22":"pa_dimmable-de-ja","23":"pa_duree-de-vie-de-l80b20-50-000h","24":"pa_flux-lumineux-luminaire-de-3300","25":"pa_flux-lumineux-source-de-4000","26":"pa_garantie-de-5-jahre","27":"pa_hauteur-de-190","28":"pa_irc-ra-de-cri80","29":"pa_largeur-de-faisceau-de-34","30":"pa_lieu-de-montage-de-verwendung-nur-im-freien","31":"pa_matiere-corps-de-inox-316","32":"pa_montage-et-diffusion-de-nur-unterflurmontage-im-boden","33":"pa_new-de-new","34":"pa_nombre-de-sources-de-1","35":"pa_puissance-luminaire-de-30","36":"pa_reference-indigo-de-gltms223t30","37":"pa_rg-risque-photobiologique-de-rg0","38":"pa_surface-de-montage-de-boden","39":"pa_tarif-euro-de-103000","40":"pa_tarif-franc-suisse-de-103000","41":"pa_technologie-de-integrierte-led","42":"pa_temperature-de-couleur-de-3000k","43":"pa_type-de-montage-de-eingebaut","44":"pa_type-de-variation-de-dimmbar-phasenabschnitt","46":"first","47":"instock","48":"shipping-taxable","49":"purchasable","50":"product-type-variable"},"acf":[],"_links":{"self":[{"href":"https:\/\/www.indigo-lighting.com\/de\/wp-json\/wp\/v2\/product\/586199","targetHints":{"allow":["GET"]}}],"collection":[{"href":"https:\/\/www.indigo-lighting.com\/de\/wp-json\/wp\/v2\/product"}],"about":[{"href":"https:\/\/www.indigo-lighting.com\/de\/wp-json\/wp\/v2\/types\/product"}],"replies":[{"embeddable":true,"href":"https:\/\/www.indigo-lighting.com\/de\/wp-json\/wp\/v2\/comments?post=586199"}],"wp:featuredmedia":[{"embeddable":true,"href":"https:\/\/www.indigo-lighting.com\/de\/wp-json\/wp\/v2\/media\/778186"}],"wp:attachment":[{"href":"https:\/\/www.indigo-lighting.com\/de\/wp-json\/wp\/v2\/media?parent=586199"}],"wp:term":[{"taxonomy":"product_brand","embeddable":true,"href":"https:\/\/www.indigo-lighting.com\/de\/wp-json\/wp\/v2\/product_brand?post=586199"},{"taxonomy":"product_cat","embeddable":true,"href":"https:\/\/www.indigo-lighting.com\/de\/wp-json\/wp\/v2\/product_cat?post=586199"},{"taxonomy":"product_tag","embeddable":true,"href":"https:\/\/www.indigo-lighting.com\/de\/wp-json\/wp\/v2\/product_tag?post=586199"},{"taxonomy":"family","embeddable":true,"href":"https:\/\/www.indigo-lighting.com\/de\/wp-json\/wp\/v2\/family?post=586199"}],"curies":[{"name":"wp","href":"https:\/\/api.w.org\/{rel}","templated":true}]}}