{"id":386657,"date":"2025-05-13T10:36:50","date_gmt":"2023-11-27T12:55:06","guid":{"rendered":"https:\/\/www.indigo-lighting.com\/product\/timy-3\/"},"modified":"2026-01-29T16:42:06","modified_gmt":"2026-01-29T14:42:06","slug":"timy","status":"publish","type":"product","link":"https:\/\/www.indigo-lighting.com\/de\/product\/timy\/","title":{"rendered":"TIMY"},"content":{"rendered":"<p>Wand- oder Deckenleuchte f\u00fcr die Innen- und Au\u00dfenbeleuchtung.<br \/>\n3000K oder 4000K nach Wahl \u00fcber einen Schalter in der Leuchte.<br \/>\nMit vandalismussicheren Schrauben und Schraubenschl\u00fcssel.<br \/>\nIn der Leuchte integrierter nicht dimmbarer Konverter.<\/p>\n","protected":false},"excerpt":{"rendered":"<p>Wand- oder Deckenleuchte f\u00fcr die Innen- und Au\u00dfenbeleuchtung. 3000K oder 4000K nach Wahl \u00fcber einen Schalter in der Leuchte. Mit vandalismussicheren Schrauben und Schraubenschl\u00fcssel. In der Leuchte integrierter nicht dimmbarer Konverter.<\/p>\n","protected":false},"featured_media":776857,"comment_status":"open","ping_status":"closed","template":"","meta":{"_acf_changed":false,"_relevanssi_hide_post":"","_relevanssi_hide_content":"","_relevanssi_pin_for_all":"","_relevanssi_pin_keywords":"","_relevanssi_unpin_keywords":"","_relevanssi_related_keywords":"","_relevanssi_related_include_ids":"","_relevanssi_related_exclude_ids":"","_relevanssi_related_no_append":"","_relevanssi_related_not_related":"","_relevanssi_related_posts":""},"product_brand":[],"product_cat":[44375,44375],"product_tag":[],"family":[],"class_list":{"0":"post-386657","1":"product","2":"type-product","3":"status-publish","4":"has-post-thumbnail","6":"product_cat-aussenwandleuchten-de-innenleuchten-de","8":"pa_ac-dc-de-ac-230v","9":"pa_anti-vandalisme-de-gegen-vandalismus-geschutzt","10":"pa_avec-prises-usb-de-keine","11":"pa_batterie-rechargeable-usb-de-nein","12":"pa_cellules-solaires-de-nein","13":"pa_classe-energetique-liste-de-energieklasse-f","14":"pa_conformite-ce-de-ce-genehmigung","15":"pa_convertisseur-inclus-de-inklusive-konverter","16":"pa_convertisseur-remplacable-de-treiber-von-einem-elektriker-austauschbar","17":"pa_couleur-de-schwarz","18":"pa_couleur-de-weiss","19":"pa_description-technique-de-timy-25w-2350lm-3000-4000k-ip66","20":"pa_detecteur-de-mouvement-de-nein","21":"pa_diametre-de-300","22":"pa_dimmable-de-nein","23":"pa_duree-de-vie-de-l70b50-50-000h","24":"pa_garantie-de-3-jahre","25":"pa_hauteur-de-90","26":"pa_irc-ra-de-cri80","27":"pa_largeur-de-faisceau-de-110","28":"pa_led-remplacable-de-led-von-einem-elektriker-austauschbar","29":"pa_lieu-de-montage-de-verwendung-im-freien-und-in-innenraumen","30":"pa_matiere-corps-de-polycarbonat","31":"pa_montage-et-diffusion-de-nur-wand-oder-deckenmontage","32":"pa_nombre-de-sources-de-1","33":"pa_nombre-de-sources-norme-de-1","34":"pa_puissance-luminaire-de-25","35":"pa_reference-indigo-de-tp1139ww30","36":"pa_reference-indigo-de-tp1139ww31","37":"pa_rg-risque-photobiologique-de-rg0","38":"pa_surface-de-montage-de-wand-und-decke","39":"pa_tarif-euro-de-8400","40":"pa_tarif-franc-suisse-de-8400","41":"pa_technologie-de-integrierte-led","42":"pa_temperature-de-couleur-de-wahl-der-farbtemperatur-3000-4000k","43":"pa_test-au-fil-incandescent-de-850","44":"pa_type-de-montage-de-angebaut","45":"pa_type-de-selection-cct-de-in-der-leuchte","46":"pa_type-de-variation-de-nicht-dimmbar","48":"first","49":"instock","50":"shipping-taxable","51":"purchasable","52":"product-type-variable"},"acf":[],"_links":{"self":[{"href":"https:\/\/www.indigo-lighting.com\/de\/wp-json\/wp\/v2\/product\/386657","targetHints":{"allow":["GET"]}}],"collection":[{"href":"https:\/\/www.indigo-lighting.com\/de\/wp-json\/wp\/v2\/product"}],"about":[{"href":"https:\/\/www.indigo-lighting.com\/de\/wp-json\/wp\/v2\/types\/product"}],"replies":[{"embeddable":true,"href":"https:\/\/www.indigo-lighting.com\/de\/wp-json\/wp\/v2\/comments?post=386657"}],"wp:featuredmedia":[{"embeddable":true,"href":"https:\/\/www.indigo-lighting.com\/de\/wp-json\/wp\/v2\/media\/776857"}],"wp:attachment":[{"href":"https:\/\/www.indigo-lighting.com\/de\/wp-json\/wp\/v2\/media?parent=386657"}],"wp:term":[{"taxonomy":"product_brand","embeddable":true,"href":"https:\/\/www.indigo-lighting.com\/de\/wp-json\/wp\/v2\/product_brand?post=386657"},{"taxonomy":"product_cat","embeddable":true,"href":"https:\/\/www.indigo-lighting.com\/de\/wp-json\/wp\/v2\/product_cat?post=386657"},{"taxonomy":"product_tag","embeddable":true,"href":"https:\/\/www.indigo-lighting.com\/de\/wp-json\/wp\/v2\/product_tag?post=386657"},{"taxonomy":"family","embeddable":true,"href":"https:\/\/www.indigo-lighting.com\/de\/wp-json\/wp\/v2\/family?post=386657"}],"curies":[{"name":"wp","href":"https:\/\/api.w.org\/{rel}","templated":true}]}}