{"id":386640,"date":"2025-05-13T10:36:50","date_gmt":"2024-06-18T08:12:38","guid":{"rendered":"https:\/\/www.indigo-lighting.com\/product\/lidy-sensor-3\/"},"modified":"2026-03-30T19:19:08","modified_gmt":"2026-03-30T17:19:08","slug":"lidy-sensor","status":"publish","type":"product","link":"https:\/\/www.indigo-lighting.com\/de\/product\/lidy-sensor\/","title":{"rendered":"LIDY SENSOR"},"content":{"rendered":"<ul>\n<li>Wand- oder Deckenleuchte f\u00fcr die Innen- und Au\u00dfenbeleuchtung.<\/li>\n<li>3000K oder 4000K nach Wahl \u00fcber einen Schalter in der Leuchte.<\/li>\n<li>Mit HF-Melder 360\u00b0, Erkennungsbereich einstellbar bis max. 10 m Durchmesser.<\/li>\n<li>Master\/Slave-Funktion in Verbindung mit dem LIDY m\u00f6glich.<\/li>\n<li>Mit vandalismussicheren Schrauben und Schraubenschl\u00fcssel.<\/li>\n<li>In der Leuchte integrierter nicht dimmbarer Konverter.<\/li>\n<\/ul>\n","protected":false},"excerpt":{"rendered":"<p>Wand- oder Deckenleuchte f\u00fcr die Innen- und Au\u00dfenbeleuchtung. 3000K oder 4000K nach Wahl \u00fcber einen Schalter in der Leuchte. Mit HF-Melder 360\u00b0, Erkennungsbereich einstellbar bis max. 10 m Durchmesser. Master\/Slave-Funktion in Verbindung mit dem LIDY m\u00f6glich. Mit vandalismussicheren Schrauben und Schraubenschl\u00fcssel. In der Leuchte integrierter nicht dimmbarer Konverter.<\/p>\n","protected":false},"featured_media":775588,"comment_status":"open","ping_status":"closed","template":"","meta":{"_acf_changed":false,"_relevanssi_hide_post":"","_relevanssi_hide_content":"","_relevanssi_pin_for_all":"","_relevanssi_pin_keywords":"","_relevanssi_unpin_keywords":"","_relevanssi_related_keywords":"","_relevanssi_related_include_ids":"","_relevanssi_related_exclude_ids":"","_relevanssi_related_no_append":"","_relevanssi_related_not_related":"","_relevanssi_related_posts":""},"product_brand":[],"product_cat":[44375,33842],"product_tag":[],"family":[],"class_list":{"0":"post-386640","1":"product","2":"type-product","3":"status-publish","4":"has-post-thumbnail","6":"product_cat-aussenwandleuchten-de-innenleuchten-de","7":"product_cat-hublots-interieur","8":"pa_ac-dc-de-ac-230v","9":"pa_anti-vandalisme-de-gegen-vandalismus-geschuetzt","10":"pa_avec-prises-usb-de-keine","11":"pa_batterie-rechargeable-usb-de-nein","12":"pa_canal-web-de-yes","13":"pa_cellules-solaires-de-nein","14":"pa_classe-energetique-liste-de-energieklasse-e","15":"pa_conformite-ce-de-ce-genehmigung","16":"pa_convertisseur-inclus-de-inklusive-konverter","17":"pa_convertisseur-remplacable-de-treiber-von-einem-elektriker-austauschbar","18":"pa_couleur-de-schwarz","19":"pa_couleur-de-weiss","20":"pa_description-technique-de-lidy-sensor-24w-4010lm-ip66","21":"pa_detecteur-de-mouvement-de-mit-hf-bewegungsmelder","22":"pa_diametre-de-303","23":"pa_dimmable-de-nein","24":"pa_duree-de-vie-de-l70b50-50-000h","25":"pa_garantie-de-3-jahre","26":"pa_hauteur-de-63","27":"pa_instructions-d-installation-de-a-moeglichkeit-den-erfassungsdurchmesser-einzustellen-100-10m-75-75m-50-5m-25-25m","28":"pa_instructions-d-installation-de-b-moeglichkeit-die-einschaltdauer-nach-bewegungserkennung-einzustellen-von-5-sek-bis-30-min","29":"pa_instructions-d-installation-de-c-moeglichkeit-die-empfindlichkeit-von-disable-funktioniert-nach-erfassung-ungeachtet-dem-umgebungslichtniveau-bis-50-lux-einzustellen","30":"pa_instructions-d-installation-de-die-garantie-gilt-nur-bei-installation-in-uebereinstimmung-mit-unseren-anweisungen","31":"pa_instructions-d-installation-de-um-parameter-zu-aendern-muss-das-geraet-durch-eine-netzunterbrechung-neu-initialisiert-werden-um-die-aenderungen-zu-bestaetigen-muss-das-erkennungsfeld-verlassen-werden","32":"pa_irc-ra-de-cri80","33":"pa_largeur-de-faisceau-de-110","34":"pa_led-remplacable-de-led-nicht-austauschbar","35":"pa_lieu-de-montage-de-verwendung-im-freien-und-in-innenraeumen","36":"pa_matiere-corps-de-polycarbonat","37":"pa_montage-et-diffusion-de-nur-wand-oder-deckenmontage","38":"pa_nombre-de-sources-de-1","39":"pa_nombre-de-sources-norme-de-1","40":"pa_puissance-luminaire-de-24","41":"pa_reference-indigo-de-bu10205","42":"pa_reference-indigo-de-bu10230","43":"pa_rg-risque-photobiologique-de-rg1","44":"pa_surface-de-montage-de-wand-und-decke","45":"pa_tarif-euro-de-9000","46":"pa_tarif-franc-suisse-de-9000","47":"pa_technologie-de-integrierte-led","48":"pa_temperature-de-couleur-de-wahl-der-farbtemperatur-3000-4000k","49":"pa_test-au-fil-incandescent-de-850","50":"pa_type-de-montage-de-angebaut","51":"pa_type-de-selection-cct-de-in-der-leuchte","52":"pa_type-de-variation-de-nicht-dimmbar","54":"first","55":"instock","56":"shipping-taxable","57":"purchasable","58":"product-type-variable"},"acf":[],"_links":{"self":[{"href":"https:\/\/www.indigo-lighting.com\/de\/wp-json\/wp\/v2\/product\/386640","targetHints":{"allow":["GET"]}}],"collection":[{"href":"https:\/\/www.indigo-lighting.com\/de\/wp-json\/wp\/v2\/product"}],"about":[{"href":"https:\/\/www.indigo-lighting.com\/de\/wp-json\/wp\/v2\/types\/product"}],"replies":[{"embeddable":true,"href":"https:\/\/www.indigo-lighting.com\/de\/wp-json\/wp\/v2\/comments?post=386640"}],"wp:featuredmedia":[{"embeddable":true,"href":"https:\/\/www.indigo-lighting.com\/de\/wp-json\/wp\/v2\/media\/775588"}],"wp:attachment":[{"href":"https:\/\/www.indigo-lighting.com\/de\/wp-json\/wp\/v2\/media?parent=386640"}],"wp:term":[{"taxonomy":"product_brand","embeddable":true,"href":"https:\/\/www.indigo-lighting.com\/de\/wp-json\/wp\/v2\/product_brand?post=386640"},{"taxonomy":"product_cat","embeddable":true,"href":"https:\/\/www.indigo-lighting.com\/de\/wp-json\/wp\/v2\/product_cat?post=386640"},{"taxonomy":"product_tag","embeddable":true,"href":"https:\/\/www.indigo-lighting.com\/de\/wp-json\/wp\/v2\/product_tag?post=386640"},{"taxonomy":"family","embeddable":true,"href":"https:\/\/www.indigo-lighting.com\/de\/wp-json\/wp\/v2\/family?post=386640"}],"curies":[{"name":"wp","href":"https:\/\/api.w.org\/{rel}","templated":true}]}}