{"id":386022,"date":"2025-05-13T10:36:50","date_gmt":"2024-08-12T12:33:36","guid":{"rendered":"https:\/\/www.indigo-lighting.com\/product\/slim-3\/"},"modified":"2026-03-30T20:43:06","modified_gmt":"2026-03-30T18:43:06","slug":"slim","status":"publish","type":"product","link":"https:\/\/www.indigo-lighting.com\/de\/product\/slim\/","title":{"rendered":"SLIM"},"content":{"rendered":"<ul>\n<li>Runde Pollerleuchte f\u00fcr Au\u00dfenbeleuchtung.<\/li>\n<li>Diffusor aus satiniertem Glas.<\/li>\n<li>2700K, 3000K oder 4000K nach Wahl \u00fcber einen Schalter in der Leuchte.<\/li>\n<li>2.40m Kabel im Lieferumfang enthalten.<\/li>\n<li>Inklusive dimmbarer Treiber.<\/li>\n<li>Kompatibel mit Phasenabschnittsdimmer.<\/li>\n<\/ul>\n","protected":false},"excerpt":{"rendered":"<p>Runde Pollerleuchte f\u00fcr Au\u00dfenbeleuchtung. Diffusor aus satiniertem Glas. 2700K, 3000K oder 4000K nach Wahl \u00fcber einen Schalter in der Leuchte. 2.40m Kabel im Lieferumfang enthalten. Inklusive dimmbarer Treiber. Kompatibel mit Phasenabschnittsdimmer.<\/p>\n","protected":false},"featured_media":777879,"comment_status":"open","ping_status":"closed","template":"","meta":{"_acf_changed":false,"_relevanssi_hide_post":"","_relevanssi_hide_content":"","_relevanssi_pin_for_all":"","_relevanssi_pin_keywords":"","_relevanssi_unpin_keywords":"","_relevanssi_related_keywords":"","_relevanssi_related_include_ids":"","_relevanssi_related_exclude_ids":"","_relevanssi_related_no_append":"","_relevanssi_related_not_related":"","_relevanssi_related_posts":""},"product_brand":[],"product_cat":[54516,54516],"product_tag":[],"family":[],"class_list":{"0":"post-386022","1":"product","2":"type-product","3":"status-publish","4":"has-post-thumbnail","6":"product_cat-pollerleuchten-de-aussenleuchten-de","8":"pa_ac-dc-de-ac-230v","9":"pa_anti-vandalisme-de-nein","10":"pa_avec-prises-usb-de-keine","11":"pa_batterie-rechargeable-usb-de-nein","12":"pa_canal-web-de-yes","13":"pa_cellules-solaires-de-nein","14":"pa_classe-energetique-liste-de-energieklasse-d","15":"pa_conformite-ce-de-ce-genehmigung","16":"pa_convertisseur-inclus-de-inklusive-konverter","17":"pa_convertisseur-remplacable-de-treiber-von-einem-elektriker-austauschbar","18":"pa_couleur-de-anthrazit","19":"pa_description-technique-de-slim-14w-1820lm-120-ip65-dim","20":"pa_detecteur-de-mouvement-de-nein","21":"pa_diametre-de-80","22":"pa_dimmable-de-ja","23":"pa_duree-de-vie-de-l80b20-50-000h","24":"pa_garantie-de-5-jahre","25":"pa_hauteur-de-300","26":"pa_hauteur-de-600","27":"pa_irc-ra-de-cri80","28":"pa_largeur-de-faisceau-de-120","29":"pa_led-remplacable-de-led-von-einem-elektriker-austauschbar","30":"pa_lieu-de-montage-de-verwendung-nur-im-freien","31":"pa_matiere-corps-de-aluminiumguss","32":"pa_montage-et-diffusion-de-nur-bodenmontage-poller","33":"pa_new-de-new","34":"pa_nombre-de-sources-de-1","35":"pa_nombre-de-sources-norme-de-1","36":"pa_puissance-luminaire-de-14","37":"pa_reference-indigo-de-sm030r-2a-a","38":"pa_reference-indigo-de-sm060r-2a-a","39":"pa_rg-risque-photobiologique-de-rg1","40":"pa_surface-de-montage-de-boden","41":"pa_tarif-euro-de-20500","42":"pa_tarif-euro-de-21500","43":"pa_tarif-franc-suisse-de-20500","44":"pa_tarif-franc-suisse-de-21500","45":"pa_technologie-de-integrierte-led","46":"pa_temperature-de-couleur-de-wahl-der-farbtemperatur-2700-3000-4000k","47":"pa_test-au-fil-incandescent-de-650","48":"pa_type-de-montage-de-angebaut","49":"pa_type-de-selection-cct-de-in-der-leuchte","50":"pa_type-de-variation-de-kompatibel-mit-dimmer-phasenende","52":"first","53":"instock","54":"shipping-taxable","55":"purchasable","56":"product-type-variable"},"acf":[],"_links":{"self":[{"href":"https:\/\/www.indigo-lighting.com\/de\/wp-json\/wp\/v2\/product\/386022","targetHints":{"allow":["GET"]}}],"collection":[{"href":"https:\/\/www.indigo-lighting.com\/de\/wp-json\/wp\/v2\/product"}],"about":[{"href":"https:\/\/www.indigo-lighting.com\/de\/wp-json\/wp\/v2\/types\/product"}],"replies":[{"embeddable":true,"href":"https:\/\/www.indigo-lighting.com\/de\/wp-json\/wp\/v2\/comments?post=386022"}],"wp:featuredmedia":[{"embeddable":true,"href":"https:\/\/www.indigo-lighting.com\/de\/wp-json\/wp\/v2\/media\/777879"}],"wp:attachment":[{"href":"https:\/\/www.indigo-lighting.com\/de\/wp-json\/wp\/v2\/media?parent=386022"}],"wp:term":[{"taxonomy":"product_brand","embeddable":true,"href":"https:\/\/www.indigo-lighting.com\/de\/wp-json\/wp\/v2\/product_brand?post=386022"},{"taxonomy":"product_cat","embeddable":true,"href":"https:\/\/www.indigo-lighting.com\/de\/wp-json\/wp\/v2\/product_cat?post=386022"},{"taxonomy":"product_tag","embeddable":true,"href":"https:\/\/www.indigo-lighting.com\/de\/wp-json\/wp\/v2\/product_tag?post=386022"},{"taxonomy":"family","embeddable":true,"href":"https:\/\/www.indigo-lighting.com\/de\/wp-json\/wp\/v2\/family?post=386022"}],"curies":[{"name":"wp","href":"https:\/\/api.w.org\/{rel}","templated":true}]}}