{"id":385950,"date":"2025-05-13T10:36:50","date_gmt":"2024-02-07T06:28:49","guid":{"rendered":"https:\/\/www.indigo-lighting.com\/product\/h2-pro-extreme-csp-3\/"},"modified":"2026-03-30T20:37:16","modified_gmt":"2026-03-30T18:37:16","slug":"h2-pro-extreme-csp","status":"publish","type":"product","link":"https:\/\/www.indigo-lighting.com\/de\/product\/h2-pro-extreme-csp\/","title":{"rendered":"H2 PRO EXTREME CSP"},"content":{"rendered":"<ul>\n<li>Fester runder Einbaustrahler 3-in-1.<\/li>\n<li>2200K, 2700K oder 3000K nach Wahl \u00fcber einen Schalter auf der R\u00fcckseite der Leuchte.<\/li>\n<li>IP65 von oben und unten.<\/li>\n<li>Mit Schutz vor Korrosion und Salznebel, geeignet f\u00fcr K\u00fcstengebiete.<\/li>\n<li>Befestigung mit Federn.<\/li>\n<li>Kein Konverter erforderlich.<\/li>\n<li>Dimmbar, kompatibel mit Phasenabschnitt-Dimmern.<\/li>\n<\/ul>\n","protected":false},"excerpt":{"rendered":"<p>Fester runder Einbaustrahler 3-in-1. 2200K, 2700K oder 3000K nach Wahl \u00fcber einen Schalter auf der R\u00fcckseite der Leuchte. IP65 von oben und unten. Mit Schutz vor Korrosion und Salznebel, geeignet f\u00fcr K\u00fcstengebiete. Befestigung mit Federn. Kein Konverter erforderlich. Dimmbar, kompatibel mit Phasenabschnitt-Dimmern.<\/p>\n","protected":false},"featured_media":775528,"comment_status":"open","ping_status":"closed","template":"","meta":{"_acf_changed":false,"_relevanssi_hide_post":"","_relevanssi_hide_content":"","_relevanssi_pin_for_all":"","_relevanssi_pin_keywords":"","_relevanssi_unpin_keywords":"","_relevanssi_related_keywords":"","_relevanssi_related_include_ids":"","_relevanssi_related_exclude_ids":"","_relevanssi_related_no_append":"","_relevanssi_related_not_related":"","_relevanssi_related_posts":""},"product_brand":[],"product_cat":[54523,54540],"product_tag":[],"family":[],"class_list":{"0":"post-385950","1":"product","2":"type-product","3":"status-publish","4":"has-post-thumbnail","6":"product_cat-spots-de-aussenleuchten-de","7":"product_cat-spots-exterieur","8":"pa_ac-dc-de-ac-230v","9":"pa_anti-vandalisme-de-nein","10":"pa_avec-prises-usb-de-keine","11":"pa_batterie-rechargeable-usb-de-nein","12":"pa_canal-web-de-yes","13":"pa_cellules-solaires-de-nein","14":"pa_classe-energetique-liste-de-energieklasse-d","15":"pa_conformite-ce-de-ce-genehmigung","16":"pa_couleur-de-anthrazit","17":"pa_couleur-de-schwarz-matt","18":"pa_couleur-de-weiss-matt","19":"pa_description-technique-de-h2-pro-extreme-csp-5w-600lm-40-dim-ip65","20":"pa_detecteur-de-mouvement-de-nein","21":"pa_diametre-de-90","22":"pa_diametre-d-encastrement-de-65-75","23":"pa_dimmable-de-ja","24":"pa_duree-de-vie-de-l70b10-40-000h","25":"pa_garantie-de-4-jahre","26":"pa_hauteur-de-52","27":"pa_irc-ra-de-cri80","28":"pa_largeur-de-faisceau-de-40","29":"pa_led-remplacable-de-led-von-einem-elektriker-austauschbar","30":"pa_lieu-de-montage-de-verwendung-im-freien-und-in-innenraeumen","31":"pa_matiere-corps-de-aluminium-verbundstoff","32":"pa_montage-et-diffusion-de-nur-deckeneinbaumontage","33":"pa_new-de-new","34":"pa_nombre-de-sources-de-1","35":"pa_nombre-de-sources-norme-de-1","36":"pa_puissance-luminaire-de-5","37":"pa_recouvrable-par-un-isolant-de-das-produkt-darf-nach-der-montage-nicht-abgedeckt-werden-auch-nicht-mit-einer-daemmung","38":"pa_reference-indigo-de-h2ext1a","39":"pa_reference-indigo-de-h2ext1b","40":"pa_reference-indigo-de-h2ext1w","41":"pa_surface-de-montage-de-decke","42":"pa_tarif-euro-de-3600","43":"pa_tarif-franc-suisse-de-3600","44":"pa_technologie-de-integrierte-230v-led","45":"pa_temperature-de-couleur-de-wahl-der-farbtemperatur-2200-2700-3000k","46":"pa_test-au-fil-incandescent-de-650","47":"pa_type-de-montage-de-eingebaut","48":"pa_type-de-selection-cct-de-auf-der-rueckseite-der-leuchte","49":"pa_type-de-variation-de-kompatibel-mit-dimmer-fuer-phasenanfang-und-ende","51":"first","52":"instock","53":"shipping-taxable","54":"purchasable","55":"product-type-variable"},"acf":[],"_links":{"self":[{"href":"https:\/\/www.indigo-lighting.com\/de\/wp-json\/wp\/v2\/product\/385950","targetHints":{"allow":["GET"]}}],"collection":[{"href":"https:\/\/www.indigo-lighting.com\/de\/wp-json\/wp\/v2\/product"}],"about":[{"href":"https:\/\/www.indigo-lighting.com\/de\/wp-json\/wp\/v2\/types\/product"}],"replies":[{"embeddable":true,"href":"https:\/\/www.indigo-lighting.com\/de\/wp-json\/wp\/v2\/comments?post=385950"}],"wp:featuredmedia":[{"embeddable":true,"href":"https:\/\/www.indigo-lighting.com\/de\/wp-json\/wp\/v2\/media\/775528"}],"wp:attachment":[{"href":"https:\/\/www.indigo-lighting.com\/de\/wp-json\/wp\/v2\/media?parent=385950"}],"wp:term":[{"taxonomy":"product_brand","embeddable":true,"href":"https:\/\/www.indigo-lighting.com\/de\/wp-json\/wp\/v2\/product_brand?post=385950"},{"taxonomy":"product_cat","embeddable":true,"href":"https:\/\/www.indigo-lighting.com\/de\/wp-json\/wp\/v2\/product_cat?post=385950"},{"taxonomy":"product_tag","embeddable":true,"href":"https:\/\/www.indigo-lighting.com\/de\/wp-json\/wp\/v2\/product_tag?post=385950"},{"taxonomy":"family","embeddable":true,"href":"https:\/\/www.indigo-lighting.com\/de\/wp-json\/wp\/v2\/family?post=385950"}],"curies":[{"name":"wp","href":"https:\/\/api.w.org\/{rel}","templated":true}]}}