{"id":382429,"date":"2025-05-13T10:36:50","date_gmt":"2024-07-16T10:57:13","guid":{"rendered":"https:\/\/www.indigo-lighting.com\/product\/sl230-mains-3\/"},"modified":"2026-03-30T20:39:42","modified_gmt":"2026-03-30T18:39:42","slug":"sl230-mains","status":"publish","type":"product","link":"https:\/\/www.indigo-lighting.com\/de\/product\/sl230-mains\/","title":{"rendered":"SL230 MAINS"},"content":{"rendered":"<ul>\n<li>Akzentbeleuchtung f\u00fcr den Au\u00dfenbereich.<\/li>\n<li>Version aus Edelstahl 316 f\u00fcr K\u00fcstengebiete.<\/li>\n<li>3,00 m H05RN-F Kabel (Durchmesser 7 mm) und Erdspie\u00df im Lieferumfang enthalten.<\/li>\n<li>Nicht dimmbarer Konverter im Ger\u00e4t integriert.<\/li>\n<li>Wasserdichte Anschlussbox separat bestellen.<\/li>\n<\/ul>\n","protected":false},"excerpt":{"rendered":"<p>Akzentbeleuchtung f\u00fcr den Au\u00dfenbereich. Version aus Edelstahl 316 f\u00fcr K\u00fcstengebiete. 3,00 m H05RN-F Kabel (Durchmesser 7 mm) und Erdspie\u00df im Lieferumfang enthalten. Nicht dimmbarer Konverter im Ger\u00e4t integriert. Wasserdichte Anschlussbox separat bestellen.<\/p>\n","protected":false},"featured_media":776944,"comment_status":"open","ping_status":"closed","template":"","meta":{"_acf_changed":false,"_relevanssi_hide_post":"","_relevanssi_hide_content":"","_relevanssi_pin_for_all":"","_relevanssi_pin_keywords":"","_relevanssi_unpin_keywords":"","_relevanssi_related_keywords":"","_relevanssi_related_include_ids":"","_relevanssi_related_exclude_ids":"","_relevanssi_related_no_append":"","_relevanssi_related_not_related":"","_relevanssi_related_posts":""},"product_brand":[],"product_cat":[54515,54530],"product_tag":[],"family":[],"class_list":{"0":"post-382429","1":"product","2":"type-product","3":"status-publish","4":"has-post-thumbnail","6":"product_cat-erdspiessleuchten-de-aussenleuchten-de","7":"product_cat-spots-sur-piquets-exterieur","8":"pa_ac-dc-de-ac-230v","9":"pa_angle-d-inclinaison-de-90","10":"pa_angle-de-rotation-de-330","11":"pa_avec-prises-usb-de-keine","12":"pa_batterie-rechargeable-usb-de-nein","13":"pa_canal-web-de-yes","14":"pa_cellules-solaires-de-nein","15":"pa_classe-energetique-liste-de-energieklasse-e","16":"pa_conformite-ce-de-ce-genehmigung","17":"pa_convertisseur-inclus-de-inklusive-konverter","18":"pa_convertisseur-remplacable-de-treiber-nicht-austauschbar","19":"pa_couleur-de-bronze","20":"pa_couleur-de-edelstahl","21":"pa_couleur-de-schwarz","22":"pa_description-technique-de-sl230-mains-114w-3000k-40-ip65","23":"pa_detecteur-de-mouvement-de-nein","24":"pa_dimmable-de-nein","25":"pa_duree-de-vie-de-l70b10-70-000h","26":"pa_flux-lumineux-luminaire-de-1040","27":"pa_garantie-de-7-jahre","28":"pa_hauteur-de-845","29":"pa_irc-ra-de-cri80","30":"pa_largeur-de-625","31":"pa_largeur-de-faisceau-de-40","32":"pa_led-remplacable-de-led-nicht-austauschbar","33":"pa_lieu-de-montage-de-verwendung-nur-im-freien","34":"pa_longueur-de-160","35":"pa_matiere-corps-de-aluminium","36":"pa_matiere-corps-de-inox-316","37":"pa_montage-et-diffusion-de-nur-bodenmontage-scheinwerfer","38":"pa_nombre-de-sources-de-2","39":"pa_nombre-de-sources-norme-de-2","40":"pa_puissance-luminaire-de-114","41":"pa_reference-indigo-de-sl230bwbm30","42":"pa_reference-indigo-de-sl230dwbm30","43":"pa_reference-indigo-de-sl230zwbm30","44":"pa_surface-de-montage-de-boden","45":"pa_tarif-euro-de-57000","46":"pa_tarif-euro-de-59000","47":"pa_tarif-euro-de-65000","48":"pa_tarif-franc-suisse-de-57000","49":"pa_tarif-franc-suisse-de-59000","50":"pa_tarif-franc-suisse-de-65000","51":"pa_technologie-de-integrierte-led","52":"pa_temperature-de-couleur-de-3000k","53":"pa_type-de-montage-de-angebaut","54":"pa_type-de-variation-de-nicht-dimmbar","56":"first","57":"instock","58":"shipping-taxable","59":"purchasable","60":"product-type-variable"},"acf":[],"_links":{"self":[{"href":"https:\/\/www.indigo-lighting.com\/de\/wp-json\/wp\/v2\/product\/382429","targetHints":{"allow":["GET"]}}],"collection":[{"href":"https:\/\/www.indigo-lighting.com\/de\/wp-json\/wp\/v2\/product"}],"about":[{"href":"https:\/\/www.indigo-lighting.com\/de\/wp-json\/wp\/v2\/types\/product"}],"replies":[{"embeddable":true,"href":"https:\/\/www.indigo-lighting.com\/de\/wp-json\/wp\/v2\/comments?post=382429"}],"wp:featuredmedia":[{"embeddable":true,"href":"https:\/\/www.indigo-lighting.com\/de\/wp-json\/wp\/v2\/media\/776944"}],"wp:attachment":[{"href":"https:\/\/www.indigo-lighting.com\/de\/wp-json\/wp\/v2\/media?parent=382429"}],"wp:term":[{"taxonomy":"product_brand","embeddable":true,"href":"https:\/\/www.indigo-lighting.com\/de\/wp-json\/wp\/v2\/product_brand?post=382429"},{"taxonomy":"product_cat","embeddable":true,"href":"https:\/\/www.indigo-lighting.com\/de\/wp-json\/wp\/v2\/product_cat?post=382429"},{"taxonomy":"product_tag","embeddable":true,"href":"https:\/\/www.indigo-lighting.com\/de\/wp-json\/wp\/v2\/product_tag?post=382429"},{"taxonomy":"family","embeddable":true,"href":"https:\/\/www.indigo-lighting.com\/de\/wp-json\/wp\/v2\/family?post=382429"}],"curies":[{"name":"wp","href":"https:\/\/api.w.org\/{rel}","templated":true}]}}