{"id":382403,"date":"2025-05-13T10:36:50","date_gmt":"2024-07-16T10:57:13","guid":{"rendered":"https:\/\/www.indigo-lighting.com\/product\/riesa-3\/"},"modified":"2026-01-29T16:35:55","modified_gmt":"2026-01-29T14:35:55","slug":"riesa","status":"publish","type":"product","link":"https:\/\/www.indigo-lighting.com\/de\/product\/riesa\/","title":{"rendered":"RIESA"},"content":{"rendered":"<p>Akzentspot f\u00fcr die Au\u00dfenbeleuchtung.<br \/>\nInklusive Kabel 1.50m und Erdspie\u00df.<br \/>\nIn der Leuchte integrierter nicht dimmbarer Konverter.<\/p>\n","protected":false},"excerpt":{"rendered":"<p>Akzentspot f\u00fcr die Au\u00dfenbeleuchtung. Inklusive Kabel 1.50m und Erdspie\u00df. In der Leuchte integrierter nicht dimmbarer Konverter.<\/p>\n","protected":false},"featured_media":776647,"comment_status":"open","ping_status":"closed","template":"","meta":{"_acf_changed":false,"_relevanssi_hide_post":"","_relevanssi_hide_content":"","_relevanssi_pin_for_all":"","_relevanssi_pin_keywords":"","_relevanssi_unpin_keywords":"","_relevanssi_related_keywords":"","_relevanssi_related_include_ids":"","_relevanssi_related_exclude_ids":"","_relevanssi_related_no_append":"","_relevanssi_related_not_related":"","_relevanssi_related_posts":""},"product_brand":[],"product_cat":[54515,54530],"product_tag":[],"family":[],"class_list":{"0":"post-382403","1":"product","2":"type-product","3":"status-publish","4":"has-post-thumbnail","6":"product_cat-erdspiessleuchten-de-aussenleuchten-de","7":"product_cat-spots-sur-piquets-exterieur","8":"pa_ac-dc-de-ac-230v","9":"pa_angle-d-inclinaison-de-120","10":"pa_angle-de-rotation-de-355","11":"pa_anti-vandalisme-de-nein","12":"pa_avec-prises-usb-de-keine","13":"pa_batterie-rechargeable-usb-de-nein","14":"pa_cellules-solaires-de-nein","15":"pa_classe-energetique-liste-de-energieklasse-g","16":"pa_conformite-ce-de-ce-genehmigung","17":"pa_convertisseur-inclus-de-inklusive-konverter","18":"pa_convertisseur-remplacable-de-treiber-von-einem-elektriker-austauschbar","19":"pa_couleur-de-anthrazit","20":"pa_description-technique-de-riesa-6w-550lm-3000k-30-ip65","21":"pa_detecteur-de-mouvement-de-nein","22":"pa_dimmable-de-nein","23":"pa_duree-de-vie-de-l70b50-50-000h","24":"pa_flux-lumineux-luminaire-de-400","25":"pa_flux-lumineux-source-de-550","26":"pa_garantie-de-3-jahre","27":"pa_hauteur-de-96","28":"pa_irc-ra-de-cri80","29":"pa_largeur-de-75","30":"pa_largeur-de-faisceau-de-30","31":"pa_led-remplacable-de-led-nicht-austauschbar","32":"pa_lieu-de-montage-de-verwendung-nur-im-freien","33":"pa_longueur-de-87","34":"pa_matiere-corps-de-aluminiumguss","35":"pa_montage-et-diffusion-de-montage-nur-an-einer-wand-diffus","36":"pa_nombre-de-sources-de-4","37":"pa_nombre-de-sources-norme-de-4","38":"pa_puissance-luminaire-de-6","39":"pa_reference-indigo-de-ou461ww24","40":"pa_rg-risque-photobiologique-de-rg1","41":"pa_surface-de-montage-de-boden-und-wand","42":"pa_tarif-euro-de-11500","43":"pa_tarif-franc-suisse-de-11500","44":"pa_technologie-de-integrierte-led","45":"pa_temperature-de-couleur-de-3000k","46":"pa_test-au-fil-incandescent-de-650","47":"pa_type-de-montage-de-angebaut","48":"pa_type-de-variation-de-nicht-dimmbar","50":"first","51":"instock","52":"shipping-taxable","53":"purchasable","54":"product-type-variable"},"acf":[],"_links":{"self":[{"href":"https:\/\/www.indigo-lighting.com\/de\/wp-json\/wp\/v2\/product\/382403","targetHints":{"allow":["GET"]}}],"collection":[{"href":"https:\/\/www.indigo-lighting.com\/de\/wp-json\/wp\/v2\/product"}],"about":[{"href":"https:\/\/www.indigo-lighting.com\/de\/wp-json\/wp\/v2\/types\/product"}],"replies":[{"embeddable":true,"href":"https:\/\/www.indigo-lighting.com\/de\/wp-json\/wp\/v2\/comments?post=382403"}],"wp:featuredmedia":[{"embeddable":true,"href":"https:\/\/www.indigo-lighting.com\/de\/wp-json\/wp\/v2\/media\/776647"}],"wp:attachment":[{"href":"https:\/\/www.indigo-lighting.com\/de\/wp-json\/wp\/v2\/media?parent=382403"}],"wp:term":[{"taxonomy":"product_brand","embeddable":true,"href":"https:\/\/www.indigo-lighting.com\/de\/wp-json\/wp\/v2\/product_brand?post=382403"},{"taxonomy":"product_cat","embeddable":true,"href":"https:\/\/www.indigo-lighting.com\/de\/wp-json\/wp\/v2\/product_cat?post=382403"},{"taxonomy":"product_tag","embeddable":true,"href":"https:\/\/www.indigo-lighting.com\/de\/wp-json\/wp\/v2\/product_tag?post=382403"},{"taxonomy":"family","embeddable":true,"href":"https:\/\/www.indigo-lighting.com\/de\/wp-json\/wp\/v2\/family?post=382403"}],"curies":[{"name":"wp","href":"https:\/\/api.w.org\/{rel}","templated":true}]}}