{"id":382397,"date":"2025-05-13T10:36:50","date_gmt":"2024-07-16T10:57:13","guid":{"rendered":"https:\/\/www.indigo-lighting.com\/product\/gunzy-p-3\/"},"modified":"2026-03-30T20:13:08","modified_gmt":"2026-03-30T18:13:08","slug":"gunzy-p","status":"publish","type":"product","link":"https:\/\/www.indigo-lighting.com\/de\/product\/gunzy-p\/","title":{"rendered":"GUNZY P"},"content":{"rendered":"<ul>\n<li>Akzentspot f\u00fcr die Au\u00dfenbeleuchtung.<\/li>\n<li>Inklusive Kabel 2.50m und Erdspie\u00df.<\/li>\n<li>Kein Konverter erforderlich.<\/li>\n<li>Nicht dimmbar.<\/li>\n<\/ul>\n","protected":false},"excerpt":{"rendered":"<p>Akzentspot f\u00fcr die Au\u00dfenbeleuchtung. Inklusive Kabel 2.50m und Erdspie\u00df. Kein Konverter erforderlich. Nicht dimmbar.<\/p>\n","protected":false},"featured_media":776303,"comment_status":"open","ping_status":"closed","template":"","meta":{"_acf_changed":false,"_relevanssi_hide_post":"","_relevanssi_hide_content":"","_relevanssi_pin_for_all":"","_relevanssi_pin_keywords":"","_relevanssi_unpin_keywords":"","_relevanssi_related_keywords":"","_relevanssi_related_include_ids":"","_relevanssi_related_exclude_ids":"","_relevanssi_related_no_append":"","_relevanssi_related_not_related":"","_relevanssi_related_posts":""},"product_brand":[],"product_cat":[54515,54530],"product_tag":[],"family":[],"class_list":{"0":"post-382397","1":"product","2":"type-product","3":"status-publish","4":"has-post-thumbnail","6":"product_cat-erdspiessleuchten-de-aussenleuchten-de","7":"product_cat-spots-sur-piquets-exterieur","8":"pa_ac-dc-de-ac-230v","9":"pa_angle-d-inclinaison-de-90","10":"pa_angle-de-rotation-de-330","11":"pa_anti-vandalisme-de-nein","12":"pa_avec-prises-usb-de-keine","13":"pa_batterie-rechargeable-usb-de-nein","14":"pa_canal-web-de-yes","15":"pa_cellules-solaires-de-nein","16":"pa_classe-energetique-liste-de-energieklasse-f","17":"pa_conformite-ce-de-ce-genehmigung","18":"pa_couleur-de-anthrazit","19":"pa_description-technique-de-gunzy-p-8w-760lm-3000k-38-ip66","20":"pa_detecteur-de-mouvement-de-nein","21":"pa_diametre-de-55","22":"pa_dimmable-de-nein","23":"pa_duree-de-vie-de-l80b50-50-000h","24":"pa_flux-lumineux-luminaire-de-500","25":"pa_flux-lumineux-source-de-760","26":"pa_garantie-de-3-jahre","27":"pa_hauteur-de-905","28":"pa_irc-ra-de-cri80","29":"pa_largeur-de-faisceau-de-38","30":"pa_led-remplacable-de-led-von-einem-elektriker-austauschbar","31":"pa_lieu-de-montage-de-verwendung-nur-im-freien","32":"pa_longueur-de-85","33":"pa_matiere-corps-de-aluminiumguss","34":"pa_montage-et-diffusion-de-nur-bodenmontage-scheinwerfer","35":"pa_nombre-de-sources-de-1","36":"pa_nombre-de-sources-norme-de-1","37":"pa_puissance-luminaire-de-8","38":"pa_reference-indigo-de-ou18724","39":"pa_rg-risque-photobiologique-de-rg1","40":"pa_surface-de-montage-de-boden","41":"pa_tarif-euro-de-22800","42":"pa_tarif-franc-suisse-de-22800","43":"pa_technologie-de-integrierte-230v-led","44":"pa_temperature-de-couleur-de-3000k","45":"pa_test-au-fil-incandescent-de-650","46":"pa_type-de-montage-de-angebaut","47":"pa_type-de-variation-de-nicht-dimmbar","49":"first","50":"instock","51":"shipping-taxable","52":"purchasable","53":"product-type-variable"},"acf":[],"_links":{"self":[{"href":"https:\/\/www.indigo-lighting.com\/de\/wp-json\/wp\/v2\/product\/382397","targetHints":{"allow":["GET"]}}],"collection":[{"href":"https:\/\/www.indigo-lighting.com\/de\/wp-json\/wp\/v2\/product"}],"about":[{"href":"https:\/\/www.indigo-lighting.com\/de\/wp-json\/wp\/v2\/types\/product"}],"replies":[{"embeddable":true,"href":"https:\/\/www.indigo-lighting.com\/de\/wp-json\/wp\/v2\/comments?post=382397"}],"wp:featuredmedia":[{"embeddable":true,"href":"https:\/\/www.indigo-lighting.com\/de\/wp-json\/wp\/v2\/media\/776303"}],"wp:attachment":[{"href":"https:\/\/www.indigo-lighting.com\/de\/wp-json\/wp\/v2\/media?parent=382397"}],"wp:term":[{"taxonomy":"product_brand","embeddable":true,"href":"https:\/\/www.indigo-lighting.com\/de\/wp-json\/wp\/v2\/product_brand?post=382397"},{"taxonomy":"product_cat","embeddable":true,"href":"https:\/\/www.indigo-lighting.com\/de\/wp-json\/wp\/v2\/product_cat?post=382397"},{"taxonomy":"product_tag","embeddable":true,"href":"https:\/\/www.indigo-lighting.com\/de\/wp-json\/wp\/v2\/product_tag?post=382397"},{"taxonomy":"family","embeddable":true,"href":"https:\/\/www.indigo-lighting.com\/de\/wp-json\/wp\/v2\/family?post=382397"}],"curies":[{"name":"wp","href":"https:\/\/api.w.org\/{rel}","templated":true}]}}