{"id":382389,"date":"2025-05-13T10:36:50","date_gmt":"2024-07-16T10:57:13","guid":{"rendered":"https:\/\/www.indigo-lighting.com\/product\/brama-1-3\/"},"modified":"2026-03-30T20:17:47","modified_gmt":"2026-03-30T18:17:47","slug":"brama-1","status":"publish","type":"product","link":"https:\/\/www.indigo-lighting.com\/de\/product\/brama-1\/","title":{"rendered":"BRAMA 1"},"content":{"rendered":"<ul>\n<li>Akzentspot f\u00fcr die Au\u00dfenbeleuchtung.<\/li>\n<li>Inklusive Kabel 1.50m und Erdspie\u00df.<\/li>\n<li>Doppelkabeleinf\u00fchrung.<\/li>\n<li>In der Leuchte integrierter nicht dimmbarer Konverter.<\/li>\n<\/ul>\n","protected":false},"excerpt":{"rendered":"<p>Akzentspot f\u00fcr die Au\u00dfenbeleuchtung. Inklusive Kabel 1.50m und Erdspie\u00df. Doppelkabeleinf\u00fchrung. In der Leuchte integrierter nicht dimmbarer Konverter.<\/p>\n","protected":false},"featured_media":775687,"comment_status":"open","ping_status":"closed","template":"","meta":{"_acf_changed":false,"_relevanssi_hide_post":"","_relevanssi_hide_content":"","_relevanssi_pin_for_all":"","_relevanssi_pin_keywords":"","_relevanssi_unpin_keywords":"","_relevanssi_related_keywords":"","_relevanssi_related_include_ids":"","_relevanssi_related_exclude_ids":"","_relevanssi_related_no_append":"","_relevanssi_related_not_related":"","_relevanssi_related_posts":""},"product_brand":[],"product_cat":[54515,54515],"product_tag":[],"family":[],"class_list":{"0":"post-382389","1":"product","2":"type-product","3":"status-publish","4":"has-post-thumbnail","6":"product_cat-erdspiessleuchten-de-aussenleuchten-de","8":"pa_ac-dc-de-ac-230v","9":"pa_angle-d-inclinaison-de-90","10":"pa_angle-de-rotation-de-355","11":"pa_anti-vandalisme-de-nein","12":"pa_avec-prises-usb-de-keine","13":"pa_batterie-rechargeable-usb-de-nein","14":"pa_canal-web-de-yes","15":"pa_cellules-solaires-de-nein","16":"pa_classe-energetique-liste-de-energieklasse-e","17":"pa_conformite-ce-de-ce-genehmigung","18":"pa_convertisseur-inclus-de-inklusive-konverter","19":"pa_convertisseur-remplacable-de-treiber-von-einem-elektriker-austauschbar","20":"pa_couleur-de-anthrazit","21":"pa_description-technique-de-brama-1-7w-1000lm-3000k-40-ip65","22":"pa_detecteur-de-mouvement-de-nein","23":"pa_dimmable-de-nein","24":"pa_duree-de-vie-de-l70b50-50-000h","25":"pa_flux-lumineux-luminaire-de-595","26":"pa_flux-lumineux-source-de-1000","27":"pa_garantie-de-3-jahre","28":"pa_hauteur-de-117","29":"pa_irc-ra-de-cri80","30":"pa_largeur-de-70","31":"pa_largeur-de-faisceau-de-40","32":"pa_led-remplacable-de-led-von-einem-elektriker-austauschbar","33":"pa_lieu-de-montage-de-verwendung-nur-im-freien","34":"pa_longueur-de-80","35":"pa_matiere-corps-de-aluminiumguss","36":"pa_montage-et-diffusion-de-montage-nur-an-einer-wand-diffus","37":"pa_montage-et-diffusion-de-nur-bodenmontage-scheinwerfer","38":"pa_nombre-de-sources-de-1","39":"pa_nombre-de-sources-norme-de-1","40":"pa_puissance-luminaire-de-7","41":"pa_reference-indigo-de-ou345ww24","42":"pa_rg-risque-photobiologique-de-rg1","43":"pa_surface-de-montage-de-boden-und-wand","44":"pa_tarif-euro-de-16000","45":"pa_tarif-franc-suisse-de-16000","46":"pa_technologie-de-integrierte-led","47":"pa_temperature-de-couleur-de-3000k","48":"pa_test-au-fil-incandescent-de-650","49":"pa_type-de-montage-de-angebaut","50":"pa_type-de-variation-de-nicht-dimmbar","52":"first","53":"instock","54":"shipping-taxable","55":"purchasable","56":"product-type-variable"},"acf":[],"_links":{"self":[{"href":"https:\/\/www.indigo-lighting.com\/de\/wp-json\/wp\/v2\/product\/382389","targetHints":{"allow":["GET"]}}],"collection":[{"href":"https:\/\/www.indigo-lighting.com\/de\/wp-json\/wp\/v2\/product"}],"about":[{"href":"https:\/\/www.indigo-lighting.com\/de\/wp-json\/wp\/v2\/types\/product"}],"replies":[{"embeddable":true,"href":"https:\/\/www.indigo-lighting.com\/de\/wp-json\/wp\/v2\/comments?post=382389"}],"wp:featuredmedia":[{"embeddable":true,"href":"https:\/\/www.indigo-lighting.com\/de\/wp-json\/wp\/v2\/media\/775687"}],"wp:attachment":[{"href":"https:\/\/www.indigo-lighting.com\/de\/wp-json\/wp\/v2\/media?parent=382389"}],"wp:term":[{"taxonomy":"product_brand","embeddable":true,"href":"https:\/\/www.indigo-lighting.com\/de\/wp-json\/wp\/v2\/product_brand?post=382389"},{"taxonomy":"product_cat","embeddable":true,"href":"https:\/\/www.indigo-lighting.com\/de\/wp-json\/wp\/v2\/product_cat?post=382389"},{"taxonomy":"product_tag","embeddable":true,"href":"https:\/\/www.indigo-lighting.com\/de\/wp-json\/wp\/v2\/product_tag?post=382389"},{"taxonomy":"family","embeddable":true,"href":"https:\/\/www.indigo-lighting.com\/de\/wp-json\/wp\/v2\/family?post=382389"}],"curies":[{"name":"wp","href":"https:\/\/api.w.org\/{rel}","templated":true}]}}