{"id":382347,"date":"2023-07-18T18:30:53","date_gmt":"2023-07-18T16:30:52","guid":{"rendered":"https:\/\/www.indigo-lighting.com\/product\/pr117-3\/"},"modified":"2026-01-29T17:17:19","modified_gmt":"2026-01-29T15:17:19","slug":"pr117","status":"publish","type":"product","link":"https:\/\/www.indigo-lighting.com\/de\/product\/pr117\/","title":{"rendered":"PR117"},"content":{"rendered":"<p>Profil f\u00fcr Bandleuchte.<br \/>\nKompatibel mit ST104, ST150, ST153, ST125, ST160, ST132.<br \/>\nDiffusor aus Polycarbonat, 2 Endst\u00fccken im Lieferumfang enthalten.<br \/>\nMontage Aufbau oder Einbau (Einbauma\u00dfe 16x13x2000mm).<br \/>\nMontageclips, LED Strip und Treiber separat bestellen.<\/p>\n","protected":false},"excerpt":{"rendered":"<p>Profil f\u00fcr Bandleuchte. Kompatibel mit ST104, ST150, ST153, ST125, ST160, ST132. Diffusor aus Polycarbonat, 2 Endst\u00fccken im Lieferumfang enthalten. Montage Aufbau oder Einbau (Einbauma\u00dfe 16x13x2000mm). Montageclips, LED Strip und Treiber separat bestellen.<\/p>\n","protected":false},"featured_media":777792,"comment_status":"open","ping_status":"closed","template":"","meta":{"_acf_changed":false,"_relevanssi_hide_post":"","_relevanssi_hide_content":"","_relevanssi_pin_for_all":"","_relevanssi_pin_keywords":"","_relevanssi_unpin_keywords":"","_relevanssi_related_keywords":"","_relevanssi_related_include_ids":"","_relevanssi_related_exclude_ids":"","_relevanssi_related_no_append":"","_relevanssi_related_not_related":"","_relevanssi_related_posts":""},"product_brand":[],"product_cat":[33839,44372],"product_tag":[],"family":[],"class_list":{"0":"post-382347","1":"product","2":"type-product","3":"status-publish","4":"has-post-thumbnail","6":"product_cat-bandeaux-profils-interieur","7":"product_cat-led-strips-und-profile-de-innenleuchten-de","8":"pa_anti-vandalisme-de-nein","9":"pa_conformite-ce-de-ce-genehmigung","10":"pa_couleur-de-aluminium","11":"pa_couleur-de-weiss-matt","12":"pa_description-technique-de-pr117-16x13x2000mm","13":"pa_garantie-de-3-jahre","14":"pa_hauteur-de-13","15":"pa_largeur-de-16","16":"pa_lieu-de-montage-de-verwendung-nur-in-innenraumen","17":"pa_longueur-de-2000","18":"pa_matiere-corps-de-aluminium","19":"pa_montage-et-diffusion-de-nur-deckeneinbaumontage","20":"pa_montage-et-diffusion-de-nur-wand-oder-deckenmontage","21":"pa_reference-indigo-de-pr11730","22":"pa_reference-indigo-de-pr11752","23":"pa_surface-de-montage-de-wand-und-decke","24":"pa_tarif-euro-de-4500","25":"pa_tarif-franc-suisse-de-4500","26":"pa_type-de-montage-de-angebaut","28":"first","29":"instock","30":"shipping-taxable","31":"purchasable","32":"product-type-variable"},"acf":[],"_links":{"self":[{"href":"https:\/\/www.indigo-lighting.com\/de\/wp-json\/wp\/v2\/product\/382347","targetHints":{"allow":["GET"]}}],"collection":[{"href":"https:\/\/www.indigo-lighting.com\/de\/wp-json\/wp\/v2\/product"}],"about":[{"href":"https:\/\/www.indigo-lighting.com\/de\/wp-json\/wp\/v2\/types\/product"}],"replies":[{"embeddable":true,"href":"https:\/\/www.indigo-lighting.com\/de\/wp-json\/wp\/v2\/comments?post=382347"}],"wp:featuredmedia":[{"embeddable":true,"href":"https:\/\/www.indigo-lighting.com\/de\/wp-json\/wp\/v2\/media\/777792"}],"wp:attachment":[{"href":"https:\/\/www.indigo-lighting.com\/de\/wp-json\/wp\/v2\/media?parent=382347"}],"wp:term":[{"taxonomy":"product_brand","embeddable":true,"href":"https:\/\/www.indigo-lighting.com\/de\/wp-json\/wp\/v2\/product_brand?post=382347"},{"taxonomy":"product_cat","embeddable":true,"href":"https:\/\/www.indigo-lighting.com\/de\/wp-json\/wp\/v2\/product_cat?post=382347"},{"taxonomy":"product_tag","embeddable":true,"href":"https:\/\/www.indigo-lighting.com\/de\/wp-json\/wp\/v2\/product_tag?post=382347"},{"taxonomy":"family","embeddable":true,"href":"https:\/\/www.indigo-lighting.com\/de\/wp-json\/wp\/v2\/family?post=382347"}],"curies":[{"name":"wp","href":"https:\/\/api.w.org\/{rel}","templated":true}]}}