{"id":382239,"date":"2025-05-13T10:36:50","date_gmt":"2023-12-08T11:54:38","guid":{"rendered":"https:\/\/www.indigo-lighting.com\/product\/solis-pro-3\/"},"modified":"2026-01-29T16:11:59","modified_gmt":"2026-01-29T14:11:59","slug":"solis-pro","status":"publish","type":"product","link":"https:\/\/www.indigo-lighting.com\/de\/product\/solis-pro\/","title":{"rendered":"SOLIS PRO"},"content":{"rendered":"<p>LED-Panel 600x600mm.<br \/>\nPrismatischer PS-Diffusor.<br \/>\nSchnellanschluss und Sicherheitsseil im Lieferumfang enthalten.<br \/>\nGeeignet zur Abdeckung mit D\u00e4mmung, mit Ausnahme des Treiber.<br \/>\nDimmbarer Konverter DALI, Push-Dim und 0-10V separat erh\u00e4ltlich.<br \/>\nAufputz-Set oder Aufh\u00e4ngungsset separat erh\u00e4ltlich.<br \/>\nOptionales Notbeleuchtungsset.<\/p>\n","protected":false},"excerpt":{"rendered":"<p>LED-Panel 600x600mm. Prismatischer PS-Diffusor. Schnellanschluss und Sicherheitsseil im Lieferumfang enthalten. Geeignet zur Abdeckung mit D\u00e4mmung, mit Ausnahme des Treiber. Dimmbarer Konverter DALI, Push-Dim und 0-10V separat erh\u00e4ltlich. Aufputz-Set oder Aufh\u00e4ngungsset separat erh\u00e4ltlich. Optionales Notbeleuchtungsset.<\/p>\n","protected":false},"featured_media":776068,"comment_status":"open","ping_status":"closed","template":"","meta":{"_acf_changed":false,"_relevanssi_hide_post":"","_relevanssi_hide_content":"","_relevanssi_pin_for_all":"","_relevanssi_pin_keywords":"","_relevanssi_unpin_keywords":"","_relevanssi_related_keywords":"","_relevanssi_related_include_ids":"","_relevanssi_related_exclude_ids":"","_relevanssi_related_no_append":"","_relevanssi_related_not_related":"","_relevanssi_related_posts":""},"product_brand":[],"product_cat":[44367,44367],"product_tag":[],"family":[],"class_list":{"0":"post-382239","1":"product","2":"type-product","3":"status-publish","4":"has-post-thumbnail","6":"product_cat-led-panele-de-innenleuchten-de","8":"pa_ac-dc-de-dc-775ma","9":"pa_avec-prises-usb-de-keine","10":"pa_batterie-rechargeable-usb-de-nein","11":"pa_cellules-solaires-de-nein","12":"pa_classe-energetique-liste-de-energieklasse-b","13":"pa_conformite-ce-de-ce-genehmigung","14":"pa_convertisseur-inclus-de-konverter-separat-bestellen","15":"pa_convertisseur-remplacable-de-treiber-von-einem-elektriker-austauschbar","16":"pa_couleur-de-weiss","17":"pa_description-technique-de-solis-pro-28w-5400lm-4000k-90-ip44","18":"pa_detecteur-de-mouvement-de-nein","19":"pa_dimmable-de-optional","20":"pa_duree-de-vie-de-l70b10-50-000h","21":"pa_flux-lumineux-luminaire-de-4480","22":"pa_flux-lumineux-source-de-5400","23":"pa_garantie-de-5-jahre","24":"pa_hauteur-de-32","25":"pa_irc-ra-de-cri80","26":"pa_largeur-de-600","27":"pa_largeur-de-faisceau-de-90","28":"pa_led-remplacable-de-led-von-einem-elektriker-austauschbar","29":"pa_lieu-de-montage-de-verwendung-nur-in-innenraumen","30":"pa_longueur-de-600","31":"pa_matiere-corps-de-aluminium","32":"pa_montage-et-diffusion-de-nur-deckeneinbaumontage","33":"pa_nombre-de-sources-de-1","34":"pa_nombre-de-sources-norme-de-1","35":"pa_puissance-luminaire-de-28","36":"pa_recouvrable-par-un-isolant-de-das-produkt-darf-nach-der-montage-nicht-abgedeckt-werden-auch-nicht-mit-einer-dammung","37":"pa_reference-indigo-de-solp66x4k","38":"pa_rg-risque-photobiologique-de-rg0","39":"pa_surface-de-montage-de-decke","40":"pa_tarif-euro-de-11300","41":"pa_tarif-franc-suisse-de-11300","42":"pa_technologie-de-integrierte-led","43":"pa_temperature-de-couleur-de-4000k","44":"pa_test-au-fil-incandescent-de-850","45":"pa_type-de-montage-de-eingebaut","46":"pa_ugr-unified-glare-ratio-de-ugr-niedriger-als-19","48":"first","49":"instock","50":"shipping-taxable","51":"purchasable","52":"product-type-variable"},"acf":[],"_links":{"self":[{"href":"https:\/\/www.indigo-lighting.com\/de\/wp-json\/wp\/v2\/product\/382239","targetHints":{"allow":["GET"]}}],"collection":[{"href":"https:\/\/www.indigo-lighting.com\/de\/wp-json\/wp\/v2\/product"}],"about":[{"href":"https:\/\/www.indigo-lighting.com\/de\/wp-json\/wp\/v2\/types\/product"}],"replies":[{"embeddable":true,"href":"https:\/\/www.indigo-lighting.com\/de\/wp-json\/wp\/v2\/comments?post=382239"}],"wp:featuredmedia":[{"embeddable":true,"href":"https:\/\/www.indigo-lighting.com\/de\/wp-json\/wp\/v2\/media\/776068"}],"wp:attachment":[{"href":"https:\/\/www.indigo-lighting.com\/de\/wp-json\/wp\/v2\/media?parent=382239"}],"wp:term":[{"taxonomy":"product_brand","embeddable":true,"href":"https:\/\/www.indigo-lighting.com\/de\/wp-json\/wp\/v2\/product_brand?post=382239"},{"taxonomy":"product_cat","embeddable":true,"href":"https:\/\/www.indigo-lighting.com\/de\/wp-json\/wp\/v2\/product_cat?post=382239"},{"taxonomy":"product_tag","embeddable":true,"href":"https:\/\/www.indigo-lighting.com\/de\/wp-json\/wp\/v2\/product_tag?post=382239"},{"taxonomy":"family","embeddable":true,"href":"https:\/\/www.indigo-lighting.com\/de\/wp-json\/wp\/v2\/family?post=382239"}],"curies":[{"name":"wp","href":"https:\/\/api.w.org\/{rel}","templated":true}]}}