{"id":382237,"date":"2025-05-13T10:36:50","date_gmt":"2023-12-08T11:53:52","guid":{"rendered":"https:\/\/www.indigo-lighting.com\/product\/solis-ip65-3\/"},"modified":"2026-03-30T19:24:58","modified_gmt":"2026-03-30T17:24:58","slug":"solis-ip65","status":"publish","type":"product","link":"https:\/\/www.indigo-lighting.com\/de\/product\/solis-ip65\/","title":{"rendered":"SOLIS IP65"},"content":{"rendered":"<ul>\n<li>LED-Panel 600x600mm.<\/li>\n<li>Polypropylen-Diffusor.<\/li>\n<li>Geeignet zur Abdeckung mit D\u00e4mmung, mit Ausnahme des Treiber.<\/li>\n<li>Externer nicht dimmbarer Konverter im Lieferumfang enthalten.<\/li>\n<li>Aufputz-Set oder Aufh\u00e4ngungsset separat erh\u00e4ltlich.<\/li>\n<li>Optionales Notbeleuchtungsset.<\/li>\n<\/ul>\n","protected":false},"excerpt":{"rendered":"<p>LED-Panel 600x600mm. Polypropylen-Diffusor. Geeignet zur Abdeckung mit D\u00e4mmung, mit Ausnahme des Treiber. Externer nicht dimmbarer Konverter im Lieferumfang enthalten. Aufputz-Set oder Aufh\u00e4ngungsset separat erh\u00e4ltlich. Optionales Notbeleuchtungsset.<\/p>\n","protected":false},"featured_media":775837,"comment_status":"open","ping_status":"closed","template":"","meta":{"_acf_changed":false,"_relevanssi_hide_post":"","_relevanssi_hide_content":"","_relevanssi_pin_for_all":"","_relevanssi_pin_keywords":"","_relevanssi_unpin_keywords":"","_relevanssi_related_keywords":"","_relevanssi_related_include_ids":"","_relevanssi_related_exclude_ids":"","_relevanssi_related_no_append":"","_relevanssi_related_not_related":"","_relevanssi_related_posts":""},"product_brand":[],"product_cat":[33837,44367],"product_tag":[],"family":[],"class_list":{"0":"post-382237","1":"product","2":"type-product","3":"status-publish","4":"has-post-thumbnail","6":"product_cat-dalles-led-interieur","7":"product_cat-led-panele-de-innenleuchten-de","8":"pa_ac-dc-de-ac-230v","9":"pa_avec-prises-usb-de-keine","10":"pa_batterie-rechargeable-usb-de-nein","11":"pa_canal-web-de-yes","12":"pa_cellules-solaires-de-nein","13":"pa_classe-energetique-liste-de-energieklasse-e","14":"pa_conformite-ce-de-ce-genehmigung","15":"pa_convertisseur-inclus-de-inklusive-konverter","16":"pa_convertisseur-remplacable-de-treiber-von-einem-elektriker-austauschbar","17":"pa_couleur-de-weiss","18":"pa_description-technique-de-solis-ip65-40w-5400lm-4000k-110","19":"pa_detecteur-de-mouvement-de-nein","20":"pa_dimmable-de-nein","21":"pa_duree-de-vie-de-l70b10-50-000h","22":"pa_flux-lumineux-luminaire-de-4500","23":"pa_flux-lumineux-source-de-5400","24":"pa_garantie-de-5-jahre","25":"pa_hauteur-de-32","26":"pa_irc-ra-de-cri80","27":"pa_largeur-de-600","28":"pa_largeur-de-faisceau-de-110","29":"pa_led-remplacable-de-led-von-einem-elektriker-austauschbar","30":"pa_lieu-de-montage-de-verwendung-nur-in-innenraeumen","31":"pa_longueur-de-600","32":"pa_matiere-corps-de-aluminium","33":"pa_montage-et-diffusion-de-nur-deckeneinbaumontage","34":"pa_nombre-de-sources-de-1","35":"pa_nombre-de-sources-norme-de-1","36":"pa_puissance-luminaire-de-40","37":"pa_recouvrable-par-un-isolant-de-das-produkt-darf-nach-der-montage-nicht-abgedeckt-werden-auch-nicht-mit-einer-daemmung","38":"pa_reference-indigo-de-solip66n4k","39":"pa_rg-risque-photobiologique-de-rg0","40":"pa_surface-de-montage-de-decke","41":"pa_tarif-euro-de-8000","42":"pa_tarif-franc-suisse-de-8000","43":"pa_technologie-de-integrierte-led","44":"pa_temperature-de-couleur-de-4000k","45":"pa_type-de-montage-de-eingebaut","46":"pa_type-de-variation-de-nicht-dimmbar","47":"pa_ugr-unified-glare-ratio-de-ugr-niedriger-als-22","49":"first","50":"instock","51":"shipping-taxable","52":"purchasable","53":"product-type-variable"},"acf":[],"_links":{"self":[{"href":"https:\/\/www.indigo-lighting.com\/de\/wp-json\/wp\/v2\/product\/382237","targetHints":{"allow":["GET"]}}],"collection":[{"href":"https:\/\/www.indigo-lighting.com\/de\/wp-json\/wp\/v2\/product"}],"about":[{"href":"https:\/\/www.indigo-lighting.com\/de\/wp-json\/wp\/v2\/types\/product"}],"replies":[{"embeddable":true,"href":"https:\/\/www.indigo-lighting.com\/de\/wp-json\/wp\/v2\/comments?post=382237"}],"wp:featuredmedia":[{"embeddable":true,"href":"https:\/\/www.indigo-lighting.com\/de\/wp-json\/wp\/v2\/media\/775837"}],"wp:attachment":[{"href":"https:\/\/www.indigo-lighting.com\/de\/wp-json\/wp\/v2\/media?parent=382237"}],"wp:term":[{"taxonomy":"product_brand","embeddable":true,"href":"https:\/\/www.indigo-lighting.com\/de\/wp-json\/wp\/v2\/product_brand?post=382237"},{"taxonomy":"product_cat","embeddable":true,"href":"https:\/\/www.indigo-lighting.com\/de\/wp-json\/wp\/v2\/product_cat?post=382237"},{"taxonomy":"product_tag","embeddable":true,"href":"https:\/\/www.indigo-lighting.com\/de\/wp-json\/wp\/v2\/product_tag?post=382237"},{"taxonomy":"family","embeddable":true,"href":"https:\/\/www.indigo-lighting.com\/de\/wp-json\/wp\/v2\/family?post=382237"}],"curies":[{"name":"wp","href":"https:\/\/api.w.org\/{rel}","templated":true}]}}