{"id":382233,"date":"2025-05-13T10:36:50","date_gmt":"2023-12-08T11:53:23","guid":{"rendered":"https:\/\/www.indigo-lighting.com\/product\/solis-2-3\/"},"modified":"2026-03-30T19:24:53","modified_gmt":"2026-03-30T17:24:53","slug":"solis-2","status":"publish","type":"product","link":"https:\/\/www.indigo-lighting.com\/de\/product\/solis-2\/","title":{"rendered":"SOLIS 2"},"content":{"rendered":"<ul>\n<li>LED-Panel 1200x300mm.<\/li>\n<li>Prismatischer PS-Diffusor.<\/li>\n<li>Schnellanschluss und Sicherheitsseil (1m) im Lieferumfang enthalten.<\/li>\n<li>Geeignet zur Abdeckung mit D\u00e4mmung, mit Ausnahme des Treiber.<\/li>\n<li>Nicht dimmbarer externer Konverter im Lieferumfang enthalten.<\/li>\n<li>Aufputz-Set oder Aufh\u00e4ngungsset separat erh\u00e4ltlich.<\/li>\n<li>Optionales Notbeleuchtungsset.<\/li>\n<\/ul>\n","protected":false},"excerpt":{"rendered":"<p>LED-Panel 1200x300mm. Prismatischer PS-Diffusor. Schnellanschluss und Sicherheitsseil (1m) im Lieferumfang enthalten. Geeignet zur Abdeckung mit D\u00e4mmung, mit Ausnahme des Treiber. Nicht dimmbarer externer Konverter im Lieferumfang enthalten. Aufputz-Set oder Aufh\u00e4ngungsset separat erh\u00e4ltlich. Optionales Notbeleuchtungsset.<\/p>\n","protected":false},"featured_media":775540,"comment_status":"open","ping_status":"closed","template":"","meta":{"_acf_changed":false,"_relevanssi_hide_post":"","_relevanssi_hide_content":"","_relevanssi_pin_for_all":"","_relevanssi_pin_keywords":"","_relevanssi_unpin_keywords":"","_relevanssi_related_keywords":"","_relevanssi_related_include_ids":"","_relevanssi_related_exclude_ids":"","_relevanssi_related_no_append":"","_relevanssi_related_not_related":"","_relevanssi_related_posts":""},"product_brand":[],"product_cat":[33837,44367],"product_tag":[],"family":[],"class_list":{"0":"post-382233","1":"product","2":"type-product","3":"status-publish","4":"has-post-thumbnail","6":"product_cat-dalles-led-interieur","7":"product_cat-led-panele-de-innenleuchten-de","8":"pa_ac-dc-de-ac-230v-dc-750ma","9":"pa_avec-prises-usb-de-keine","10":"pa_batterie-rechargeable-usb-de-nein","11":"pa_canal-web-de-yes","12":"pa_cellules-solaires-de-nein","13":"pa_classe-energetique-liste-de-energieklasse-d","14":"pa_conformite-ce-de-ce-genehmigung","15":"pa_convertisseur-inclus-de-inklusive-konverter","16":"pa_convertisseur-remplacable-de-treiber-von-einem-elektriker-austauschbar","17":"pa_couleur-de-weiss","18":"pa_description-technique-de-solis-2-30w-4125lm-4000k-90-230v","19":"pa_detecteur-de-mouvement-de-nein","20":"pa_dimmable-de-nein","21":"pa_duree-de-vie-de-l70b10-50-000h","22":"pa_flux-lumineux-luminaire-de-3450","23":"pa_flux-lumineux-source-de-4125","24":"pa_garantie-de-5-jahre","25":"pa_hauteur-de-32","26":"pa_instructions-d-installation-de-a-isolieren-sie-die-netzstromversorgung-bevor-sie-mit-der-verdrahtung-beginnen","27":"pa_instructions-d-installation-de-b-entfernen-sie-die-deckenplatte","28":"pa_instructions-d-installation-de-c-befestigen-sie-das-panel-mithilfe-des-mitgelieferten-sicherheitskabels-an-einem-balken-oder-einer-festen-deckenhalterung","29":"pa_instructions-d-installation-de-d-bevor-sie-den-diffusor-beruehren-sollte-der-installateur-sicherstellen-dass-seine-haende-sauber-sind-wenn-der-diffusor-verschmutzt-ist-reinigen-sie-ihn-mit-einem-feuchten-schwamm-und-warmem-was","30":"pa_instructions-d-installation-de-e-schliessen-sie-das-geraet-an-das-stromnetz-an","31":"pa_instructions-d-installation-de-hinweis-decken-sie-nicht-mit-einem-isolator-ab-stellen-sie-sicher-dass-der-treiber-nicht-auf-der-oberseite-des-panels-positioniert-ist","32":"pa_irc-ra-de-cri80","33":"pa_largeur-de-300","34":"pa_largeur-de-faisceau-de-90","35":"pa_led-remplacable-de-led-von-einem-elektriker-austauschbar","36":"pa_lieu-de-montage-de-verwendung-nur-in-innenraeumen","37":"pa_longueur-de-1200","38":"pa_matiere-corps-de-aluminium","39":"pa_montage-et-diffusion-de-nur-deckeneinbaumontage","40":"pa_nombre-de-sources-de-1","41":"pa_nombre-de-sources-norme-de-1","42":"pa_puissance-luminaire-de-30","43":"pa_recouvrable-par-un-isolant-de-das-produkt-darf-nach-der-montage-nicht-abgedeckt-werden-auch-nicht-mit-einer-daemmung","44":"pa_reference-indigo-de-p2b16s30wa","45":"pa_rg-risque-photobiologique-de-rg0","46":"pa_surface-de-montage-de-decke","47":"pa_tarif-euro-de-7200","48":"pa_tarif-franc-suisse-de-7200","49":"pa_technologie-de-integrierte-led","50":"pa_temperature-de-couleur-de-4000k","51":"pa_test-au-fil-incandescent-de-650","52":"pa_type-de-montage-de-eingebaut","53":"pa_type-de-variation-de-nicht-dimmbar","54":"pa_ugr-unified-glare-ratio-de-ugr-niedriger-als-16","56":"first","57":"instock","58":"shipping-taxable","59":"purchasable","60":"product-type-variable"},"acf":[],"_links":{"self":[{"href":"https:\/\/www.indigo-lighting.com\/de\/wp-json\/wp\/v2\/product\/382233","targetHints":{"allow":["GET"]}}],"collection":[{"href":"https:\/\/www.indigo-lighting.com\/de\/wp-json\/wp\/v2\/product"}],"about":[{"href":"https:\/\/www.indigo-lighting.com\/de\/wp-json\/wp\/v2\/types\/product"}],"replies":[{"embeddable":true,"href":"https:\/\/www.indigo-lighting.com\/de\/wp-json\/wp\/v2\/comments?post=382233"}],"wp:featuredmedia":[{"embeddable":true,"href":"https:\/\/www.indigo-lighting.com\/de\/wp-json\/wp\/v2\/media\/775540"}],"wp:attachment":[{"href":"https:\/\/www.indigo-lighting.com\/de\/wp-json\/wp\/v2\/media?parent=382233"}],"wp:term":[{"taxonomy":"product_brand","embeddable":true,"href":"https:\/\/www.indigo-lighting.com\/de\/wp-json\/wp\/v2\/product_brand?post=382233"},{"taxonomy":"product_cat","embeddable":true,"href":"https:\/\/www.indigo-lighting.com\/de\/wp-json\/wp\/v2\/product_cat?post=382233"},{"taxonomy":"product_tag","embeddable":true,"href":"https:\/\/www.indigo-lighting.com\/de\/wp-json\/wp\/v2\/product_tag?post=382233"},{"taxonomy":"family","embeddable":true,"href":"https:\/\/www.indigo-lighting.com\/de\/wp-json\/wp\/v2\/family?post=382233"}],"curies":[{"name":"wp","href":"https:\/\/api.w.org\/{rel}","templated":true}]}}