{"id":382216,"date":"2026-03-25T10:32:49","date_gmt":"2024-07-16T12:59:30","guid":{"rendered":"https:\/\/www.indigo-lighting.com\/product\/yoka-2-3\/"},"modified":"2026-03-30T20:59:09","modified_gmt":"2026-03-30T18:59:09","slug":"yoka-2","status":"publish","type":"product","link":"https:\/\/www.indigo-lighting.com\/de\/product\/yoka-2\/","title":{"rendered":"YOKA 2"},"content":{"rendered":"<ul>\n<li>Projektor f\u00fcr Akzentbeleuchtung f\u00fcr DECO TRACK 48.<\/li>\n<li>Texturierter Zylinder.<\/li>\n<li>2700K, 3000K oder 4000K w\u00e4hlbar \u00fcber einen Schalter am Adapter.<\/li>\n<li>Dimmbar mit einem DALI-PUSH-Konverter (CD184, CD185).<\/li>\n<\/ul>\n","protected":false},"excerpt":{"rendered":"<p>Projektor f\u00fcr Akzentbeleuchtung f\u00fcr DECO TRACK 48. Texturierter Zylinder. 2700K, 3000K oder 4000K w\u00e4hlbar \u00fcber einen Schalter am Adapter. Dimmbar mit einem DALI-PUSH-Konverter (CD184, CD185).<\/p>\n","protected":false},"featured_media":778592,"comment_status":"open","ping_status":"closed","template":"","meta":{"_acf_changed":false,"_relevanssi_hide_post":"","_relevanssi_hide_content":"","_relevanssi_pin_for_all":"","_relevanssi_pin_keywords":"","_relevanssi_unpin_keywords":"","_relevanssi_related_keywords":"","_relevanssi_related_include_ids":"","_relevanssi_related_exclude_ids":"","_relevanssi_related_no_append":"","_relevanssi_related_not_related":"","_relevanssi_related_posts":""},"product_brand":[],"product_cat":[65329,65329,44373,44373],"product_tag":[],"family":[],"class_list":{"0":"post-382216","1":"product","2":"type-product","3":"status-publish","4":"has-post-thumbnail","6":"product_cat-architektural-de-stromschienensysteme-und-scheinwerfer-de-innenleuchten-de","8":"product_cat-stromschienensysteme-und-scheinwerfer-de-innenleuchten-de","10":"pa_ac-dc-de-48v-dc","11":"pa_angle-d-inclinaison-de-90","12":"pa_angle-de-rotation-de-350","13":"pa_anti-vandalisme-de-nein","14":"pa_avec-prises-usb-de-keine","15":"pa_batterie-rechargeable-usb-de-nein","16":"pa_canal-web-de-yes","17":"pa_cellules-solaires-de-nein","18":"pa_classe-energetique-liste-de-energieklasse-e","19":"pa_conformite-ce-de-ce-genehmigung","20":"pa_convertisseur-inclus-de-konverter-separat-bestellen","21":"pa_convertisseur-remplacable-de-treiber-nicht-austauschbar","22":"pa_couleur-de-schwarz-matt","23":"pa_couleur-de-schwarz-matt-gold","24":"pa_couleur-de-schwarz-matt-rose","25":"pa_couleur-de-schwarz-matt-weiss-matt","26":"pa_description-technique-de-yoka-2-7w-1050lm-40","27":"pa_detecteur-de-mouvement-de-nein","28":"pa_diametre-de-35","29":"pa_dimmable-de-optional","30":"pa_duree-de-vie-de-l80b50-50-000h","31":"pa_garantie-de-5-jahre","32":"pa_hauteur-de-105","33":"pa_irc-ra-de-cri90","34":"pa_largeur-de-faisceau-de-40","35":"pa_led-remplacable-de-led-nicht-austauschbar","36":"pa_lieu-de-montage-de-verwendung-nur-in-innenraeumen","37":"pa_longueur-de-177","38":"pa_matiere-corps-de-aluminium","39":"pa_montage-et-diffusion-de-nur-wand-oder-deckenmontage","40":"pa_nombre-de-sources-de-1","41":"pa_puissance-luminaire-de-7","42":"pa_reference-indigo-de-tr46405","43":"pa_reference-indigo-de-tr46406","44":"pa_reference-indigo-de-tr46408","45":"pa_reference-indigo-de-tr46435","46":"pa_rg-risque-photobiologique-de-rg1","47":"pa_surface-de-montage-de-wand-und-decke","48":"pa_tarif-euro-de-11300","49":"pa_tarif-euro-de-11800","50":"pa_tarif-franc-suisse-de-11300","51":"pa_tarif-franc-suisse-de-11800","52":"pa_technologie-de-integrierte-led","53":"pa_temperature-de-couleur-de-wahl-der-farbtemperatur-2700-3000-4000k","54":"pa_test-au-fil-incandescent-de-850","55":"pa_type-de-montage-de-auf-schienen","56":"pa_type-de-selection-cct-de-auf-dem-konverter","57":"pa_ugr-unified-glare-ratio-de-ugr-niedriger-als-22","59":"first","60":"instock","61":"shipping-taxable","62":"purchasable","63":"product-type-variable"},"acf":[],"_links":{"self":[{"href":"https:\/\/www.indigo-lighting.com\/de\/wp-json\/wp\/v2\/product\/382216","targetHints":{"allow":["GET"]}}],"collection":[{"href":"https:\/\/www.indigo-lighting.com\/de\/wp-json\/wp\/v2\/product"}],"about":[{"href":"https:\/\/www.indigo-lighting.com\/de\/wp-json\/wp\/v2\/types\/product"}],"replies":[{"embeddable":true,"href":"https:\/\/www.indigo-lighting.com\/de\/wp-json\/wp\/v2\/comments?post=382216"}],"wp:featuredmedia":[{"embeddable":true,"href":"https:\/\/www.indigo-lighting.com\/de\/wp-json\/wp\/v2\/media\/778592"}],"wp:attachment":[{"href":"https:\/\/www.indigo-lighting.com\/de\/wp-json\/wp\/v2\/media?parent=382216"}],"wp:term":[{"taxonomy":"product_brand","embeddable":true,"href":"https:\/\/www.indigo-lighting.com\/de\/wp-json\/wp\/v2\/product_brand?post=382216"},{"taxonomy":"product_cat","embeddable":true,"href":"https:\/\/www.indigo-lighting.com\/de\/wp-json\/wp\/v2\/product_cat?post=382216"},{"taxonomy":"product_tag","embeddable":true,"href":"https:\/\/www.indigo-lighting.com\/de\/wp-json\/wp\/v2\/product_tag?post=382216"},{"taxonomy":"family","embeddable":true,"href":"https:\/\/www.indigo-lighting.com\/de\/wp-json\/wp\/v2\/family?post=382216"}],"curies":[{"name":"wp","href":"https:\/\/api.w.org\/{rel}","templated":true}]}}