{"id":382214,"date":"2025-05-13T10:36:50","date_gmt":"2024-07-16T12:59:30","guid":{"rendered":"https:\/\/www.indigo-lighting.com\/product\/toro-tp-3\/"},"modified":"2026-03-30T19:58:47","modified_gmt":"2026-03-30T17:58:47","slug":"toro-tp","status":"publish","type":"product","link":"https:\/\/www.indigo-lighting.com\/de\/product\/toro-tp\/","title":{"rendered":"TORO TP"},"content":{"rendered":"<ul>\n<li>Dekorative Pendelleuchte f\u00fcr DECO TRACK 48.<\/li>\n<li>Verstellbares Aufh\u00e4ngungskabel von 1m50.<\/li>\n<li>2700K, 3000K oder 4000K w\u00e4hlbar \u00fcber einen Schalter am Adapter.<\/li>\n<li>Dimmbar mit einem DALI-PUSH-Konverter (CD184, CD185).<\/li>\n<\/ul>\n","protected":false},"excerpt":{"rendered":"<p>Dekorative Pendelleuchte f\u00fcr DECO TRACK 48. Verstellbares Aufh\u00e4ngungskabel von 1m50. 2700K, 3000K oder 4000K w\u00e4hlbar \u00fcber einen Schalter am Adapter. Dimmbar mit einem DALI-PUSH-Konverter (CD184, CD185).<\/p>\n","protected":false},"featured_media":778525,"comment_status":"open","ping_status":"closed","template":"","meta":{"_acf_changed":false,"_relevanssi_hide_post":"","_relevanssi_hide_content":"","_relevanssi_pin_for_all":"","_relevanssi_pin_keywords":"","_relevanssi_unpin_keywords":"","_relevanssi_related_keywords":"","_relevanssi_related_include_ids":"","_relevanssi_related_exclude_ids":"","_relevanssi_related_no_append":"","_relevanssi_related_not_related":"","_relevanssi_related_posts":""},"product_brand":[],"product_cat":[65329,65329,44373,44373],"product_tag":[],"family":[],"class_list":{"0":"post-382214","1":"product","2":"type-product","3":"status-publish","4":"has-post-thumbnail","6":"product_cat-architektural-de-stromschienensysteme-und-scheinwerfer-de-innenleuchten-de","8":"product_cat-stromschienensysteme-und-scheinwerfer-de-innenleuchten-de","10":"pa_anti-vandalisme-de-nein","11":"pa_avec-prises-usb-de-keine","12":"pa_batterie-rechargeable-usb-de-nein","13":"pa_canal-web-de-yes","14":"pa_cellules-solaires-de-nein","15":"pa_classe-energetique-liste-de-energieklasse-g","16":"pa_conformite-ce-de-ce-genehmigung","17":"pa_convertisseur-inclus-de-konverter-separat-bestellen","18":"pa_convertisseur-remplacable-de-treiber-nicht-austauschbar","19":"pa_couleur-de-schwarz-matt","20":"pa_description-technique-de-toro-tp-5w-400lm-230","21":"pa_detecteur-de-mouvement-de-nein","22":"pa_diametre-de-90","23":"pa_dimmable-de-optional","24":"pa_duree-de-vie-de-l80b50-50-000h","25":"pa_garantie-de-5-jahre","26":"pa_hauteur-de-1637","27":"pa_irc-ra-de-cri90","28":"pa_largeur-de-90","29":"pa_largeur-de-faisceau-de-230","30":"pa_led-remplacable-de-led-nicht-austauschbar","31":"pa_lieu-de-montage-de-verwendung-nur-in-innenraeumen","32":"pa_longueur-de-177","33":"pa_matiere-corps-de-glas","34":"pa_montage-et-diffusion-de-nur-haengende-montage","35":"pa_new-de-new","36":"pa_nombre-de-sources-de-1","37":"pa_puissance-luminaire-de-5","38":"pa_reference-indigo-de-tr47005","39":"pa_rg-risque-photobiologique-de-rg1","40":"pa_surface-de-montage-de-decke","41":"pa_tarif-euro-de-13300","42":"pa_tarif-franc-suisse-de-13300","43":"pa_technologie-de-integrierte-led","44":"pa_temperature-de-couleur-de-wahl-der-farbtemperatur-2700-3000-4000k","45":"pa_test-au-fil-incandescent-de-850","46":"pa_type-de-montage-de-auf-schienen","47":"pa_type-de-selection-cct-de-auf-dem-konverter","48":"pa_ugr-unified-glare-ratio-de-ugr-niedriger-als-26","50":"first","51":"instock","52":"shipping-taxable","53":"purchasable","54":"product-type-variable"},"acf":[],"_links":{"self":[{"href":"https:\/\/www.indigo-lighting.com\/de\/wp-json\/wp\/v2\/product\/382214","targetHints":{"allow":["GET"]}}],"collection":[{"href":"https:\/\/www.indigo-lighting.com\/de\/wp-json\/wp\/v2\/product"}],"about":[{"href":"https:\/\/www.indigo-lighting.com\/de\/wp-json\/wp\/v2\/types\/product"}],"replies":[{"embeddable":true,"href":"https:\/\/www.indigo-lighting.com\/de\/wp-json\/wp\/v2\/comments?post=382214"}],"wp:featuredmedia":[{"embeddable":true,"href":"https:\/\/www.indigo-lighting.com\/de\/wp-json\/wp\/v2\/media\/778525"}],"wp:attachment":[{"href":"https:\/\/www.indigo-lighting.com\/de\/wp-json\/wp\/v2\/media?parent=382214"}],"wp:term":[{"taxonomy":"product_brand","embeddable":true,"href":"https:\/\/www.indigo-lighting.com\/de\/wp-json\/wp\/v2\/product_brand?post=382214"},{"taxonomy":"product_cat","embeddable":true,"href":"https:\/\/www.indigo-lighting.com\/de\/wp-json\/wp\/v2\/product_cat?post=382214"},{"taxonomy":"product_tag","embeddable":true,"href":"https:\/\/www.indigo-lighting.com\/de\/wp-json\/wp\/v2\/product_tag?post=382214"},{"taxonomy":"family","embeddable":true,"href":"https:\/\/www.indigo-lighting.com\/de\/wp-json\/wp\/v2\/family?post=382214"}],"curies":[{"name":"wp","href":"https:\/\/api.w.org\/{rel}","templated":true}]}}