{"id":382211,"date":"2025-05-13T10:36:50","date_gmt":"2024-07-16T12:59:30","guid":{"rendered":"https:\/\/www.indigo-lighting.com\/product\/tomo-3\/"},"modified":"2026-03-30T20:33:03","modified_gmt":"2026-03-30T18:33:03","slug":"tomo","status":"publish","type":"product","link":"https:\/\/www.indigo-lighting.com\/de\/product\/tomo\/","title":{"rendered":"TOMO"},"content":{"rendered":"<ul>\n<li>Pendelleuchte f\u00fcr DECO TRACK 48.<\/li>\n<li>Glatter Zylinder.<\/li>\n<li>Verstellbares Aufh\u00e4ngungskabel von 1m50.<\/li>\n<li>2700K, 3000K oder 4000K w\u00e4hlbar \u00fcber einen Schalter am Adapter.<\/li>\n<li>Dimmbar mit einem DALI-PUSH-Konverter (CD184, CD185).<\/li>\n<\/ul>\n","protected":false},"excerpt":{"rendered":"<p>Pendelleuchte f\u00fcr DECO TRACK 48. Glatter Zylinder. Verstellbares Aufh\u00e4ngungskabel von 1m50. 2700K, 3000K oder 4000K w\u00e4hlbar \u00fcber einen Schalter am Adapter. Dimmbar mit einem DALI-PUSH-Konverter (CD184, CD185).<\/p>\n","protected":false},"featured_media":778430,"comment_status":"open","ping_status":"closed","template":"","meta":{"_acf_changed":false,"_relevanssi_hide_post":"","_relevanssi_hide_content":"","_relevanssi_pin_for_all":"","_relevanssi_pin_keywords":"","_relevanssi_unpin_keywords":"","_relevanssi_related_keywords":"","_relevanssi_related_include_ids":"","_relevanssi_related_exclude_ids":"","_relevanssi_related_no_append":"","_relevanssi_related_not_related":"","_relevanssi_related_posts":""},"product_brand":[],"product_cat":[65314,65329,33840,44373],"product_tag":[],"family":[],"class_list":{"0":"post-382211","1":"product","2":"type-product","3":"status-publish","4":"has-post-thumbnail","6":"product_cat-architectural-rails-projecteurs-interieur","7":"product_cat-architektural-de-stromschienensysteme-und-scheinwerfer-de-innenleuchten-de","8":"product_cat-rails-projecteurs-interieur","9":"product_cat-stromschienensysteme-und-scheinwerfer-de-innenleuchten-de","10":"pa_anti-vandalisme-de-nein","11":"pa_avec-prises-usb-de-keine","12":"pa_batterie-rechargeable-usb-de-nein","13":"pa_canal-web-de-yes","14":"pa_cellules-solaires-de-nein","15":"pa_classe-energetique-liste-de-energieklasse-e","16":"pa_classe-energetique-liste-de-energieklasse-g","17":"pa_conformite-ce-de-ce-genehmigung","18":"pa_convertisseur-inclus-de-konverter-separat-bestellen","19":"pa_convertisseur-remplacable-de-treiber-nicht-austauschbar","20":"pa_couleur-de-schwarz-matt","21":"pa_couleur-de-schwarz-matt-gebuerstetes-gold","22":"pa_couleur-de-schwarz-matt-kupfer-matt","23":"pa_couleur-de-schwarz-matt-weiss-matt","24":"pa_description-technique-de-tomo-20w-2300lm-40","25":"pa_detecteur-de-mouvement-de-nein","26":"pa_diametre-de-47","27":"pa_dimmable-de-optional","28":"pa_duree-de-vie-de-l80b50-50-000h","29":"pa_garantie-de-5-jahre","30":"pa_hauteur-de-200","31":"pa_irc-ra-de-cri90","32":"pa_largeur-de-faisceau-de-40","33":"pa_led-remplacable-de-led-nicht-austauschbar","34":"pa_lieu-de-montage-de-verwendung-nur-in-innenraeumen","35":"pa_longueur-de-182","36":"pa_matiere-corps-de-aluminium","37":"pa_montage-et-diffusion-de-nur-haengende-montage","38":"pa_new-de-new","39":"pa_nombre-de-sources-de-1","40":"pa_puissance-luminaire-de-20","41":"pa_reference-indigo-de-tr45405","42":"pa_reference-indigo-de-tr45406","43":"pa_reference-indigo-de-tr45408","44":"pa_reference-indigo-de-tr45435","45":"pa_rg-risque-photobiologique-de-rg1","46":"pa_surface-de-montage-de-decke","47":"pa_tarif-euro-de-15500","48":"pa_tarif-euro-de-16000","49":"pa_tarif-franc-suisse-de-15500","50":"pa_tarif-franc-suisse-de-16000","51":"pa_technologie-de-integrierte-led","52":"pa_temperature-de-couleur-de-wahl-der-farbtemperatur-2700-3000-4000k","53":"pa_test-au-fil-incandescent-de-850","54":"pa_type-de-montage-de-auf-schienen","55":"pa_type-de-selection-cct-de-auf-dem-konverter","56":"pa_ugr-unified-glare-ratio-de-ugr-niedriger-als-26","58":"first","59":"instock","60":"shipping-taxable","61":"purchasable","62":"product-type-variable"},"acf":[],"_links":{"self":[{"href":"https:\/\/www.indigo-lighting.com\/de\/wp-json\/wp\/v2\/product\/382211","targetHints":{"allow":["GET"]}}],"collection":[{"href":"https:\/\/www.indigo-lighting.com\/de\/wp-json\/wp\/v2\/product"}],"about":[{"href":"https:\/\/www.indigo-lighting.com\/de\/wp-json\/wp\/v2\/types\/product"}],"replies":[{"embeddable":true,"href":"https:\/\/www.indigo-lighting.com\/de\/wp-json\/wp\/v2\/comments?post=382211"}],"wp:featuredmedia":[{"embeddable":true,"href":"https:\/\/www.indigo-lighting.com\/de\/wp-json\/wp\/v2\/media\/778430"}],"wp:attachment":[{"href":"https:\/\/www.indigo-lighting.com\/de\/wp-json\/wp\/v2\/media?parent=382211"}],"wp:term":[{"taxonomy":"product_brand","embeddable":true,"href":"https:\/\/www.indigo-lighting.com\/de\/wp-json\/wp\/v2\/product_brand?post=382211"},{"taxonomy":"product_cat","embeddable":true,"href":"https:\/\/www.indigo-lighting.com\/de\/wp-json\/wp\/v2\/product_cat?post=382211"},{"taxonomy":"product_tag","embeddable":true,"href":"https:\/\/www.indigo-lighting.com\/de\/wp-json\/wp\/v2\/product_tag?post=382211"},{"taxonomy":"family","embeddable":true,"href":"https:\/\/www.indigo-lighting.com\/de\/wp-json\/wp\/v2\/family?post=382211"}],"curies":[{"name":"wp","href":"https:\/\/api.w.org\/{rel}","templated":true}]}}