{"id":382200,"date":"2025-05-13T10:36:50","date_gmt":"2024-07-16T12:59:30","guid":{"rendered":"https:\/\/www.indigo-lighting.com\/product\/boru-3-3\/"},"modified":"2026-03-30T20:14:32","modified_gmt":"2026-03-30T18:14:32","slug":"boru-3","status":"publish","type":"product","link":"https:\/\/www.indigo-lighting.com\/de\/product\/boru-3\/","title":{"rendered":"BORU 3"},"content":{"rendered":"<ul>\n<li>Linearmodul mit geringer Leuchtdichte f\u00fcr DECO TRACK 48.<\/li>\n<li>2700K, 3000K oder 4000K w\u00e4hlbar \u00fcber einen Schalter am Adapter.<\/li>\n<li>Dimmbar mit einem DALI-PUSH-Konverter (CD184, CD185).<\/li>\n<\/ul>\n","protected":false},"excerpt":{"rendered":"<p>Linearmodul mit geringer Leuchtdichte f\u00fcr DECO TRACK 48. 2700K, 3000K oder 4000K w\u00e4hlbar \u00fcber einen Schalter am Adapter. Dimmbar mit einem DALI-PUSH-Konverter (CD184, CD185).<\/p>\n","protected":false},"featured_media":777762,"comment_status":"open","ping_status":"closed","template":"","meta":{"_acf_changed":false,"_relevanssi_hide_post":"","_relevanssi_hide_content":"","_relevanssi_pin_for_all":"","_relevanssi_pin_keywords":"","_relevanssi_unpin_keywords":"","_relevanssi_related_keywords":"","_relevanssi_related_include_ids":"","_relevanssi_related_exclude_ids":"","_relevanssi_related_no_append":"","_relevanssi_related_not_related":"","_relevanssi_related_posts":""},"product_brand":[],"product_cat":[65329,65329,44373,44373],"product_tag":[],"family":[],"class_list":{"0":"post-382200","1":"product","2":"type-product","3":"status-publish","4":"has-post-thumbnail","6":"product_cat-architektural-de-stromschienensysteme-und-scheinwerfer-de-innenleuchten-de","8":"product_cat-stromschienensysteme-und-scheinwerfer-de-innenleuchten-de","10":"pa_anti-vandalisme-de-nein","11":"pa_avec-prises-usb-de-keine","12":"pa_batterie-rechargeable-usb-de-nein","13":"pa_canal-web-de-yes","14":"pa_cellules-solaires-de-nein","15":"pa_classe-energetique-liste-de-energieklasse-f","16":"pa_conformite-ce-de-ce-genehmigung","17":"pa_convertisseur-inclus-de-konverter-separat-bestellen","18":"pa_convertisseur-remplacable-de-treiber-nicht-austauschbar","19":"pa_couleur-de-schwarz-matt","20":"pa_description-technique-de-boru-3-25w-2700lm-40","21":"pa_detecteur-de-mouvement-de-nein","22":"pa_dimmable-de-optional","23":"pa_duree-de-vie-de-l80b50-50-000h","24":"pa_garantie-de-5-jahre","25":"pa_hauteur-de-44","26":"pa_irc-ra-de-cri90","27":"pa_largeur-de-22","28":"pa_largeur-de-faisceau-de-40","29":"pa_led-remplacable-de-led-nicht-austauschbar","30":"pa_lieu-de-montage-de-verwendung-nur-in-innenraeumen","31":"pa_longueur-de-435","32":"pa_matiere-corps-de-aluminium","33":"pa_montage-et-diffusion-de-nur-deckenmontage","34":"pa_new-de-new","35":"pa_nombre-de-sources-de-24","36":"pa_puissance-luminaire-de-25","37":"pa_reference-indigo-de-tr44905","38":"pa_rg-risque-photobiologique-de-rg1","39":"pa_surface-de-montage-de-decke","40":"pa_tarif-euro-de-31000","41":"pa_tarif-franc-suisse-de-31000","42":"pa_technologie-de-integrierte-led","43":"pa_temperature-de-couleur-de-wahl-der-farbtemperatur-2700-3000-4000k","44":"pa_test-au-fil-incandescent-de-850","45":"pa_type-de-montage-de-auf-schienen","46":"pa_type-de-selection-cct-de-auf-dem-konverter","47":"pa_ugr-unified-glare-ratio-de-ugr-niedriger-als-12","49":"first","50":"instock","51":"shipping-taxable","52":"purchasable","53":"product-type-variable"},"acf":[],"_links":{"self":[{"href":"https:\/\/www.indigo-lighting.com\/de\/wp-json\/wp\/v2\/product\/382200","targetHints":{"allow":["GET"]}}],"collection":[{"href":"https:\/\/www.indigo-lighting.com\/de\/wp-json\/wp\/v2\/product"}],"about":[{"href":"https:\/\/www.indigo-lighting.com\/de\/wp-json\/wp\/v2\/types\/product"}],"replies":[{"embeddable":true,"href":"https:\/\/www.indigo-lighting.com\/de\/wp-json\/wp\/v2\/comments?post=382200"}],"wp:featuredmedia":[{"embeddable":true,"href":"https:\/\/www.indigo-lighting.com\/de\/wp-json\/wp\/v2\/media\/777762"}],"wp:attachment":[{"href":"https:\/\/www.indigo-lighting.com\/de\/wp-json\/wp\/v2\/media?parent=382200"}],"wp:term":[{"taxonomy":"product_brand","embeddable":true,"href":"https:\/\/www.indigo-lighting.com\/de\/wp-json\/wp\/v2\/product_brand?post=382200"},{"taxonomy":"product_cat","embeddable":true,"href":"https:\/\/www.indigo-lighting.com\/de\/wp-json\/wp\/v2\/product_cat?post=382200"},{"taxonomy":"product_tag","embeddable":true,"href":"https:\/\/www.indigo-lighting.com\/de\/wp-json\/wp\/v2\/product_tag?post=382200"},{"taxonomy":"family","embeddable":true,"href":"https:\/\/www.indigo-lighting.com\/de\/wp-json\/wp\/v2\/family?post=382200"}],"curies":[{"name":"wp","href":"https:\/\/api.w.org\/{rel}","templated":true}]}}