{"id":382174,"date":"2025-05-13T10:36:50","date_gmt":"2023-07-18T16:30:52","guid":{"rendered":"https:\/\/www.indigo-lighting.com\/product\/ray-3\/"},"modified":"2026-03-30T20:48:23","modified_gmt":"2026-03-30T18:48:23","slug":"ray","status":"publish","type":"product","link":"https:\/\/www.indigo-lighting.com\/de\/product\/ray\/","title":{"rendered":"RAY"},"content":{"rendered":"<ul>\n<li>Scheinwerfer f\u00fcr Akzentbeleuchtung.<\/li>\n<li>Adapter f\u00fcr Track UNO.<\/li>\n<li>2700K, 3000K oder 4000K nach Wahl \u00fcber einen Schalter auf der R\u00fcckseite der Leuchte.<\/li>\n<li>Inklusive nicht dimmbarer oder dimmbarer Treiber.<\/li>\n<\/ul>\n","protected":false},"excerpt":{"rendered":"<p>Scheinwerfer f\u00fcr Akzentbeleuchtung. Adapter f\u00fcr Track UNO. 2700K, 3000K oder 4000K nach Wahl \u00fcber einen Schalter auf der R\u00fcckseite der Leuchte. Inklusive nicht dimmbarer oder dimmbarer Treiber.<\/p>\n","protected":false},"featured_media":775864,"comment_status":"open","ping_status":"closed","template":"","meta":{"_acf_changed":false,"_relevanssi_hide_post":"","_relevanssi_hide_content":"","_relevanssi_pin_for_all":"","_relevanssi_pin_keywords":"","_relevanssi_unpin_keywords":"","_relevanssi_related_keywords":"","_relevanssi_related_include_ids":"","_relevanssi_related_exclude_ids":"","_relevanssi_related_no_append":"","_relevanssi_related_not_related":"","_relevanssi_related_posts":""},"product_brand":[],"product_cat":[65327,65327,44373,44373],"product_tag":[],"family":[],"class_list":{"0":"post-382174","1":"product","2":"type-product","3":"status-publish","4":"has-post-thumbnail","6":"product_cat-1-phase-de-stromschienensysteme-und-scheinwerfer-de-innenleuchten-de","8":"product_cat-stromschienensysteme-und-scheinwerfer-de-innenleuchten-de","10":"pa_ac-dc-de-ac-230v","11":"pa_angle-d-inclinaison-de-90","12":"pa_angle-de-rotation-de-350","13":"pa_anti-vandalisme-de-nein","14":"pa_avec-prises-usb-de-keine","15":"pa_batterie-rechargeable-usb-de-nein","16":"pa_canal-web-de-yes","17":"pa_cellules-solaires-de-nein","18":"pa_classe-energetique-liste-de-energieklasse-g","19":"pa_conformite-ce-de-ce-genehmigung","20":"pa_convertisseur-inclus-de-inklusive-konverter","21":"pa_convertisseur-remplacable-de-treiber-von-einem-elektriker-austauschbar","22":"pa_couleur-de-schwarz-matt","23":"pa_couleur-de-weiss-matt","24":"pa_description-technique-de-ray-13w-1405lm-38","25":"pa_description-technique-de-ray-15w-1580lm-38-dim","26":"pa_detecteur-de-mouvement-de-nein","27":"pa_diametre-de-75","28":"pa_dimmable-de-ja","29":"pa_dimmable-de-nein","30":"pa_duree-de-vie-de-l80b10-50-000h","31":"pa_garantie-de-5-jahre","32":"pa_hauteur-de-75","33":"pa_irc-ra-de-cri90","34":"pa_largeur-de-faisceau-de-38","35":"pa_led-remplacable-de-led-von-einem-elektriker-austauschbar","36":"pa_lieu-de-montage-de-verwendung-nur-in-innenraeumen","37":"pa_matiere-corps-de-aluminium","38":"pa_montage-et-diffusion-de-nur-deckenmontage","39":"pa_nombre-de-sources-de-1","40":"pa_nombre-de-sources-norme-de-1","41":"pa_puissance-luminaire-de-13","42":"pa_puissance-luminaire-de-15","43":"pa_reference-indigo-de-tr41805","44":"pa_reference-indigo-de-tr41830","45":"pa_reference-indigo-de-tr43005","46":"pa_reference-indigo-de-tr43030","47":"pa_rg-risque-photobiologique-de-rg1","48":"pa_surface-de-montage-de-decke","49":"pa_tarif-euro-de-11100","50":"pa_tarif-euro-de-9600","51":"pa_tarif-franc-suisse-de-11100","52":"pa_tarif-franc-suisse-de-9600","53":"pa_technologie-de-integrierte-led","54":"pa_temperature-de-couleur-de-wahl-der-farbtemperatur-2700-3000-4000k","55":"pa_test-au-fil-incandescent-de-850","56":"pa_type-de-montage-de-auf-schienen","57":"pa_type-de-selection-cct-de-auf-der-rueckseite-der-leuchte","58":"pa_type-de-variation-de-dimmbar-phasenabschnitt","59":"pa_type-de-variation-de-nicht-dimmbar","60":"pa_ugr-unified-glare-ratio-de-ugr-niedriger-als-19","62":"first","63":"instock","64":"shipping-taxable","65":"purchasable","66":"product-type-variable"},"acf":[],"_links":{"self":[{"href":"https:\/\/www.indigo-lighting.com\/de\/wp-json\/wp\/v2\/product\/382174","targetHints":{"allow":["GET"]}}],"collection":[{"href":"https:\/\/www.indigo-lighting.com\/de\/wp-json\/wp\/v2\/product"}],"about":[{"href":"https:\/\/www.indigo-lighting.com\/de\/wp-json\/wp\/v2\/types\/product"}],"replies":[{"embeddable":true,"href":"https:\/\/www.indigo-lighting.com\/de\/wp-json\/wp\/v2\/comments?post=382174"}],"wp:featuredmedia":[{"embeddable":true,"href":"https:\/\/www.indigo-lighting.com\/de\/wp-json\/wp\/v2\/media\/775864"}],"wp:attachment":[{"href":"https:\/\/www.indigo-lighting.com\/de\/wp-json\/wp\/v2\/media?parent=382174"}],"wp:term":[{"taxonomy":"product_brand","embeddable":true,"href":"https:\/\/www.indigo-lighting.com\/de\/wp-json\/wp\/v2\/product_brand?post=382174"},{"taxonomy":"product_cat","embeddable":true,"href":"https:\/\/www.indigo-lighting.com\/de\/wp-json\/wp\/v2\/product_cat?post=382174"},{"taxonomy":"product_tag","embeddable":true,"href":"https:\/\/www.indigo-lighting.com\/de\/wp-json\/wp\/v2\/product_tag?post=382174"},{"taxonomy":"family","embeddable":true,"href":"https:\/\/www.indigo-lighting.com\/de\/wp-json\/wp\/v2\/family?post=382174"}],"curies":[{"name":"wp","href":"https:\/\/api.w.org\/{rel}","templated":true}]}}