{"id":382096,"date":"2025-05-13T10:36:50","date_gmt":"2024-07-16T10:57:13","guid":{"rendered":"https:\/\/www.indigo-lighting.com\/product\/thea-pro-2-3\/"},"modified":"2026-03-30T18:54:45","modified_gmt":"2026-03-30T16:54:45","slug":"thea-pro-2","status":"publish","type":"product","link":"https:\/\/www.indigo-lighting.com\/de\/product\/thea-pro-2\/","title":{"rendered":"THEA PRO 2"},"content":{"rendered":"<ul>\n<li>Runde Einbauleuchte, starr.<\/li>\n<li>Diffusor aus opalem Polycarbonat.<\/li>\n<li>Niedrige Leuchtdichte-Reflektor.<\/li>\n<li>Reflektor f\u00fcr UGR&lt;19 optional.<\/li>\n<li>THP4N mehrfachleistung: 14 oder 25W w\u00e4hlbar \u00fcber einen Schalter am Konverter.<\/li>\n<li>Befestigung mit Federn.<\/li>\n<li>Geeignet zur Abdeckung mit D\u00e4mmung, mit Ausnahme des Treiber.<\/li>\n<li>Doppelte automatische Anschlu\u00dfbox.<\/li>\n<li>Plug &amp; Play-Stecker im Lieferumfang enthalten.<\/li>\n<li>THP4N : Nicht-dimmbarer Konverter (extern) mitgeliefert.<\/li>\n<li>THP4X : DALI-, Push-Dim-Konverter nicht mitgeliefert (THP4DD separat zu bestellen).<\/li>\n<li>Optionales Notbeleuchtungsset.<\/li>\n<li>Abschlussring, der einen Bohrdurchmesser von 240 bis 290mm abdeckt bitte separat bestellen.<\/li>\n<\/ul>\n","protected":false},"excerpt":{"rendered":"<p>Runde Einbauleuchte, starr. Diffusor aus opalem Polycarbonat. Niedrige Leuchtdichte-Reflektor. Reflektor f\u00fcr UGR&lt;19 optional. THP4N mehrfachleistung: 14 oder 25W w\u00e4hlbar \u00fcber einen Schalter am Konverter. Befestigung mit Federn. Geeignet zur Abdeckung mit D\u00e4mmung, mit Ausnahme des Treiber. Doppelte automatische Anschlu\u00dfbox. Plug &amp; Play-Stecker im Lieferumfang enthalten. THP4N : Nicht-dimmbarer Konverter (extern) mitgeliefert. THP4X : DALI-, Push-Dim-Konverter [&hellip;]<\/p>\n","protected":false},"featured_media":777320,"comment_status":"open","ping_status":"closed","template":"","meta":{"_acf_changed":false,"_relevanssi_hide_post":"","_relevanssi_hide_content":"","_relevanssi_pin_for_all":"","_relevanssi_pin_keywords":"","_relevanssi_unpin_keywords":"","_relevanssi_related_keywords":"","_relevanssi_related_include_ids":"","_relevanssi_related_exclude_ids":"","_relevanssi_related_no_append":"","_relevanssi_related_not_related":"","_relevanssi_related_posts":""},"product_brand":[],"product_cat":[44366,44366],"product_tag":[],"family":[],"class_list":{"0":"post-382096","1":"product","2":"type-product","3":"status-publish","4":"has-post-thumbnail","6":"product_cat-einbauleuchten-de-innenleuchten-de","8":"pa_ac-dc-de-ac-230v-dc-650ma","9":"pa_ac-dc-de-dc-650ma","10":"pa_avec-prises-usb-de-keine","11":"pa_batterie-rechargeable-usb-de-nein","12":"pa_canal-web-de-yes","13":"pa_cellules-solaires-de-nein","14":"pa_classe-energetique-liste-de-energieklasse-b","15":"pa_conformite-ce-de-ce-genehmigung","16":"pa_conformite-re2020-de-nein","17":"pa_convertisseur-inclus-de-inklusive-konverter","18":"pa_convertisseur-inclus-de-konverter-separat-bestellen","19":"pa_convertisseur-remplacable-de-treiber-von-einem-elektriker-austauschbar","20":"pa_couleur-de-weiss","21":"pa_description-technique-de-thea-pro-2-14-25w-2400-4400lm-4000k-80-ip65-230v","22":"pa_description-technique-de-thea-pro-2-25w-4400lm-4000k-80-ip65-650ma","23":"pa_detecteur-de-mouvement-de-nein","24":"pa_diametre-de-220","25":"pa_diametre-d-encastrement-de-165-200","26":"pa_dimmable-de-nein","27":"pa_dimmable-de-optional","28":"pa_duree-de-vie-de-l80b10-80-000h","29":"pa_flux-lumineux-luminaire-de-3500","30":"pa_flux-lumineux-source-de-4400","31":"pa_garantie-de-5-jahre","32":"pa_hauteur-de-99","33":"pa_irc-ra-de-cri80","34":"pa_largeur-de-faisceau-de-80","35":"pa_led-remplacable-de-led-von-einem-elektriker-austauschbar","36":"pa_lieu-de-montage-de-verwendung-nur-in-innenraeumen","37":"pa_matiere-corps-de-aluminium-thermoplast","38":"pa_montage-et-diffusion-de-nur-deckeneinbaumontage","39":"pa_nombre-de-sources-de-1","40":"pa_nombre-de-sources-norme-de-1","41":"pa_puissance-luminaire-de-25","42":"pa_recouvrable-par-un-isolant-de-das-produkt-darf-nach-der-montage-nicht-abgedeckt-werden-auch-nicht-mit-einer-daemmung","43":"pa_reference-indigo-de-thp4n","44":"pa_reference-indigo-de-thp4x","45":"pa_rg-risque-photobiologique-de-rg1","46":"pa_surface-de-montage-de-decke","47":"pa_tarif-euro-de-6500","48":"pa_tarif-euro-de-7000","49":"pa_tarif-franc-suisse-de-6500","50":"pa_tarif-franc-suisse-de-7000","51":"pa_technologie-de-integrierte-led","52":"pa_temperature-de-couleur-de-4000k","53":"pa_test-au-fil-incandescent-de-850","54":"pa_type-de-montage-de-eingebaut","55":"pa_type-de-variation-de-nicht-dimmbar","56":"pa_ugr-unified-glare-ratio-de-ugr-niedriger-als-22","58":"first","59":"instock","60":"shipping-taxable","61":"purchasable","62":"product-type-variable"},"acf":[],"_links":{"self":[{"href":"https:\/\/www.indigo-lighting.com\/de\/wp-json\/wp\/v2\/product\/382096","targetHints":{"allow":["GET"]}}],"collection":[{"href":"https:\/\/www.indigo-lighting.com\/de\/wp-json\/wp\/v2\/product"}],"about":[{"href":"https:\/\/www.indigo-lighting.com\/de\/wp-json\/wp\/v2\/types\/product"}],"replies":[{"embeddable":true,"href":"https:\/\/www.indigo-lighting.com\/de\/wp-json\/wp\/v2\/comments?post=382096"}],"wp:featuredmedia":[{"embeddable":true,"href":"https:\/\/www.indigo-lighting.com\/de\/wp-json\/wp\/v2\/media\/777320"}],"wp:attachment":[{"href":"https:\/\/www.indigo-lighting.com\/de\/wp-json\/wp\/v2\/media?parent=382096"}],"wp:term":[{"taxonomy":"product_brand","embeddable":true,"href":"https:\/\/www.indigo-lighting.com\/de\/wp-json\/wp\/v2\/product_brand?post=382096"},{"taxonomy":"product_cat","embeddable":true,"href":"https:\/\/www.indigo-lighting.com\/de\/wp-json\/wp\/v2\/product_cat?post=382096"},{"taxonomy":"product_tag","embeddable":true,"href":"https:\/\/www.indigo-lighting.com\/de\/wp-json\/wp\/v2\/product_tag?post=382096"},{"taxonomy":"family","embeddable":true,"href":"https:\/\/www.indigo-lighting.com\/de\/wp-json\/wp\/v2\/family?post=382096"}],"curies":[{"name":"wp","href":"https:\/\/api.w.org\/{rel}","templated":true}]}}