{"id":382090,"date":"2025-05-13T10:36:50","date_gmt":"2024-07-16T10:57:13","guid":{"rendered":"https:\/\/www.indigo-lighting.com\/product\/thea-lite-csp-2-3\/"},"modified":"2026-03-30T18:53:39","modified_gmt":"2026-03-30T16:53:39","slug":"thea-lite-csp-2","status":"publish","type":"product","link":"https:\/\/www.indigo-lighting.com\/de\/product\/thea-lite-csp-2\/","title":{"rendered":"THEA LITE CSP 2"},"content":{"rendered":"<ul>\n<li>Runde Einbauleuchte, starr, 3 in 1.<\/li>\n<li>3000K, 4000K oder 6500K nach Wahl \u00fcber einen Schalter auf der R\u00fcckseite der Leuchte.<\/li>\n<li>Befestigung mit Federn.<\/li>\n<li>Doppelte automatische Anschlu\u00dfbox.<\/li>\n<li>Plug &amp; Play-Stecker im Lieferumfang enthalten.<\/li>\n<li>THL2T : Dimmbare Phasenanschnitt-Konverter (extern) mitgeliefert.<\/li>\n<li>THL2X : DALI-, Push-Dim- und 0-10V-Konverter nicht mitgeliefert (PS250600MA separat zu bestellen).<\/li>\n<li>Optionales Notbeleuchtungsset.<\/li>\n<\/ul>\n","protected":false},"excerpt":{"rendered":"<p>Runde Einbauleuchte, starr, 3 in 1. 3000K, 4000K oder 6500K nach Wahl \u00fcber einen Schalter auf der R\u00fcckseite der Leuchte. Befestigung mit Federn. Doppelte automatische Anschlu\u00dfbox. Plug &amp; Play-Stecker im Lieferumfang enthalten. THL2T : Dimmbare Phasenanschnitt-Konverter (extern) mitgeliefert. THL2X : DALI-, Push-Dim- und 0-10V-Konverter nicht mitgeliefert (PS250600MA separat zu bestellen). Optionales Notbeleuchtungsset.<\/p>\n","protected":false},"featured_media":777026,"comment_status":"open","ping_status":"closed","template":"","meta":{"_acf_changed":false,"_relevanssi_hide_post":"","_relevanssi_hide_content":"","_relevanssi_pin_for_all":"","_relevanssi_pin_keywords":"","_relevanssi_unpin_keywords":"","_relevanssi_related_keywords":"","_relevanssi_related_include_ids":"","_relevanssi_related_exclude_ids":"","_relevanssi_related_no_append":"","_relevanssi_related_not_related":"","_relevanssi_related_posts":""},"product_brand":[],"product_cat":[44366,44366],"product_tag":[],"family":[],"class_list":{"0":"post-382090","1":"product","2":"type-product","3":"status-publish","4":"has-post-thumbnail","6":"product_cat-einbauleuchten-de-innenleuchten-de","8":"pa_ac-dc-de-ac-230v-dc-500ma","9":"pa_ac-dc-de-dc-350ma","10":"pa_avec-prises-usb-de-keine","11":"pa_batterie-rechargeable-usb-de-nein","12":"pa_canal-web-de-yes","13":"pa_cellules-solaires-de-nein","14":"pa_classe-energetique-liste-de-energieklasse-b","15":"pa_classe-energetique-liste-de-energieklasse-d","16":"pa_conformite-ce-de-ce-genehmigung","17":"pa_conformite-re2020-de-nein","18":"pa_convertisseur-inclus-de-inklusive-konverter-schutzklasse-ii","19":"pa_convertisseur-inclus-de-konverter-separat-bestellen","20":"pa_convertisseur-remplacable-de-treiber-von-einem-elektriker-austauschbar","21":"pa_couleur-de-weiss","22":"pa_description-technique-de-thea-lite-csp-2-14w-1680lm-90-ip54-350ma","23":"pa_description-technique-de-thea-lite-csp-2-14w-2000lm-90-ip54-dim-230v","24":"pa_detecteur-de-mouvement-de-nein","25":"pa_diametre-de-170","26":"pa_diametre-d-encastrement-de-150","27":"pa_dimmable-de-ja","28":"pa_dimmable-de-optional","29":"pa_duree-de-vie-de-l70b10-50-000h","30":"pa_garantie-de-5-jahre","31":"pa_hauteur-de-33","32":"pa_irc-ra-de-cri80","33":"pa_largeur-de-faisceau-de-90","34":"pa_led-remplacable-de-led-von-einem-elektriker-austauschbar","35":"pa_lieu-de-montage-de-verwendung-nur-in-innenraeumen","36":"pa_matiere-corps-de-aluminium","37":"pa_montage-et-diffusion-de-nur-deckeneinbaumontage","38":"pa_new-de-new","39":"pa_nombre-de-sources-de-1","40":"pa_nombre-de-sources-norme-de-1","41":"pa_puissance-luminaire-de-14","42":"pa_recouvrable-par-un-isolant-de-das-produkt-darf-nach-der-montage-nicht-abgedeckt-werden-auch-nicht-mit-einer-daemmung","43":"pa_reference-indigo-de-thl2t","44":"pa_reference-indigo-de-thl2x","45":"pa_rg-risque-photobiologique-de-rg1","46":"pa_surface-de-montage-de-decke","47":"pa_tarif-euro-de-3700","48":"pa_tarif-euro-de-4600","49":"pa_tarif-franc-suisse-de-3700","50":"pa_tarif-franc-suisse-de-4600","51":"pa_technologie-de-integrierte-led","52":"pa_temperature-de-couleur-de-wahl-der-farbtemperatur-3000-4000-6500k","53":"pa_test-au-fil-incandescent-de-850","54":"pa_type-de-montage-de-eingebaut","55":"pa_type-de-selection-cct-de-auf-der-rueckseite-der-leuchte","56":"pa_type-de-variation-de-kompatibel-mit-dimmer-fuer-phasenanfang-und-ende","57":"pa_ugr-unified-glare-ratio-de-ugr-niedriger-als-25","59":"first","60":"instock","61":"shipping-taxable","62":"purchasable","63":"product-type-variable"},"acf":[],"_links":{"self":[{"href":"https:\/\/www.indigo-lighting.com\/de\/wp-json\/wp\/v2\/product\/382090","targetHints":{"allow":["GET"]}}],"collection":[{"href":"https:\/\/www.indigo-lighting.com\/de\/wp-json\/wp\/v2\/product"}],"about":[{"href":"https:\/\/www.indigo-lighting.com\/de\/wp-json\/wp\/v2\/types\/product"}],"replies":[{"embeddable":true,"href":"https:\/\/www.indigo-lighting.com\/de\/wp-json\/wp\/v2\/comments?post=382090"}],"wp:featuredmedia":[{"embeddable":true,"href":"https:\/\/www.indigo-lighting.com\/de\/wp-json\/wp\/v2\/media\/777026"}],"wp:attachment":[{"href":"https:\/\/www.indigo-lighting.com\/de\/wp-json\/wp\/v2\/media?parent=382090"}],"wp:term":[{"taxonomy":"product_brand","embeddable":true,"href":"https:\/\/www.indigo-lighting.com\/de\/wp-json\/wp\/v2\/product_brand?post=382090"},{"taxonomy":"product_cat","embeddable":true,"href":"https:\/\/www.indigo-lighting.com\/de\/wp-json\/wp\/v2\/product_cat?post=382090"},{"taxonomy":"product_tag","embeddable":true,"href":"https:\/\/www.indigo-lighting.com\/de\/wp-json\/wp\/v2\/product_tag?post=382090"},{"taxonomy":"family","embeddable":true,"href":"https:\/\/www.indigo-lighting.com\/de\/wp-json\/wp\/v2\/family?post=382090"}],"curies":[{"name":"wp","href":"https:\/\/api.w.org\/{rel}","templated":true}]}}