{"id":382088,"date":"2025-05-13T10:36:50","date_gmt":"2024-07-16T10:57:13","guid":{"rendered":"https:\/\/www.indigo-lighting.com\/product\/thea-lite-csp-1-3\/"},"modified":"2026-03-30T18:53:12","modified_gmt":"2026-03-30T16:53:12","slug":"thea-lite-csp-1","status":"publish","type":"product","link":"https:\/\/www.indigo-lighting.com\/de\/product\/thea-lite-csp-1\/","title":{"rendered":"THEA LITE CSP 1"},"content":{"rendered":"<ul>\n<li>Runde Einbauleuchte, starr, 3 in 1.<\/li>\n<li>3000K, 4000K oder 6000K nach Wahl \u00fcber einen Schalter auf der R\u00fcckseite der Leuchte.<\/li>\n<li>Befestigung mit Federn.<\/li>\n<li>Doppelte automatische Anschlu\u00dfbox.<\/li>\n<li>Plug &amp; Play-Stecker im Lieferumfang enthalten.<\/li>\n<li>THL1T : Dimmbare Phasenanschnitt-Konverter (extern) mitgeliefert.<\/li>\n<li>THL1X : DALI-, Push-Dim- und 0-10V-Konverter nicht mitgeliefert (PS250600MA separat zu bestellen).<\/li>\n<li>Optionales Notbeleuchtungsset.<\/li>\n<\/ul>\n","protected":false},"excerpt":{"rendered":"<p>Runde Einbauleuchte, starr, 3 in 1. 3000K, 4000K oder 6000K nach Wahl \u00fcber einen Schalter auf der R\u00fcckseite der Leuchte. Befestigung mit Federn. Doppelte automatische Anschlu\u00dfbox. Plug &amp; Play-Stecker im Lieferumfang enthalten. THL1T : Dimmbare Phasenanschnitt-Konverter (extern) mitgeliefert. THL1X : DALI-, Push-Dim- und 0-10V-Konverter nicht mitgeliefert (PS250600MA separat zu bestellen). Optionales Notbeleuchtungsset.<\/p>\n","protected":false},"featured_media":776950,"comment_status":"open","ping_status":"closed","template":"","meta":{"_acf_changed":false,"_relevanssi_hide_post":"","_relevanssi_hide_content":"","_relevanssi_pin_for_all":"","_relevanssi_pin_keywords":"","_relevanssi_unpin_keywords":"","_relevanssi_related_keywords":"","_relevanssi_related_include_ids":"","_relevanssi_related_exclude_ids":"","_relevanssi_related_no_append":"","_relevanssi_related_not_related":"","_relevanssi_related_posts":""},"product_brand":[],"product_cat":[33836,44366],"product_tag":[],"family":[],"class_list":{"0":"post-382088","1":"product","2":"type-product","3":"status-publish","4":"has-post-thumbnail","6":"product_cat-downlights-interieur","7":"product_cat-einbauleuchten-de-innenleuchten-de","8":"pa_ac-dc-de-ac-230v-dc-500ma","9":"pa_ac-dc-de-dc-250ma","10":"pa_avec-prises-usb-de-keine","11":"pa_batterie-rechargeable-usb-de-nein","12":"pa_canal-web-de-yes","13":"pa_cellules-solaires-de-nein","14":"pa_classe-energetique-liste-de-energieklasse-c","15":"pa_conformite-ce-de-ce-genehmigung","16":"pa_conformite-re2020-de-nein","17":"pa_convertisseur-inclus-de-inklusive-konverter-schutzklasse-ii","18":"pa_convertisseur-inclus-de-konverter-separat-bestellen","19":"pa_convertisseur-remplacable-de-treiber-von-einem-elektriker-austauschbar","20":"pa_couleur-de-weiss","21":"pa_description-technique-de-thea-lite-csp-1-10w-1600lm-80-ip54-250ma","22":"pa_description-technique-de-thea-lite-csp-1-10w-1600lm-80-ip54-dim-230v","23":"pa_detecteur-de-mouvement-de-nein","24":"pa_diametre-de-120","25":"pa_diametre-d-encastrement-de-100","26":"pa_dimmable-de-ja","27":"pa_dimmable-de-optional","28":"pa_duree-de-vie-de-l70b10-50-000h","29":"pa_garantie-de-5-jahre","30":"pa_hauteur-de-33","31":"pa_irc-ra-de-cri80","32":"pa_largeur-de-faisceau-de-80","33":"pa_led-remplacable-de-led-von-einem-elektriker-austauschbar","34":"pa_lieu-de-montage-de-verwendung-nur-in-innenraeumen","35":"pa_matiere-corps-de-aluminium","36":"pa_montage-et-diffusion-de-nur-deckeneinbaumontage","37":"pa_new-de-new","38":"pa_nombre-de-sources-de-1","39":"pa_nombre-de-sources-norme-de-1","40":"pa_puissance-luminaire-de-10","41":"pa_recouvrable-par-un-isolant-de-das-produkt-darf-nach-der-montage-nicht-abgedeckt-werden-auch-nicht-mit-einer-daemmung","42":"pa_reference-indigo-de-thl1t","43":"pa_reference-indigo-de-thl1x","44":"pa_rg-risque-photobiologique-de-rg1","45":"pa_surface-de-montage-de-decke","46":"pa_tarif-euro-de-2900","47":"pa_tarif-euro-de-3600","48":"pa_tarif-franc-suisse-de-2900","49":"pa_tarif-franc-suisse-de-3600","50":"pa_technologie-de-integrierte-led","51":"pa_temperature-de-couleur-de-wahl-der-farbtemperatur-3000-4000-6000k","52":"pa_test-au-fil-incandescent-de-850","53":"pa_type-de-montage-de-eingebaut","54":"pa_type-de-selection-cct-de-auf-der-rueckseite-der-leuchte","55":"pa_type-de-variation-de-kompatibel-mit-dimmer-fuer-phasenanfang-und-ende","56":"pa_ugr-unified-glare-ratio-de-ugr-niedriger-als-27","58":"first","59":"instock","60":"shipping-taxable","61":"purchasable","62":"product-type-variable"},"acf":[],"_links":{"self":[{"href":"https:\/\/www.indigo-lighting.com\/de\/wp-json\/wp\/v2\/product\/382088","targetHints":{"allow":["GET"]}}],"collection":[{"href":"https:\/\/www.indigo-lighting.com\/de\/wp-json\/wp\/v2\/product"}],"about":[{"href":"https:\/\/www.indigo-lighting.com\/de\/wp-json\/wp\/v2\/types\/product"}],"replies":[{"embeddable":true,"href":"https:\/\/www.indigo-lighting.com\/de\/wp-json\/wp\/v2\/comments?post=382088"}],"wp:featuredmedia":[{"embeddable":true,"href":"https:\/\/www.indigo-lighting.com\/de\/wp-json\/wp\/v2\/media\/776950"}],"wp:attachment":[{"href":"https:\/\/www.indigo-lighting.com\/de\/wp-json\/wp\/v2\/media?parent=382088"}],"wp:term":[{"taxonomy":"product_brand","embeddable":true,"href":"https:\/\/www.indigo-lighting.com\/de\/wp-json\/wp\/v2\/product_brand?post=382088"},{"taxonomy":"product_cat","embeddable":true,"href":"https:\/\/www.indigo-lighting.com\/de\/wp-json\/wp\/v2\/product_cat?post=382088"},{"taxonomy":"product_tag","embeddable":true,"href":"https:\/\/www.indigo-lighting.com\/de\/wp-json\/wp\/v2\/product_tag?post=382088"},{"taxonomy":"family","embeddable":true,"href":"https:\/\/www.indigo-lighting.com\/de\/wp-json\/wp\/v2\/family?post=382088"}],"curies":[{"name":"wp","href":"https:\/\/api.w.org\/{rel}","templated":true}]}}