{"id":382042,"date":"2025-05-13T10:36:50","date_gmt":"2023-12-08T12:01:57","guid":{"rendered":"https:\/\/www.indigo-lighting.com\/product\/springbok-lite-1-3\/"},"modified":"2026-03-30T19:37:28","modified_gmt":"2026-03-30T17:37:28","slug":"springbok-lite-1","status":"publish","type":"product","link":"https:\/\/www.indigo-lighting.com\/de\/product\/springbok-lite-1\/","title":{"rendered":"SPRINGBOK LITE 1"},"content":{"rendered":"<ul>\n<li>Industrielle Pendelleuchte f\u00fcr gro\u00dfe H\u00f6hen.<\/li>\n<li>Diffusor aus geh\u00e4rtetem Glas.<\/li>\n<li>Inklusive schwarzem 1,50m H05RN-F Stromkabel und M10-Aufh\u00e4ngeschlaufe.<\/li>\n<li>In der Leuchte integrierter nicht dimmbarer Konverter.<\/li>\n<li>Installation bis zu einer H\u00f6he von 15m m\u00f6glich.<\/li>\n<li>Optionales Zubeh\u00f6r : 270\u00b0 verstellbarer Halteb\u00fcgel, 80\u00b0 prismatischer Reflektor, Hyperfrequenz-Detektor und Fernbedienung zur Parametrierung des\/der Detektor(en).<\/li>\n<li>Standardeinstellungen des Hyperfrequenz-Detektor : Einschaltdauer 5 Sek., Helligkeitssensor deaktiviert, Erfassungsbereich 100%.<\/li>\n<li>Die Fernbedienung ist erforderlich, um weitere Einstellungen zu parametrieren.<\/li>\n<\/ul>\n","protected":false},"excerpt":{"rendered":"<p>Industrielle Pendelleuchte f\u00fcr gro\u00dfe H\u00f6hen. Diffusor aus geh\u00e4rtetem Glas. Inklusive schwarzem 1,50m H05RN-F Stromkabel und M10-Aufh\u00e4ngeschlaufe. In der Leuchte integrierter nicht dimmbarer Konverter. Installation bis zu einer H\u00f6he von 15m m\u00f6glich. Optionales Zubeh\u00f6r : 270\u00b0 verstellbarer Halteb\u00fcgel, 80\u00b0 prismatischer Reflektor, Hyperfrequenz-Detektor und Fernbedienung zur Parametrierung des\/der Detektor(en). Standardeinstellungen des Hyperfrequenz-Detektor : Einschaltdauer 5 Sek., Helligkeitssensor [&hellip;]<\/p>\n","protected":false},"featured_media":775133,"comment_status":"open","ping_status":"closed","template":"","meta":{"_acf_changed":false,"_relevanssi_hide_post":"","_relevanssi_hide_content":"","_relevanssi_pin_for_all":"","_relevanssi_pin_keywords":"","_relevanssi_unpin_keywords":"","_relevanssi_related_keywords":"","_relevanssi_related_include_ids":"","_relevanssi_related_exclude_ids":"","_relevanssi_related_no_append":"","_relevanssi_related_not_related":"","_relevanssi_related_posts":""},"product_brand":[],"product_cat":[44377,33844],"product_tag":[],"family":[],"class_list":{"0":"post-382042","1":"product","2":"type-product","3":"status-publish","4":"has-post-thumbnail","6":"product_cat-high-bay-de-innenleuchten-de","7":"product_cat-high-bay-interieur","8":"pa_ac-dc-de-ac-230v","9":"pa_avec-prises-usb-de-keine","10":"pa_batterie-rechargeable-usb-de-nein","11":"pa_canal-web-de-yes","12":"pa_cellules-solaires-de-nein","13":"pa_classe-energetique-liste-de-energieklasse-d","14":"pa_conformite-ce-de-ce-genehmigung","15":"pa_convertisseur-inclus-de-inklusive-konverter","16":"pa_convertisseur-remplacable-de-treiber-von-einem-elektriker-austauschbar","17":"pa_couleur-de-schwarz","18":"pa_description-technique-de-springbok-lite-1-80w-12350lm-3000k-110-ip65","19":"pa_description-technique-de-springbok-lite-1-80w-13150lm-4000k-110-ip65","20":"pa_detecteur-de-mouvement-de-optional","21":"pa_diametre-de-210","22":"pa_dimmable-de-nein","23":"pa_duree-de-vie-de-l80b50-50-000h","24":"pa_flux-lumineux-luminaire-de-10185","25":"pa_flux-lumineux-luminaire-de-10545","26":"pa_flux-lumineux-source-de-12350","27":"pa_flux-lumineux-source-de-13150","28":"pa_garantie-de-5-jahre","29":"pa_hauteur-de-159","30":"pa_instructions-d-installation-de-a-befestigen-sie-die-beiden-gewichtsplatten-und-die-montagehalterung-mit-den-drei-mitgelieferten-schrauben-am-melder-abb-1","31":"pa_instructions-d-installation-de-a-entfernen-sie-die-abdeckung-des-batteriefachs-und-vergewissern-sie-sich-dass-2-aaa-batterien-eingelegt-sind-und-die-lasche-entfernt-ist","32":"pa_instructions-d-installation-de-a-heben-sie-die-industrieaufhaengung-mit-einer-geeigneten-kette-nicht-mitgeliefert-an-und-befestigen-sie-sie-an-der-mitgelieferten-m10-aufhaengeschlaufe-das-gewicht-des-produkts-muss-bei-der-auswa","33":"pa_instructions-d-installation-de-a-positionieren-sie-den-buegel-auf-dem-produkt-setzen-sie-die-mitgelieferten-unterlegscheiben-gelenk-und-verriegelungsschrauben-ein-und-ziehen-sie-sie-teilweise-fest-sodass-der-buegel-beweglich-b","34":"pa_instructions-d-installation-de-b-befestigen-sie-die-halterung-des-melders-an-der-seite-der-leuchte-indem-sie-eine-der-beiden-montagepositionen-und-die-mitgelieferten-m8-schrauben-verwenden-ziehen-sie-die-schrauben-fest-an-abb","35":"pa_instructions-d-installation-de-b-druecken-sie-die-taste-scene-um-alle-verfuegbaren-einstellungen-auf-dem-display-anzuzeigen","36":"pa_instructions-d-installation-de-b-stellen-sie-den-neigungswinkel-des-produkts-auf-die-gewuenschte-position-ein-und-ziehen-sie-dann-die-gelenk-und-verriegelungsschrauben-vollstaendig-an-um-das-produkt-zu-befestigen-abb-2","37":"pa_instructions-d-installation-de-b-ziehen-sie-die-befestigungsschraube-an-der-seite-der-schlaufe-an","38":"pa_instructions-d-installation-de-bemerkung-installieren-sie-diese-leuchte-nicht-im-selben-stromkreis-mit-hid-lampen","39":"pa_instructions-d-installation-de-c-das-produkt-kann-auch-mithilfe-des-separat-erhaeltlichen-verstellbaren-befestigungsbuegels-montiert-werden","40":"pa_instructions-d-installation-de-c-druecken-sie-die-start-taste-um-in-den-konfigurationsmodus-zu-gelangen-ein-blinkendes-s-erscheint-unten-links-auf-dem-display","41":"pa_instructions-d-installation-de-c-montieren-sie-den-buegel-auf-das-m20-gewinde-oder-auf-die-montageflaeche-und-befestigen-sie-ihn","42":"pa_instructions-d-installation-de-c-wenn-sie-den-80-reflektor-separat-erhaeltliches-zubehoer-ref-hb105-hb106-hb107-verwenden-befestigen-sie-die-beiden-gewichtsplatten-mit-den-3-mitgelieferten-schrauben-am-melder-befest","43":"pa_instructions-d-installation-de-d-befestigen-sie-die-halterung-der-anschlussdose-auf-der-dem-melder-gegenueberliegenden-seite-der-leuchte-mit-der-mitgelieferten-m8-schraube-auf-die-gleiche-weise-wie-die-halterung-des-melders","44":"pa_instructions-d-installation-de-d-druecken-sie-die-taste-des-einzustellenden-parameters-um-ihn-hervorzuheben","45":"pa_instructions-d-installation-de-d-schliessen-sie-die-industrieaufhaengung-an-die-netzstromversorgung-an","46":"pa_instructions-d-installation-de-der-verstellbare-befestigungsbuegel-ist-fuer-die-montage-an-einem-lichtkanal-ueber-ein-zentrales-m20-gewinde-konzipiert-kann-aber-auch-auf-andere-oberflaechen-geschraubt-werden","47":"pa_instructions-d-installation-de-die-fernbedienung-ist-fuer-die-verwendung-mit-der-springbok-lite-mit-dem-melder-kit-hb103-separat-erhaeltlich-vorgesehen","48":"pa_instructions-d-installation-de-die-maximale-reichweite-der-fernbedienung-betraegt-12-m","49":"pa_instructions-d-installation-de-die-verwendung-der-halterung-fuer-den-melder-bei-der-montage-am-reflektor-ist-nicht-erforderlich-dieses-element-kann-weggelassen-werden","50":"pa_instructions-d-installation-de-druecken-sie-die-ein-aus-taste-und-richten-sie-die-fernbedienung-auf-die-gewuenschte-leuchte-die-mit-einem-hb103-melder-ausgestattet-ist-um-das-produkt-ein-auszuschalten-und-die-fernbedienung-in-d","51":"pa_instructions-d-installation-de-e-befestigen-sie-die-anschlussdose-mit-den-2-mitgelieferten-schrauben-an-der-halterung-und-merken-sie-sich-die-lage-der-2-schraubenloecher-an-der-halterung-abb-4","52":"pa_instructions-d-installation-de-e-stellen-sie-den-hervorgehobenen-parameter-mithilfe-der-regeltasten-und-auf-den-gewuenschten-wert-ein","53":"pa_instructions-d-installation-de-ein-aus-taste","54":"pa_instructions-d-installation-de-f-gehen-sie-zum-naechsten-einzustellenden-parameter-indem-sie-die-entsprechende-taste-druecken-und-die-regeltasten-verwenden","55":"pa_instructions-d-installation-de-f-verbinden-sie-die-anschlussdraehte-des-melders-und-der-leuchte-in-der-anschlussdose-abb-5","56":"pa_instructions-d-installation-de-g-setzen-sie-die-obere-abdeckung-wieder-auf-und-befestigen-sie-sie-mit-den-4-mitgelieferten-schrauben","57":"pa_instructions-d-installation-de-g-um-die-werte-der-angezeigten-parameter-zu-speichern-druecken-sie-die-taste-memory-ein-statisches-m-erscheint-im-unteren-linken-bereich-des-displays-die-einstellungen-werden-in","58":"pa_instructions-d-installation-de-h-um-die-werte-der-angezeigten-einstellungen-auf-die-leuchte-anzuwenden-richten-sie-die-fernbedienung-auf-die-gewuenschte-leuchte-die-mit-einem-hb103-sensor-ausgestattet-ist-und-druecken-sie-apply","59":"pa_instructions-d-installation-de-hb100-hb101-hb102","60":"pa_instructions-d-installation-de-hb103","61":"pa_instructions-d-installation-de-hb104","62":"pa_instructions-d-installation-de-hb115","63":"pa_instructions-d-installation-de-i-wiederholen-sie-schritt-h-um-die-gleichen-einstellungen-auf-eine-andere-leuchte-mit-einem-sensor-anzuwenden","64":"pa_instructions-d-installation-de-konfiguration-der-einstellungen-und-anwendung-der-einstellungen-auf-die-leuchte","65":"pa_instructions-d-installation-de-nach-der-installation-dient-die-anschlussdose-als-gegengewicht-fuer-den-melder","66":"pa_irc-ra-de-cri80","67":"pa_largeur-de-faisceau-de-110","68":"pa_led-remplacable-de-led-nicht-austauschbar","69":"pa_lieu-de-montage-de-verwendung-nur-in-innenraeumen","70":"pa_matiere-corps-de-aluminiumguss","71":"pa_montage-et-diffusion-de-nur-haengende-montage","72":"pa_nombre-de-sources-de-1","73":"pa_nombre-de-sources-norme-de-1","74":"pa_puissance-luminaire-de-80","75":"pa_reference-indigo-de-hb100nw05","76":"pa_reference-indigo-de-hb100ww05","77":"pa_rg-risque-photobiologique-de-rg1","78":"pa_surface-de-montage-de-decke","79":"pa_tarif-euro-de-13300","80":"pa_tarif-franc-suisse-de-13300","81":"pa_technologie-de-integrierte-led","82":"pa_temperature-de-couleur-de-3000k","83":"pa_temperature-de-couleur-de-4000k","84":"pa_test-au-fil-incandescent-de-850","85":"pa_type-de-montage-de-haengend","86":"pa_type-de-variation-de-nicht-dimmbar","88":"first","89":"instock","90":"shipping-taxable","91":"purchasable","92":"product-type-variable"},"acf":[],"_links":{"self":[{"href":"https:\/\/www.indigo-lighting.com\/de\/wp-json\/wp\/v2\/product\/382042","targetHints":{"allow":["GET"]}}],"collection":[{"href":"https:\/\/www.indigo-lighting.com\/de\/wp-json\/wp\/v2\/product"}],"about":[{"href":"https:\/\/www.indigo-lighting.com\/de\/wp-json\/wp\/v2\/types\/product"}],"replies":[{"embeddable":true,"href":"https:\/\/www.indigo-lighting.com\/de\/wp-json\/wp\/v2\/comments?post=382042"}],"wp:featuredmedia":[{"embeddable":true,"href":"https:\/\/www.indigo-lighting.com\/de\/wp-json\/wp\/v2\/media\/775133"}],"wp:attachment":[{"href":"https:\/\/www.indigo-lighting.com\/de\/wp-json\/wp\/v2\/media?parent=382042"}],"wp:term":[{"taxonomy":"product_brand","embeddable":true,"href":"https:\/\/www.indigo-lighting.com\/de\/wp-json\/wp\/v2\/product_brand?post=382042"},{"taxonomy":"product_cat","embeddable":true,"href":"https:\/\/www.indigo-lighting.com\/de\/wp-json\/wp\/v2\/product_cat?post=382042"},{"taxonomy":"product_tag","embeddable":true,"href":"https:\/\/www.indigo-lighting.com\/de\/wp-json\/wp\/v2\/product_tag?post=382042"},{"taxonomy":"family","embeddable":true,"href":"https:\/\/www.indigo-lighting.com\/de\/wp-json\/wp\/v2\/family?post=382042"}],"curies":[{"name":"wp","href":"https:\/\/api.w.org\/{rel}","templated":true}]}}