{"id":382038,"date":"2025-05-13T10:36:50","date_gmt":"2023-12-08T12:01:28","guid":{"rendered":"https:\/\/www.indigo-lighting.com\/product\/eazy-3\/"},"modified":"2026-03-30T20:10:27","modified_gmt":"2026-03-30T18:10:27","slug":"eazy","status":"publish","type":"product","link":"https:\/\/www.indigo-lighting.com\/de\/product\/eazy\/","title":{"rendered":"EAZY"},"content":{"rendered":"<ul>\n<li>Industrielle Pendelleuchte f\u00fcr gro\u00dfe H\u00f6hen.<\/li>\n<li>Diffusor aus Polycarbonat.<\/li>\n<li>Inklusive schwarzem 1,50m H05RN-F Stromkabel, Dimmerkabel 0,20m und M10-Aufh\u00e4ngeschlaufe.<\/li>\n<li>Multipower : 100, 150 oder 200W w\u00e4hlbar \u00fcber einen Schalter auf der R\u00fcckseite der Leuchte.<\/li>\n<li>In der Leuchte integrierter dimmbarer 0-10V Konverter.<\/li>\n<li>Installation bis zu einer H\u00f6he von 15m m\u00f6glich.<\/li>\n<li>Optionales Zubeh\u00f6r : 270\u00b0 verstellbarer Halteb\u00fcgel, Schutzgitter, Polycarbonate Reflektor, Hyperfrequenz-Detektor und Fernbedienung zur Parametrierung des\/der Detektor(en). Die Verwendung des Hyperfrequenz-Detektor ist nicht m\u00f6glich, wenn ein 0-10-V-Dimmer an das Produkt angeschlossen ist.<\/li>\n<li>Standardeinstellungen des Hyperfrequenz-Detektor : Einschaltdauer 10 Min., Helligkeitssensor 50 Lux, Erfassungsbereich 100%, Abstufung des Standby-Modus 30%, Standby-Phase kontinuierlich.<\/li>\n<li>Die Fernbedienung ist erforderlich, um weitere Einstellungen zu parametrieren.<\/li>\n<\/ul>\n","protected":false},"excerpt":{"rendered":"<p>Industrielle Pendelleuchte f\u00fcr gro\u00dfe H\u00f6hen. Diffusor aus Polycarbonat. Inklusive schwarzem 1,50m H05RN-F Stromkabel, Dimmerkabel 0,20m und M10-Aufh\u00e4ngeschlaufe. Multipower : 100, 150 oder 200W w\u00e4hlbar \u00fcber einen Schalter auf der R\u00fcckseite der Leuchte. In der Leuchte integrierter dimmbarer 0-10V Konverter. Installation bis zu einer H\u00f6he von 15m m\u00f6glich. Optionales Zubeh\u00f6r : 270\u00b0 verstellbarer Halteb\u00fcgel, Schutzgitter, Polycarbonate [&hellip;]<\/p>\n","protected":false},"featured_media":775071,"comment_status":"open","ping_status":"closed","template":"","meta":{"_acf_changed":false,"_relevanssi_hide_post":"","_relevanssi_hide_content":"","_relevanssi_pin_for_all":"","_relevanssi_pin_keywords":"","_relevanssi_unpin_keywords":"","_relevanssi_related_keywords":"","_relevanssi_related_include_ids":"","_relevanssi_related_exclude_ids":"","_relevanssi_related_no_append":"","_relevanssi_related_not_related":"","_relevanssi_related_posts":""},"product_brand":[],"product_cat":[44377,44377],"product_tag":[],"family":[],"class_list":{"0":"post-382038","1":"product","2":"type-product","3":"status-publish","4":"has-post-thumbnail","6":"product_cat-high-bay-de-innenleuchten-de","8":"pa_ac-dc-de-ac-230v","9":"pa_avec-prises-usb-de-keine","10":"pa_batterie-rechargeable-usb-de-nein","11":"pa_canal-web-de-yes","12":"pa_cellules-solaires-de-nein","13":"pa_classe-energetique-liste-de-energieklasse-c","14":"pa_conformite-ce-de-ce-genehmigung","15":"pa_convertisseur-inclus-de-inklusive-konverter","16":"pa_convertisseur-remplacable-de-treiber-von-einem-elektriker-austauschbar","17":"pa_couleur-de-schwarz","18":"pa_description-technique-de-eazy-100w-150w-200w-3000k-120-ip65","19":"pa_description-technique-de-eazy-100w-150w-200w-3000k-60-ip65","20":"pa_description-technique-de-eazy-100w-150w-200w-3000k-90-ip65","21":"pa_description-technique-de-eazy-100w-150w-200w-4000k-120-ip65","22":"pa_description-technique-de-eazy-100w-150w-200w-4000k-60-ip65","23":"pa_description-technique-de-eazy-100w-150w-200w-4000k-90-ip65","24":"pa_detecteur-de-mouvement-de-optional","25":"pa_diametre-de-310","26":"pa_dimmable-de-ja","27":"pa_duree-de-vie-de-l80b10-50-000h","28":"pa_garantie-de-5-jahre","29":"pa_hauteur-de-175","30":"pa_instructions-d-installation-de-a-entfernen-sie-die-abdeckung-des-batteriefachs-und-vergewissern-sie-sich-dass-2-aaa-batterien-eingelegt-sind-und-die-lasche-entfernt-ist","31":"pa_instructions-d-installation-de-a-heben-sie-die-industrieaufhaengung-mit-einer-geeigneten-kette-nicht-mitgeliefert-an-und-befestigen-sie-sie-an-der-mitgelieferten-m10-aufhaengeschlaufe-das-gewicht-des-produkts-muss-bei-der-auswa","32":"pa_instructions-d-installation-de-a-positionieren-sie-den-buegel-auf-dem-produkt-setzen-sie-die-mitgelieferten-unterlegscheiben-gelenk-und-verriegelungsschrauben-ein-und-ziehen-sie-sie-teilweise-fest-sodass-der-buegel-beweglich-b","33":"pa_instructions-d-installation-de-a-um-den-melder-zu-installieren-entfernen-sie-die-vordere-mittlere-abdeckung-an-der-leuchte-indem-sie-sie-gegen-den-uhrzeigersinn-drehen-und-herausziehen-abb-1","34":"pa_instructions-d-installation-de-b-druecken-sie-die-taste-scene-um-alle-verfuegbaren-einstellungen-auf-dem-display-anzuzeigen","35":"pa_instructions-d-installation-de-b-richten-sie-den-groesseren-verriegelungszahn-an-der-entsprechenden-kerbe-am-produkt-aus-abb-2","36":"pa_instructions-d-installation-de-b-stellen-sie-den-neigungswinkel-des-produkts-auf-die-gewuenschte-position-ein-und-ziehen-sie-dann-die-gelenk-und-verriegelungsschrauben-vollstaendig-an-um-das-produkt-zu-befestigen-abb-2","37":"pa_instructions-d-installation-de-b-ziehen-sie-die-befestigungsschraube-an-der-seite-der-schlaufe-an","38":"pa_instructions-d-installation-de-bemerkung-die-verwendung-des-melder-ist-nicht-moeglich-wenn-ein-0-10-v-dimmer-an-das-produkt-angeschlossen-ist","39":"pa_instructions-d-installation-de-bemerkung-installieren-sie-diese-leuchte-nicht-im-selben-stromkreis-mit-hid-lampen","40":"pa_instructions-d-installation-de-c-das-produkt-kann-auch-mithilfe-des-separat-erhaeltlichen-verstellbaren-befestigungsbuegels-montiert-werden","41":"pa_instructions-d-installation-de-c-druecken-sie-den-melder-in-richtung-der-leuchte-und-drehen-sie-ihn-im-uhrzeigersinn-um-ihn-zu-arretieren","42":"pa_instructions-d-installation-de-c-druecken-sie-die-start-taste-um-in-den-konfigurationsmodus-zu-gelangen-ein-blinkendes-s-erscheint-unten-links-auf-dem-display","43":"pa_instructions-d-installation-de-c-montieren-sie-den-buegel-auf-das-m20-gewinde-oder-auf-die-montageflaeche-und-befestigen-sie-ihn","44":"pa_instructions-d-installation-de-d-druecken-sie-die-taste-des-einzustellenden-parameters-um-ihn-hervorzuheben","45":"pa_instructions-d-installation-de-d-schliessen-sie-die-industrieaufhaengung-an-die-netzstromversorgung-an","46":"pa_instructions-d-installation-de-der-verstellbare-befestigungsbuegel-ist-fuer-die-montage-an-einem-lichtkanal-ueber-ein-zentrales-m20-gewinde-konzipiert-kann-aber-auch-auf-andere-oberflaechen-geschraubt-werden","47":"pa_instructions-d-installation-de-die-fernbedienung-ist-fuer-die-verwendung-mit-der-eazy-mit-dem-melder-kit-hb114-separat-erhaeltlich-vorgesehen","48":"pa_instructions-d-installation-de-die-maximale-reichweite-der-fernbedienung-betraegt-12-m","49":"pa_instructions-d-installation-de-e-stellen-sie-den-hervorgehobenen-parameter-mithilfe-der-regeltasten-und-auf-den-gewuenschten-wert-ein","50":"pa_instructions-d-installation-de-ein-aus-taste","51":"pa_instructions-d-installation-de-f-gehen-sie-zum-naechsten-einzustellenden-parameter-indem-sie-die-entsprechende-taste-druecken-und-die-regeltasten-verwenden","52":"pa_instructions-d-installation-de-g-um-die-werte-der-angezeigten-parameter-zu-speichern-druecken-sie-die-taste-memory-ein-statisches-m-erscheint-im-unteren-linken-bereich-des-displays-die-einstellungen-werden-in","53":"pa_instructions-d-installation-de-hb104","54":"pa_instructions-d-installation-de-hb111-hb112-hb108","55":"pa_instructions-d-installation-de-hb114","56":"pa_instructions-d-installation-de-hb115","57":"pa_instructions-d-installation-de-i-wiederholen-sie-schritt-h-um-die-gleichen-einstellungen-auf-eine-andere-leuchte-mit-einem-sensor-anzuwenden","58":"pa_instructions-d-installation-de-konfiguration-der-einstellungen-und-anwendung-der-einstellungen-auf-die-leuchte","59":"pa_irc-ra-de-cri80","60":"pa_largeur-de-faisceau-de-120","61":"pa_largeur-de-faisceau-de-60","62":"pa_largeur-de-faisceau-de-90","63":"pa_led-remplacable-de-led-von-einem-elektriker-austauschbar","64":"pa_lieu-de-montage-de-verwendung-nur-in-innenraeumen","65":"pa_matiere-corps-de-aluminiumguss","66":"pa_montage-et-diffusion-de-nur-haengende-montage","67":"pa_nombre-de-sources-de-1","68":"pa_nombre-de-sources-norme-de-1","69":"pa_reference-indigo-de-hb108nw05","70":"pa_reference-indigo-de-hb108ww05","71":"pa_reference-indigo-de-hb111nw05","72":"pa_reference-indigo-de-hb111ww05","73":"pa_reference-indigo-de-hb112nw05","74":"pa_reference-indigo-de-hb112ww05","75":"pa_rg-risque-photobiologique-de-rg1","76":"pa_surface-de-montage-de-decke","77":"pa_tarif-euro-de-21100","78":"pa_tarif-franc-suisse-de-21100","79":"pa_technologie-de-integrierte-led","80":"pa_temperature-de-couleur-de-3000k","81":"pa_temperature-de-couleur-de-4000k","82":"pa_test-au-fil-incandescent-de-850","83":"pa_type-de-montage-de-haengend","84":"pa_type-de-variation-de-dimmbar-0-10v","85":"pa_ugr-unified-glare-ratio-de-ugr-niedriger-als-25","87":"first","88":"instock","89":"shipping-taxable","90":"purchasable","91":"product-type-variable"},"acf":[],"_links":{"self":[{"href":"https:\/\/www.indigo-lighting.com\/de\/wp-json\/wp\/v2\/product\/382038","targetHints":{"allow":["GET"]}}],"collection":[{"href":"https:\/\/www.indigo-lighting.com\/de\/wp-json\/wp\/v2\/product"}],"about":[{"href":"https:\/\/www.indigo-lighting.com\/de\/wp-json\/wp\/v2\/types\/product"}],"replies":[{"embeddable":true,"href":"https:\/\/www.indigo-lighting.com\/de\/wp-json\/wp\/v2\/comments?post=382038"}],"wp:featuredmedia":[{"embeddable":true,"href":"https:\/\/www.indigo-lighting.com\/de\/wp-json\/wp\/v2\/media\/775071"}],"wp:attachment":[{"href":"https:\/\/www.indigo-lighting.com\/de\/wp-json\/wp\/v2\/media?parent=382038"}],"wp:term":[{"taxonomy":"product_brand","embeddable":true,"href":"https:\/\/www.indigo-lighting.com\/de\/wp-json\/wp\/v2\/product_brand?post=382038"},{"taxonomy":"product_cat","embeddable":true,"href":"https:\/\/www.indigo-lighting.com\/de\/wp-json\/wp\/v2\/product_cat?post=382038"},{"taxonomy":"product_tag","embeddable":true,"href":"https:\/\/www.indigo-lighting.com\/de\/wp-json\/wp\/v2\/product_tag?post=382038"},{"taxonomy":"family","embeddable":true,"href":"https:\/\/www.indigo-lighting.com\/de\/wp-json\/wp\/v2\/family?post=382038"}],"curies":[{"name":"wp","href":"https:\/\/api.w.org\/{rel}","templated":true}]}}