{"id":382006,"date":"2025-02-04T09:44:58","date_gmt":"2024-07-16T10:57:13","guid":{"rendered":"https:\/\/www.indigo-lighting.com\/product\/iena-rdx-230-3\/"},"modified":"2026-01-29T17:29:36","modified_gmt":"2026-01-29T15:29:36","slug":"iena-rdx-230","status":"publish","type":"product","link":"https:\/\/www.indigo-lighting.com\/de\/product\/iena-rdx-230\/","title":{"rendered":"IENA RDX-230"},"content":{"rendered":"<p>Runde Einbauleuchte, schwenkbar, 4 in 1.<br \/>\n2700K, 3000K, 4000K oder 6000K nach Wahl \u00fcber einen Schalter auf der R\u00fcckseite der Leuchte.<br \/>\nBefestigung mit Federn.<br \/>\nGeeignet zur Abdeckung mit Roll- oder Einblasd\u00e4mmung.<br \/>\nDoppelte automatische Anschlu\u00dfbox.<br \/>\nKein Konverter erforderlich.<br \/>\nDimmbar.<br \/>\nKompatibel mit Phasenabschnittsdimmer.<\/p>\n","protected":false},"excerpt":{"rendered":"<p>Runde Einbauleuchte, schwenkbar, 4 in 1. 2700K, 3000K, 4000K oder 6000K nach Wahl \u00fcber einen Schalter auf der R\u00fcckseite der Leuchte. Befestigung mit Federn. Geeignet zur Abdeckung mit Roll- oder Einblasd\u00e4mmung. Doppelte automatische Anschlu\u00dfbox. Kein Konverter erforderlich. Dimmbar. Kompatibel mit Phasenabschnittsdimmer.<\/p>\n","protected":false},"featured_media":778126,"comment_status":"open","ping_status":"closed","template":"","meta":{"_acf_changed":false,"_relevanssi_hide_post":"","_relevanssi_hide_content":"","_relevanssi_pin_for_all":"","_relevanssi_pin_keywords":"","_relevanssi_unpin_keywords":"","_relevanssi_related_keywords":"","_relevanssi_related_include_ids":"","_relevanssi_related_exclude_ids":"","_relevanssi_related_no_append":"","_relevanssi_related_not_related":"","_relevanssi_related_posts":""},"product_brand":[],"product_cat":[44364,44364],"product_tag":[],"family":[],"class_list":{"0":"post-382006","1":"product","2":"type-product","3":"status-publish","4":"has-post-thumbnail","6":"product_cat-spots-de-innenleuchten-de","8":"pa_ac-dc-de-ac-230v","9":"pa_angle-d-inclinaison-de-30","10":"pa_anti-vandalisme-de-nein","11":"pa_avec-prises-usb-de-keine","12":"pa_batterie-rechargeable-usb-de-nein","13":"pa_cellules-solaires-de-nein","14":"pa_classe-energetique-liste-de-energieklasse-f","15":"pa_conformite-ce-de-ce-genehmigung","16":"pa_conformite-re2020-de-entspricht-den-geltenden-thermischen-vorschriften-frankreich","17":"pa_couleur-de-schwarz-matt","18":"pa_couleur-de-weiss-matt","19":"pa_description-technique-de-iena-rdx-230-5w-620lm-60-ip65-dim","20":"pa_detecteur-de-mouvement-de-nein","21":"pa_diametre-de-82","22":"pa_diametre-d-encastrement-de-68","23":"pa_dimmable-de-ja","24":"pa_duree-de-vie-de-l70b50-50-000h","25":"pa_garantie-de-3-jahre","26":"pa_hauteur-de-73","27":"pa_irc-ra-de-cri80","28":"pa_largeur-de-faisceau-de-60","29":"pa_led-remplacable-de-led-von-einem-elektriker-austauschbar","30":"pa_lieu-de-montage-de-verwendung-nur-in-innenraumen","31":"pa_matiere-corps-de-aluminium-verbundstoff","32":"pa_montage-et-diffusion-de-nur-deckeneinbaumontage","33":"pa_nombre-de-sources-de-1","34":"pa_nombre-de-sources-norme-de-1","35":"pa_puissance-luminaire-de-5","36":"pa_recouvrable-par-un-isolant-de-das-produkt-kann-nach-der-montage-mit-einer-ausgerollten-dammung-bedeckt-werden","37":"pa_recouvrable-par-un-isolant-de-das-produkt-kann-nach-der-montage-mit-einer-einblasdammung-abgedeckt-werden","38":"pa_reference-indigo-de-do44605","39":"pa_reference-indigo-de-do44630","40":"pa_rg-risque-photobiologique-de-rg1","41":"pa_surface-de-montage-de-decke","42":"pa_tarif-euro-de-3200","43":"pa_tarif-franc-suisse-de-3200","44":"pa_technologie-de-integrierte-230v-led","45":"pa_temperature-de-couleur-de-wahl-der-farbtemperatur-2700-3000-4000-6000k","46":"pa_test-au-fil-incandescent-de-850","47":"pa_type-de-montage-de-eingebaut","48":"pa_type-de-selection-cct-de-auf-der-ruckseite-der-leuchte","49":"pa_type-de-variation-de-kompatibel-mit-dimmer-phasenende","51":"first","52":"instock","53":"shipping-taxable","54":"purchasable","55":"product-type-variable"},"acf":[],"_links":{"self":[{"href":"https:\/\/www.indigo-lighting.com\/de\/wp-json\/wp\/v2\/product\/382006","targetHints":{"allow":["GET"]}}],"collection":[{"href":"https:\/\/www.indigo-lighting.com\/de\/wp-json\/wp\/v2\/product"}],"about":[{"href":"https:\/\/www.indigo-lighting.com\/de\/wp-json\/wp\/v2\/types\/product"}],"replies":[{"embeddable":true,"href":"https:\/\/www.indigo-lighting.com\/de\/wp-json\/wp\/v2\/comments?post=382006"}],"wp:featuredmedia":[{"embeddable":true,"href":"https:\/\/www.indigo-lighting.com\/de\/wp-json\/wp\/v2\/media\/778126"}],"wp:attachment":[{"href":"https:\/\/www.indigo-lighting.com\/de\/wp-json\/wp\/v2\/media?parent=382006"}],"wp:term":[{"taxonomy":"product_brand","embeddable":true,"href":"https:\/\/www.indigo-lighting.com\/de\/wp-json\/wp\/v2\/product_brand?post=382006"},{"taxonomy":"product_cat","embeddable":true,"href":"https:\/\/www.indigo-lighting.com\/de\/wp-json\/wp\/v2\/product_cat?post=382006"},{"taxonomy":"product_tag","embeddable":true,"href":"https:\/\/www.indigo-lighting.com\/de\/wp-json\/wp\/v2\/product_tag?post=382006"},{"taxonomy":"family","embeddable":true,"href":"https:\/\/www.indigo-lighting.com\/de\/wp-json\/wp\/v2\/family?post=382006"}],"curies":[{"name":"wp","href":"https:\/\/api.w.org\/{rel}","templated":true}]}}