{"id":381990,"date":"2025-02-04T09:35:16","date_gmt":"2024-07-16T10:57:13","guid":{"rendered":"https:\/\/www.indigo-lighting.com\/product\/debi-rd-230-3\/"},"modified":"2026-01-29T17:18:17","modified_gmt":"2026-01-29T15:18:17","slug":"debi-rd-230","status":"publish","type":"product","link":"https:\/\/www.indigo-lighting.com\/de\/product\/debi-rd-230\/","title":{"rendered":"DEBI RD-230"},"content":{"rendered":"<p>Runde Einbauleuchte, starr, 4 in 1.<br \/>\n2700K, 3000K, 4000K oder 6000K nach Wahl \u00fcber einen Schalter auf der R\u00fcckseite der Leuchte.<br \/>\nBefestigung mit Federn.<br \/>\nGeeignet zur Abdeckung mit Roll- oder Einblasd\u00e4mmung.<br \/>\nDoppelte automatische Anschlu\u00dfbox.<br \/>\nKein Konverter erforderlich.<br \/>\nDimmbar.<br \/>\nKompatibel mit Phasenabschnittsdimmer.<\/p>\n","protected":false},"excerpt":{"rendered":"<p>Runde Einbauleuchte, starr, 4 in 1. 2700K, 3000K, 4000K oder 6000K nach Wahl \u00fcber einen Schalter auf der R\u00fcckseite der Leuchte. Befestigung mit Federn. Geeignet zur Abdeckung mit Roll- oder Einblasd\u00e4mmung. Doppelte automatische Anschlu\u00dfbox. Kein Konverter erforderlich. Dimmbar. Kompatibel mit Phasenabschnittsdimmer.<\/p>\n","protected":false},"featured_media":777819,"comment_status":"open","ping_status":"closed","template":"","meta":{"_acf_changed":false,"_relevanssi_hide_post":"","_relevanssi_hide_content":"","_relevanssi_pin_for_all":"","_relevanssi_pin_keywords":"","_relevanssi_unpin_keywords":"","_relevanssi_related_keywords":"","_relevanssi_related_include_ids":"","_relevanssi_related_exclude_ids":"","_relevanssi_related_no_append":"","_relevanssi_related_not_related":"","_relevanssi_related_posts":""},"product_brand":[],"product_cat":[44364,54333],"product_tag":[],"family":[],"class_list":{"0":"post-381990","1":"product","2":"type-product","3":"status-publish","4":"has-post-thumbnail","6":"product_cat-spots-de-innenleuchten-de","7":"product_cat-spots-interieur","8":"pa_ac-dc-de-ac-230v","9":"pa_anti-vandalisme-de-nein","10":"pa_avec-prises-usb-de-keine","11":"pa_batterie-rechargeable-usb-de-nein","12":"pa_cellules-solaires-de-nein","13":"pa_classe-energetique-liste-de-energieklasse-f","14":"pa_conformite-ce-de-ce-genehmigung","15":"pa_conformite-re2020-de-entspricht-den-geltenden-thermischen-vorschriften-frankreich","16":"pa_couleur-de-schwarz-matt","17":"pa_couleur-de-weiss-matt","18":"pa_description-technique-de-debi-rd-230-5w-620lm-60-ip65-dim","19":"pa_detecteur-de-mouvement-de-nein","20":"pa_diametre-de-82","21":"pa_diametre-d-encastrement-de-68","22":"pa_dimmable-de-ja","23":"pa_duree-de-vie-de-l70b50-50-000h","24":"pa_garantie-de-3-jahre","25":"pa_hauteur-de-73","26":"pa_irc-ra-de-cri80","27":"pa_largeur-de-faisceau-de-60","28":"pa_led-remplacable-de-led-von-einem-elektriker-austauschbar","29":"pa_lieu-de-montage-de-verwendung-nur-in-innenraumen","30":"pa_matiere-corps-de-aluminium-verbundstoff","31":"pa_montage-et-diffusion-de-nur-deckeneinbaumontage","32":"pa_nombre-de-sources-de-1","33":"pa_nombre-de-sources-norme-de-1","34":"pa_puissance-luminaire-de-5","35":"pa_recouvrable-par-un-isolant-de-das-produkt-kann-nach-der-montage-mit-einer-ausgerollten-dammung-bedeckt-werden","36":"pa_recouvrable-par-un-isolant-de-das-produkt-kann-nach-der-montage-mit-einer-einblasdammung-abgedeckt-werden","37":"pa_reference-indigo-de-do44505","38":"pa_reference-indigo-de-do44530","39":"pa_rg-risque-photobiologique-de-rg1","40":"pa_surface-de-montage-de-decke","41":"pa_tarif-euro-de-2800","42":"pa_tarif-franc-suisse-de-2800","43":"pa_technologie-de-integrierte-230v-led","44":"pa_temperature-de-couleur-de-wahl-der-farbtemperatur-2700-3000-4000-6000k","45":"pa_test-au-fil-incandescent-de-850","46":"pa_type-de-montage-de-eingebaut","47":"pa_type-de-selection-cct-de-auf-der-ruckseite-der-leuchte","48":"pa_type-de-variation-de-kompatibel-mit-dimmer-phasenende","50":"first","51":"instock","52":"shipping-taxable","53":"purchasable","54":"product-type-variable"},"acf":[],"_links":{"self":[{"href":"https:\/\/www.indigo-lighting.com\/de\/wp-json\/wp\/v2\/product\/381990","targetHints":{"allow":["GET"]}}],"collection":[{"href":"https:\/\/www.indigo-lighting.com\/de\/wp-json\/wp\/v2\/product"}],"about":[{"href":"https:\/\/www.indigo-lighting.com\/de\/wp-json\/wp\/v2\/types\/product"}],"replies":[{"embeddable":true,"href":"https:\/\/www.indigo-lighting.com\/de\/wp-json\/wp\/v2\/comments?post=381990"}],"wp:featuredmedia":[{"embeddable":true,"href":"https:\/\/www.indigo-lighting.com\/de\/wp-json\/wp\/v2\/media\/777819"}],"wp:attachment":[{"href":"https:\/\/www.indigo-lighting.com\/de\/wp-json\/wp\/v2\/media?parent=381990"}],"wp:term":[{"taxonomy":"product_brand","embeddable":true,"href":"https:\/\/www.indigo-lighting.com\/de\/wp-json\/wp\/v2\/product_brand?post=381990"},{"taxonomy":"product_cat","embeddable":true,"href":"https:\/\/www.indigo-lighting.com\/de\/wp-json\/wp\/v2\/product_cat?post=381990"},{"taxonomy":"product_tag","embeddable":true,"href":"https:\/\/www.indigo-lighting.com\/de\/wp-json\/wp\/v2\/product_tag?post=381990"},{"taxonomy":"family","embeddable":true,"href":"https:\/\/www.indigo-lighting.com\/de\/wp-json\/wp\/v2\/family?post=381990"}],"curies":[{"name":"wp","href":"https:\/\/api.w.org\/{rel}","templated":true}]}}