{"id":381960,"date":"2025-05-13T10:36:50","date_gmt":"2023-07-18T16:28:47","guid":{"rendered":"https:\/\/www.indigo-lighting.com\/product\/al1014-rx-3\/"},"modified":"2026-03-30T18:32:42","modified_gmt":"2026-03-30T16:32:42","slug":"al1014-rx","status":"publish","type":"product","link":"https:\/\/www.indigo-lighting.com\/de\/product\/al1014-rx\/","title":{"rendered":"AL1014 RX"},"content":{"rendered":"<ul>\n<li>Runde Einbauleuchte, schwenkbar.<\/li>\n<li>Befestigung mit Federn.<\/li>\n<li>Geeignet zur Abdeckung mit Rolld\u00e4mmung.<\/li>\n<li>Doppelte automatische Anschlu\u00dfbox.<\/li>\n<li>Inklusive nicht dimmbarer Treiber.<\/li>\n<li>Zubeh\u00f6r : Ring mit einem Bohrdurchmesser von 90 bis 120mm separat bestellen.<\/li>\n<\/ul>\n","protected":false},"excerpt":{"rendered":"<p>Runde Einbauleuchte, schwenkbar. Befestigung mit Federn. Geeignet zur Abdeckung mit Rolld\u00e4mmung. Doppelte automatische Anschlu\u00dfbox. Inklusive nicht dimmbarer Treiber. Zubeh\u00f6r : Ring mit einem Bohrdurchmesser von 90 bis 120mm separat bestellen.<\/p>\n","protected":false},"featured_media":675759,"comment_status":"open","ping_status":"closed","template":"","meta":{"_acf_changed":false,"_relevanssi_hide_post":"","_relevanssi_hide_content":"","_relevanssi_pin_for_all":"","_relevanssi_pin_keywords":"","_relevanssi_unpin_keywords":"","_relevanssi_related_keywords":"","_relevanssi_related_include_ids":"","_relevanssi_related_exclude_ids":"","_relevanssi_related_no_append":"","_relevanssi_related_not_related":"","_relevanssi_related_posts":""},"product_brand":[],"product_cat":[54333,44364],"product_tag":[],"family":[],"class_list":{"0":"post-381960","1":"product","2":"type-product","3":"status-publish","4":"has-post-thumbnail","6":"product_cat-spots-interieur","7":"product_cat-spots-de-innenleuchten-de","8":"pa_ac-dc-de-ac-230v-dc-350ma-18v","9":"pa_angle-d-inclinaison-de-20","10":"pa_anti-vandalisme-de-nein","11":"pa_avec-prises-usb-de-keine","12":"pa_batterie-rechargeable-usb-de-nein","13":"pa_canal-web-de-yes","14":"pa_cellules-solaires-de-nein","15":"pa_classe-energetique-liste-de-energieklasse-e","16":"pa_conformite-ce-de-ce-genehmigung","17":"pa_conformite-re2020-de-nein","18":"pa_convertisseur-inclus-de-inklusive-konverter-schutzklasse-ii","19":"pa_convertisseur-remplacable-de-treiber-von-einem-elektriker-austauschbar","20":"pa_couleur-de-aluminium","21":"pa_couleur-de-weiss-matt","22":"pa_description-technique-de-al1014-rx-6w-760lm-3000k-38","23":"pa_description-technique-de-al1014-rx-6w-820lm-4000k-38","24":"pa_detecteur-de-mouvement-de-nein","25":"pa_diametre-de-82","26":"pa_diametre-d-encastrement-de-68","27":"pa_dimmable-de-nein","28":"pa_duree-de-vie-de-l70b50-50-000h","29":"pa_flux-lumineux-luminaire-de-655","30":"pa_flux-lumineux-luminaire-de-705","31":"pa_flux-lumineux-source-de-760","32":"pa_flux-lumineux-source-de-820","33":"pa_garantie-de-5-jahre","34":"pa_hauteur-de-345","35":"pa_irc-ra-de-cri80","36":"pa_largeur-de-faisceau-de-38","37":"pa_led-remplacable-de-led-von-einem-elektriker-austauschbar","38":"pa_lieu-de-montage-de-verwendung-nur-in-innenraeumen","39":"pa_matiere-corps-de-aluminiumguss","40":"pa_montage-et-diffusion-de-nur-deckeneinbaumontage","41":"pa_nombre-de-sources-de-1","42":"pa_nombre-de-sources-norme-de-1","43":"pa_puissance-luminaire-de-6","44":"pa_recouvrable-par-un-isolant-de-das-produkt-kann-nach-der-montage-mit-einer-ausgerollten-daemmung-bedeckt-werden","45":"pa_reference-indigo-de-al101425","46":"pa_reference-indigo-de-al101430","47":"pa_reference-indigo-de-do11525","48":"pa_reference-indigo-de-do11530","49":"pa_rg-risque-photobiologique-de-rg1","50":"pa_surface-de-montage-de-decke","51":"pa_tarif-euro-de-4300","52":"pa_tarif-euro-de-4400","53":"pa_tarif-euro-de-5000","54":"pa_tarif-franc-suisse-de-4300","55":"pa_tarif-franc-suisse-de-4400","56":"pa_tarif-franc-suisse-de-5000","57":"pa_technologie-de-integrierte-led","58":"pa_temperature-de-couleur-de-3000k","59":"pa_temperature-de-couleur-de-4000k","60":"pa_test-au-fil-incandescent-de-650","61":"pa_type-de-montage-de-eingebaut","62":"pa_type-de-variation-de-nicht-dimmbar","64":"first","65":"instock","66":"shipping-taxable","67":"purchasable","68":"product-type-variable"},"acf":[],"_links":{"self":[{"href":"https:\/\/www.indigo-lighting.com\/de\/wp-json\/wp\/v2\/product\/381960","targetHints":{"allow":["GET"]}}],"collection":[{"href":"https:\/\/www.indigo-lighting.com\/de\/wp-json\/wp\/v2\/product"}],"about":[{"href":"https:\/\/www.indigo-lighting.com\/de\/wp-json\/wp\/v2\/types\/product"}],"replies":[{"embeddable":true,"href":"https:\/\/www.indigo-lighting.com\/de\/wp-json\/wp\/v2\/comments?post=381960"}],"wp:featuredmedia":[{"embeddable":true,"href":"https:\/\/www.indigo-lighting.com\/de\/wp-json\/wp\/v2\/media\/675759"}],"wp:attachment":[{"href":"https:\/\/www.indigo-lighting.com\/de\/wp-json\/wp\/v2\/media?parent=381960"}],"wp:term":[{"taxonomy":"product_brand","embeddable":true,"href":"https:\/\/www.indigo-lighting.com\/de\/wp-json\/wp\/v2\/product_brand?post=381960"},{"taxonomy":"product_cat","embeddable":true,"href":"https:\/\/www.indigo-lighting.com\/de\/wp-json\/wp\/v2\/product_cat?post=381960"},{"taxonomy":"product_tag","embeddable":true,"href":"https:\/\/www.indigo-lighting.com\/de\/wp-json\/wp\/v2\/product_tag?post=381960"},{"taxonomy":"family","embeddable":true,"href":"https:\/\/www.indigo-lighting.com\/de\/wp-json\/wp\/v2\/family?post=381960"}],"curies":[{"name":"wp","href":"https:\/\/api.w.org\/{rel}","templated":true}]}}