{"id":381886,"date":"2025-05-13T10:36:50","date_gmt":"2024-07-16T10:57:13","guid":{"rendered":"https:\/\/www.indigo-lighting.com\/product\/tomy-1-p-3\/"},"modified":"2026-03-30T19:51:47","modified_gmt":"2026-03-30T17:51:47","slug":"tomy-1-p","status":"publish","type":"product","link":"https:\/\/www.indigo-lighting.com\/de\/product\/tomy-1-p\/","title":{"rendered":"TOMY 1 P"},"content":{"rendered":"<ul>\n<li>Lineare Pendelleuchte.<\/li>\n<li>Reflektor mit geringer Leuchtdichte.<\/li>\n<li>2700K, 3000K oder 4000K nach Wahl \u00fcber einen Schalter auf der R\u00fcckseite der Leuchte.<\/li>\n<li>Lieferung mit wei\u00dfen oder schwarzen Pendelkabeln (verstellbar, max. 2,00 m), runde Basis und wei\u00dfem oder schwarzem Stromkabel.<\/li>\n<li>In der Leuchte integrierter nicht dimmbarer Konverter.<\/li>\n<\/ul>\n","protected":false},"excerpt":{"rendered":"<p>Lineare Pendelleuchte. Reflektor mit geringer Leuchtdichte. 2700K, 3000K oder 4000K nach Wahl \u00fcber einen Schalter auf der R\u00fcckseite der Leuchte. Lieferung mit wei\u00dfen oder schwarzen Pendelkabeln (verstellbar, max. 2,00 m), runde Basis und wei\u00dfem oder schwarzem Stromkabel. In der Leuchte integrierter nicht dimmbarer Konverter.<\/p>\n","protected":false},"featured_media":777514,"comment_status":"open","ping_status":"closed","template":"","meta":{"_acf_changed":false,"_relevanssi_hide_post":"","_relevanssi_hide_content":"","_relevanssi_pin_for_all":"","_relevanssi_pin_keywords":"","_relevanssi_unpin_keywords":"","_relevanssi_related_keywords":"","_relevanssi_related_include_ids":"","_relevanssi_related_exclude_ids":"","_relevanssi_related_no_append":"","_relevanssi_related_not_related":"","_relevanssi_related_posts":""},"product_brand":[],"product_cat":[44371,44371],"product_tag":[],"family":[],"class_list":{"0":"post-381886","1":"product","2":"type-product","3":"status-publish","4":"has-post-thumbnail","6":"product_cat-pendelleuchten-de-innenleuchten-de","8":"pa_ac-dc-de-ac-230v","9":"pa_anti-vandalisme-de-nein","10":"pa_avec-prises-usb-de-keine","11":"pa_batterie-rechargeable-usb-de-nein","12":"pa_canal-web-de-yes","13":"pa_cellules-solaires-de-nein","14":"pa_classe-energetique-liste-de-energieklasse-f","15":"pa_conformite-ce-de-ce-genehmigung","16":"pa_convertisseur-inclus-de-inklusive-konverter","17":"pa_convertisseur-remplacable-de-treiber-nicht-austauschbar","18":"pa_couleur-de-schwarz-matt","19":"pa_couleur-de-weiss-matt","20":"pa_description-technique-de-tomy-1-p-36w-4100lm-36","21":"pa_detecteur-de-mouvement-de-nein","22":"pa_dimmable-de-nein","23":"pa_duree-de-vie-de-l70b50-50-000h","24":"pa_garantie-de-5-jahre","25":"pa_hauteur-de-80","26":"pa_irc-ra-de-cri80","27":"pa_largeur-de-25","28":"pa_largeur-de-faisceau-de-36","29":"pa_led-remplacable-de-led-nicht-austauschbar","30":"pa_lieu-de-montage-de-verwendung-nur-in-innenraeumen","31":"pa_longueur-de-1210","32":"pa_matiere-corps-de-aluminium","33":"pa_montage-et-diffusion-de-nur-haengende-montage","34":"pa_nombre-de-sources-de-66","35":"pa_nombre-de-sources-norme-de-66","36":"pa_puissance-luminaire-de-36","37":"pa_reference-indigo-de-su15805","38":"pa_reference-indigo-de-su15830","39":"pa_rg-risque-photobiologique-de-rg1","40":"pa_surface-de-montage-de-decke","41":"pa_tarif-euro-de-21000","42":"pa_tarif-franc-suisse-de-21000","43":"pa_technologie-de-integrierte-led","44":"pa_temperature-de-couleur-de-wahl-der-farbtemperatur-2700-3000-4000k","45":"pa_test-au-fil-incandescent-de-650","46":"pa_type-de-montage-de-haengend","47":"pa_type-de-selection-cct-de-auf-der-rueckseite-der-leuchte","48":"pa_type-de-variation-de-nicht-dimmbar","49":"pa_ugr-unified-glare-ratio-de-ugr-niedriger-als-19","51":"first","52":"instock","53":"shipping-taxable","54":"purchasable","55":"product-type-variable"},"acf":[],"_links":{"self":[{"href":"https:\/\/www.indigo-lighting.com\/de\/wp-json\/wp\/v2\/product\/381886","targetHints":{"allow":["GET"]}}],"collection":[{"href":"https:\/\/www.indigo-lighting.com\/de\/wp-json\/wp\/v2\/product"}],"about":[{"href":"https:\/\/www.indigo-lighting.com\/de\/wp-json\/wp\/v2\/types\/product"}],"replies":[{"embeddable":true,"href":"https:\/\/www.indigo-lighting.com\/de\/wp-json\/wp\/v2\/comments?post=381886"}],"wp:featuredmedia":[{"embeddable":true,"href":"https:\/\/www.indigo-lighting.com\/de\/wp-json\/wp\/v2\/media\/777514"}],"wp:attachment":[{"href":"https:\/\/www.indigo-lighting.com\/de\/wp-json\/wp\/v2\/media?parent=381886"}],"wp:term":[{"taxonomy":"product_brand","embeddable":true,"href":"https:\/\/www.indigo-lighting.com\/de\/wp-json\/wp\/v2\/product_brand?post=381886"},{"taxonomy":"product_cat","embeddable":true,"href":"https:\/\/www.indigo-lighting.com\/de\/wp-json\/wp\/v2\/product_cat?post=381886"},{"taxonomy":"product_tag","embeddable":true,"href":"https:\/\/www.indigo-lighting.com\/de\/wp-json\/wp\/v2\/product_tag?post=381886"},{"taxonomy":"family","embeddable":true,"href":"https:\/\/www.indigo-lighting.com\/de\/wp-json\/wp\/v2\/family?post=381886"}],"curies":[{"name":"wp","href":"https:\/\/api.w.org\/{rel}","templated":true}]}}