{"id":381862,"date":"2025-05-13T10:36:50","date_gmt":"2023-07-18T16:28:47","guid":{"rendered":"https:\/\/www.indigo-lighting.com\/product\/capri-s-1-p-3\/"},"modified":"2026-03-30T20:31:03","modified_gmt":"2026-03-30T18:31:03","slug":"capri-s-1-p","status":"publish","type":"product","link":"https:\/\/www.indigo-lighting.com\/de\/product\/capri-s-1-p\/","title":{"rendered":"CAPRI S 1 P"},"content":{"rendered":"<ul>\n<li>Quadratische Pendelleuchte.<\/li>\n<li>PS-Diffusor mit prismatischer Struktur.<\/li>\n<li>2700K, 3000K oder 4000K nach Wahl \u00fcber einen Schalter in der Leuchte.<\/li>\n<li>Lieferung mit Stahlseilen zur Aufh\u00e4ngung (verstellbar, max. 2,00 m), runde Basis und wei\u00dfem oder schwarzem Stromkabel.<\/li>\n<li>Inklusive dimmbarer Phasenabschnittskonverter oder dimmbarer DALI-Push-Konverter.<\/li>\n<\/ul>\n","protected":false},"excerpt":{"rendered":"<p>Quadratische Pendelleuchte. PS-Diffusor mit prismatischer Struktur. 2700K, 3000K oder 4000K nach Wahl \u00fcber einen Schalter in der Leuchte. Lieferung mit Stahlseilen zur Aufh\u00e4ngung (verstellbar, max. 2,00 m), runde Basis und wei\u00dfem oder schwarzem Stromkabel. Inklusive dimmbarer Phasenabschnittskonverter oder dimmbarer DALI-Push-Konverter.<\/p>\n","protected":false},"featured_media":775681,"comment_status":"open","ping_status":"closed","template":"","meta":{"_acf_changed":false,"_relevanssi_hide_post":"","_relevanssi_hide_content":"","_relevanssi_pin_for_all":"","_relevanssi_pin_keywords":"","_relevanssi_unpin_keywords":"","_relevanssi_related_keywords":"","_relevanssi_related_include_ids":"","_relevanssi_related_exclude_ids":"","_relevanssi_related_no_append":"","_relevanssi_related_not_related":"","_relevanssi_related_posts":""},"product_brand":[],"product_cat":[44371,44371],"product_tag":[],"family":[],"class_list":{"0":"post-381862","1":"product","2":"type-product","3":"status-publish","4":"has-post-thumbnail","6":"product_cat-pendelleuchten-de-innenleuchten-de","8":"pa_ac-dc-de-ac-230v","9":"pa_anti-vandalisme-de-nein","10":"pa_avec-prises-usb-de-keine","11":"pa_batterie-rechargeable-usb-de-nein","12":"pa_canal-web-de-yes","13":"pa_cellules-solaires-de-nein","14":"pa_classe-energetique-liste-de-energieklasse-f","15":"pa_conformite-ce-de-ce-genehmigung","16":"pa_convertisseur-inclus-de-inklusive-konverter","17":"pa_convertisseur-remplacable-de-treiber-von-einem-elektriker-austauschbar","18":"pa_couleur-de-schwarz-matt","19":"pa_couleur-de-weiss-matt","20":"pa_description-technique-de-capri-s-1-p-20w-2400lm-90-dali","21":"pa_description-technique-de-capri-s-1-p-20w-2400lm-90-dim","22":"pa_detecteur-de-mouvement-de-nein","23":"pa_dimmable-de-ja","24":"pa_duree-de-vie-de-l80b20-50-000h","25":"pa_garantie-de-5-jahre","26":"pa_hauteur-de-99","27":"pa_irc-ra-de-cri90","28":"pa_largeur-de-330","29":"pa_largeur-de-faisceau-de-90","30":"pa_led-remplacable-de-led-von-einem-elektriker-austauschbar","31":"pa_lieu-de-montage-de-verwendung-nur-in-innenraeumen","32":"pa_longueur-de-330","33":"pa_matiere-corps-de-aluminium","34":"pa_montage-et-diffusion-de-nur-haengende-montage","35":"pa_nombre-de-sources-de-1","36":"pa_nombre-de-sources-norme-de-1","37":"pa_puissance-luminaire-de-20","38":"pa_reference-indigo-de-su16405","39":"pa_reference-indigo-de-su16405da","40":"pa_reference-indigo-de-su16430","41":"pa_reference-indigo-de-su16430da","42":"pa_rg-risque-photobiologique-de-rg1","43":"pa_surface-de-montage-de-decke","44":"pa_tarif-euro-de-34000","45":"pa_tarif-euro-de-44000","46":"pa_tarif-franc-suisse-de-34000","47":"pa_tarif-franc-suisse-de-44000","48":"pa_technologie-de-integrierte-led","49":"pa_temperature-de-couleur-de-wahl-der-farbtemperatur-2700-3000-4000k","50":"pa_test-au-fil-incandescent-de-650","51":"pa_type-de-montage-de-haengend","52":"pa_type-de-selection-cct-de-in-der-leuchte","53":"pa_type-de-variation-de-dimmbar-dali-push-dim","54":"pa_type-de-variation-de-dimmbar-phasenabschnitt","55":"pa_ugr-unified-glare-ratio-de-ugr-niedriger-als-19","57":"first","58":"instock","59":"shipping-taxable","60":"purchasable","61":"product-type-variable"},"acf":[],"_links":{"self":[{"href":"https:\/\/www.indigo-lighting.com\/de\/wp-json\/wp\/v2\/product\/381862","targetHints":{"allow":["GET"]}}],"collection":[{"href":"https:\/\/www.indigo-lighting.com\/de\/wp-json\/wp\/v2\/product"}],"about":[{"href":"https:\/\/www.indigo-lighting.com\/de\/wp-json\/wp\/v2\/types\/product"}],"replies":[{"embeddable":true,"href":"https:\/\/www.indigo-lighting.com\/de\/wp-json\/wp\/v2\/comments?post=381862"}],"wp:featuredmedia":[{"embeddable":true,"href":"https:\/\/www.indigo-lighting.com\/de\/wp-json\/wp\/v2\/media\/775681"}],"wp:attachment":[{"href":"https:\/\/www.indigo-lighting.com\/de\/wp-json\/wp\/v2\/media?parent=381862"}],"wp:term":[{"taxonomy":"product_brand","embeddable":true,"href":"https:\/\/www.indigo-lighting.com\/de\/wp-json\/wp\/v2\/product_brand?post=381862"},{"taxonomy":"product_cat","embeddable":true,"href":"https:\/\/www.indigo-lighting.com\/de\/wp-json\/wp\/v2\/product_cat?post=381862"},{"taxonomy":"product_tag","embeddable":true,"href":"https:\/\/www.indigo-lighting.com\/de\/wp-json\/wp\/v2\/product_tag?post=381862"},{"taxonomy":"family","embeddable":true,"href":"https:\/\/www.indigo-lighting.com\/de\/wp-json\/wp\/v2\/family?post=381862"}],"curies":[{"name":"wp","href":"https:\/\/api.w.org\/{rel}","templated":true}]}}