{"id":381840,"date":"2025-05-13T10:36:50","date_gmt":"2024-07-16T10:57:13","guid":{"rendered":"https:\/\/www.indigo-lighting.com\/product\/snoop-3\/"},"modified":"2026-03-30T19:27:29","modified_gmt":"2026-03-30T17:27:29","slug":"snoop","status":"publish","type":"product","link":"https:\/\/www.indigo-lighting.com\/de\/product\/snoop\/","title":{"rendered":"SNOOP"},"content":{"rendered":"<ul>\n<li>Dekorative Wandleuchte f\u00fcr die Innen- und Au\u00dfenbeleuchtung.<\/li>\n<li>Magnetische Abschlussblende, die in der H\u00f6he angepasst werden kann, um die Leuchtdichte zu ver\u00e4ndern.<\/li>\n<li>2700K, 3000K oder 4000K nach Wahl \u00fcber einen Schalter auf der R\u00fcckseite der Leuchte.<\/li>\n<li>Mit Kabelein- und -ausgang.<\/li>\n<li>Inklusive dimmbarer Treiber.<\/li>\n<li>Kompatibel mit Phasenabschnittsdimmer.<\/li>\n<\/ul>\n","protected":false},"excerpt":{"rendered":"<p>Dekorative Wandleuchte f\u00fcr die Innen- und Au\u00dfenbeleuchtung. Magnetische Abschlussblende, die in der H\u00f6he angepasst werden kann, um die Leuchtdichte zu ver\u00e4ndern. 2700K, 3000K oder 4000K nach Wahl \u00fcber einen Schalter auf der R\u00fcckseite der Leuchte. Mit Kabelein- und -ausgang. Inklusive dimmbarer Treiber. Kompatibel mit Phasenabschnittsdimmer.<\/p>\n","protected":false},"featured_media":778102,"comment_status":"open","ping_status":"closed","template":"","meta":{"_acf_changed":false,"_relevanssi_hide_post":"","_relevanssi_hide_content":"","_relevanssi_pin_for_all":"","_relevanssi_pin_keywords":"","_relevanssi_unpin_keywords":"","_relevanssi_related_keywords":"","_relevanssi_related_include_ids":"","_relevanssi_related_exclude_ids":"","_relevanssi_related_no_append":"","_relevanssi_related_not_related":"","_relevanssi_related_posts":""},"product_brand":[],"product_cat":[54335,44369],"product_tag":[],"family":[],"class_list":{"0":"post-381840","1":"product","2":"type-product","3":"status-publish","4":"has-post-thumbnail","6":"product_cat-appliques-interieur","7":"product_cat-wandleuchten-de-innenleuchten-de","8":"pa_ac-dc-de-ac-230v","9":"pa_angle-d-inclinaison-de-90","10":"pa_angle-de-rotation-de-355","11":"pa_anti-vandalisme-de-nein","12":"pa_avec-prises-usb-de-keine","13":"pa_batterie-rechargeable-usb-de-nein","14":"pa_canal-web-de-yes","15":"pa_cellules-solaires-de-nein","16":"pa_classe-energetique-liste-de-energieklasse-f","17":"pa_conformite-ce-de-ce-genehmigung","18":"pa_convertisseur-inclus-de-inklusive-konverter","19":"pa_convertisseur-remplacable-de-treiber-von-einem-elektriker-austauschbar","20":"pa_couleur-de-schwarz-matt","21":"pa_couleur-de-schwarz-matt-champagne","22":"pa_couleur-de-schwarz-matt-rosegold","23":"pa_couleur-de-schwarz-matt-weiss-matt","24":"pa_description-technique-de-snoop-10w-1050lm-38-ip54-dim","25":"pa_detecteur-de-mouvement-de-nein","26":"pa_dimmable-de-ja","27":"pa_duree-de-vie-de-l80b10-50-000h","28":"pa_garantie-de-5-jahre","29":"pa_hauteur-de-164","30":"pa_irc-ra-de-cri90","31":"pa_largeur-de-80","32":"pa_largeur-de-faisceau-de-38","33":"pa_led-remplacable-de-led-von-einem-elektriker-austauschbar","34":"pa_lieu-de-montage-de-verwendung-im-freien-und-in-innenraeumen","35":"pa_longueur-de-119","36":"pa_matiere-corps-de-aluminium","37":"pa_montage-et-diffusion-de-montage-nur-an-einer-wand-diffus","38":"pa_nombre-de-sources-de-1","39":"pa_nombre-de-sources-norme-de-1","40":"pa_puissance-luminaire-de-10","41":"pa_reference-indigo-de-wa26205","42":"pa_reference-indigo-de-wa26208","43":"pa_reference-indigo-de-wa26235","44":"pa_reference-indigo-de-wa26283","45":"pa_rg-risque-photobiologique-de-rg1","46":"pa_surface-de-montage-de-wand","47":"pa_tarif-euro-de-13500","48":"pa_tarif-euro-de-15500","49":"pa_tarif-franc-suisse-de-13500","50":"pa_tarif-franc-suisse-de-15500","51":"pa_technologie-de-integrierte-led","52":"pa_temperature-de-couleur-de-wahl-der-farbtemperatur-2700-3000-4000k","53":"pa_test-au-fil-incandescent-de-850","54":"pa_type-de-montage-de-angebaut","55":"pa_type-de-selection-cct-de-auf-der-rueckseite-der-leuchte","56":"pa_type-de-variation-de-kompatibel-mit-dimmer-phasenende","58":"first","59":"instock","60":"shipping-taxable","61":"purchasable","62":"product-type-variable"},"acf":[],"_links":{"self":[{"href":"https:\/\/www.indigo-lighting.com\/de\/wp-json\/wp\/v2\/product\/381840","targetHints":{"allow":["GET"]}}],"collection":[{"href":"https:\/\/www.indigo-lighting.com\/de\/wp-json\/wp\/v2\/product"}],"about":[{"href":"https:\/\/www.indigo-lighting.com\/de\/wp-json\/wp\/v2\/types\/product"}],"replies":[{"embeddable":true,"href":"https:\/\/www.indigo-lighting.com\/de\/wp-json\/wp\/v2\/comments?post=381840"}],"wp:featuredmedia":[{"embeddable":true,"href":"https:\/\/www.indigo-lighting.com\/de\/wp-json\/wp\/v2\/media\/778102"}],"wp:attachment":[{"href":"https:\/\/www.indigo-lighting.com\/de\/wp-json\/wp\/v2\/media?parent=381840"}],"wp:term":[{"taxonomy":"product_brand","embeddable":true,"href":"https:\/\/www.indigo-lighting.com\/de\/wp-json\/wp\/v2\/product_brand?post=381840"},{"taxonomy":"product_cat","embeddable":true,"href":"https:\/\/www.indigo-lighting.com\/de\/wp-json\/wp\/v2\/product_cat?post=381840"},{"taxonomy":"product_tag","embeddable":true,"href":"https:\/\/www.indigo-lighting.com\/de\/wp-json\/wp\/v2\/product_tag?post=381840"},{"taxonomy":"family","embeddable":true,"href":"https:\/\/www.indigo-lighting.com\/de\/wp-json\/wp\/v2\/family?post=381840"}],"curies":[{"name":"wp","href":"https:\/\/api.w.org\/{rel}","templated":true}]}}