{"id":381736,"date":"2025-05-13T10:36:50","date_gmt":"2024-07-16T10:57:13","guid":{"rendered":"https:\/\/www.indigo-lighting.com\/product\/sira-r-sensor-ir-3\/"},"modified":"2026-03-30T18:16:16","modified_gmt":"2026-03-30T16:16:16","slug":"sira-r-sensor-ir","status":"publish","type":"product","link":"https:\/\/www.indigo-lighting.com\/de\/product\/sira-r-sensor-ir\/","title":{"rendered":"SIRA R SENSOR IR"},"content":{"rendered":"<ul>\n<li>Downlight rund befestigt 3 in 1.<\/li>\n<li>Sichtbare oder halb eingebettete Montage.<\/li>\n<li>Multipower : 12, 15 oder 18W w\u00e4hlbar \u00fcber einen Schalter auf der R\u00fcckseite der Leuchte.<\/li>\n<li>Wahl zwischen 3000K, 4000K oder 6000K \u00fcber einen Schalter auf der R\u00fcckseite der Leuchte.<\/li>\n<li>Mit IR Detektor 120\u00b0, Erkennungsbereich von 3 m Durchmesser.<\/li>\n<li>Befestigung durch einstellbare Feder zum Abdecken des Einbaudurchmessers von 65 bis 180 mm.<\/li>\n<li>In der Leuchte integrierter nicht dimmbarer Konverter.<\/li>\n<\/ul>\n","protected":false},"excerpt":{"rendered":"<p>Downlight rund befestigt 3 in 1. Sichtbare oder halb eingebettete Montage. Multipower : 12, 15 oder 18W w\u00e4hlbar \u00fcber einen Schalter auf der R\u00fcckseite der Leuchte. Wahl zwischen 3000K, 4000K oder 6000K \u00fcber einen Schalter auf der R\u00fcckseite der Leuchte. Mit IR Detektor 120\u00b0, Erkennungsbereich von 3 m Durchmesser. Befestigung durch einstellbare Feder zum Abdecken [&hellip;]<\/p>\n","protected":false},"featured_media":678595,"comment_status":"open","ping_status":"closed","template":"","meta":{"_acf_changed":false,"_relevanssi_hide_post":"","_relevanssi_hide_content":"","_relevanssi_pin_for_all":"","_relevanssi_pin_keywords":"","_relevanssi_unpin_keywords":"","_relevanssi_related_keywords":"","_relevanssi_related_include_ids":"","_relevanssi_related_exclude_ids":"","_relevanssi_related_no_append":"","_relevanssi_related_not_related":"","_relevanssi_related_posts":""},"product_brand":[],"product_cat":[44365,33835],"product_tag":[],"family":[],"class_list":{"0":"post-381736","1":"product","2":"type-product","3":"status-publish","4":"has-post-thumbnail","6":"product_cat-halbeingebaut-de-innenleuchten-de","7":"product_cat-semi-encastres-interieur","8":"pa_ac-dc-de-ac-230v","9":"pa_anti-vandalisme-de-nein","10":"pa_avec-prises-usb-de-keine","11":"pa_batterie-rechargeable-usb-de-nein","12":"pa_canal-web-de-yes","13":"pa_cellules-solaires-de-nein","14":"pa_classe-energetique-liste-de-energieklasse-f","15":"pa_conformite-ce-de-ce-genehmigung","16":"pa_conformite-re2020-de-nein","17":"pa_convertisseur-inclus-de-inklusive-konverter","18":"pa_convertisseur-remplacable-de-treiber-von-einem-elektriker-austauschbar","19":"pa_couleur-de-weiss-matt","20":"pa_description-technique-de-sira-r-sensor-ir-12w-15w-18w-110","21":"pa_detecteur-de-mouvement-de-mit-ir-bewegungsmelder","22":"pa_diametre-de-225","23":"pa_diametre-d-encastrement-de-65-180","24":"pa_dimmable-de-nein","25":"pa_duree-de-vie-de-l70b50-50-000h","26":"pa_garantie-de-3-jahre","27":"pa_hauteur-de-45","28":"pa_instructions-d-installation-de-a-moeglichkeit-die-dauer-der-beleuchtung-nach-der-erfassung-einer-bewegung-von-5-sekunden-bis-10-minuten-einzustellen","29":"pa_instructions-d-installation-de-b-die-daemmerung-funktion-its-einstellbar-3-lux-oder-1000-lux","30":"pa_irc-ra-de-cri80","31":"pa_largeur-de-faisceau-de-110","32":"pa_led-remplacable-de-led-nicht-austauschbar","33":"pa_lieu-de-montage-de-verwendung-nur-in-innenraeumen","34":"pa_matiere-corps-de-verbundstoff","35":"pa_montage-et-diffusion-de-nur-deckeneinbaumontage","36":"pa_montage-et-diffusion-de-nur-deckenmontage","37":"pa_nombre-de-sources-de-1","38":"pa_nombre-de-sources-norme-de-1","39":"pa_recouvrable-par-un-isolant-de-das-produkt-darf-nach-der-montage-nicht-abgedeckt-werden-auch-nicht-mit-einer-daemmung","40":"pa_reference-indigo-de-do49530","41":"pa_rg-risque-photobiologique-de-rg0","42":"pa_surface-de-montage-de-decke","43":"pa_tarif-euro-de-9000","44":"pa_tarif-franc-suisse-de-9000","45":"pa_technologie-de-integrierte-led","46":"pa_temperature-de-couleur-de-wahl-der-farbtemperatur-3000-4000-6000k","47":"pa_test-au-fil-incandescent-de-650","48":"pa_type-de-montage-de-halbeingebaut","49":"pa_type-de-selection-cct-de-auf-der-rueckseite-der-leuchte","50":"pa_type-de-variation-de-nicht-dimmbar","52":"first","53":"instock","54":"shipping-taxable","55":"purchasable","56":"product-type-variable"},"acf":[],"_links":{"self":[{"href":"https:\/\/www.indigo-lighting.com\/de\/wp-json\/wp\/v2\/product\/381736","targetHints":{"allow":["GET"]}}],"collection":[{"href":"https:\/\/www.indigo-lighting.com\/de\/wp-json\/wp\/v2\/product"}],"about":[{"href":"https:\/\/www.indigo-lighting.com\/de\/wp-json\/wp\/v2\/types\/product"}],"replies":[{"embeddable":true,"href":"https:\/\/www.indigo-lighting.com\/de\/wp-json\/wp\/v2\/comments?post=381736"}],"wp:featuredmedia":[{"embeddable":true,"href":"https:\/\/www.indigo-lighting.com\/de\/wp-json\/wp\/v2\/media\/678595"}],"wp:attachment":[{"href":"https:\/\/www.indigo-lighting.com\/de\/wp-json\/wp\/v2\/media?parent=381736"}],"wp:term":[{"taxonomy":"product_brand","embeddable":true,"href":"https:\/\/www.indigo-lighting.com\/de\/wp-json\/wp\/v2\/product_brand?post=381736"},{"taxonomy":"product_cat","embeddable":true,"href":"https:\/\/www.indigo-lighting.com\/de\/wp-json\/wp\/v2\/product_cat?post=381736"},{"taxonomy":"product_tag","embeddable":true,"href":"https:\/\/www.indigo-lighting.com\/de\/wp-json\/wp\/v2\/product_tag?post=381736"},{"taxonomy":"family","embeddable":true,"href":"https:\/\/www.indigo-lighting.com\/de\/wp-json\/wp\/v2\/family?post=381736"}],"curies":[{"name":"wp","href":"https:\/\/api.w.org\/{rel}","templated":true}]}}