{"id":381662,"date":"2025-05-13T10:36:50","date_gmt":"2023-12-08T12:00:08","guid":{"rendered":"https:\/\/www.indigo-lighting.com\/product\/linear-2-c-3\/"},"modified":"2026-03-30T20:56:08","modified_gmt":"2026-03-30T18:56:08","slug":"linear-2-c","status":"publish","type":"product","link":"https:\/\/www.indigo-lighting.com\/de\/product\/linear-2-c\/","title":{"rendered":"LINEAR 2 C"},"content":{"rendered":"<ul>\n<li>Lineare Deckenleuchte.<\/li>\n<li>PC-Diffusor mit prismatischer Struktur.<\/li>\n<li>Multipower : 21 oder 32W nach Wahl \u00fcber einen Schalter auf der R\u00fcckseite der Leuchte.<\/li>\n<li>3000K, 3500K oder 4000K nach Wahl \u00fcber einen Schalter auf der R\u00fcckseite der Leuchte.<\/li>\n<li>In der Leuchte integrierter nicht dimmbarer oder dimmbarer DALI-Push-Konverter.<\/li>\n<li>Bis zu maximal 25 Leuchten k\u00f6nnen in Reihe geschaltet werden.<\/li>\n<li>Lineare mechanische Verbindung muss separat bestellt werden.<\/li>\n<li>Elektrische Schnellverbindungen sind in der Leuchte enthalten.<\/li>\n<\/ul>\n","protected":false},"excerpt":{"rendered":"<p>Lineare Deckenleuchte. PC-Diffusor mit prismatischer Struktur. Multipower : 21 oder 32W nach Wahl \u00fcber einen Schalter auf der R\u00fcckseite der Leuchte. 3000K, 3500K oder 4000K nach Wahl \u00fcber einen Schalter auf der R\u00fcckseite der Leuchte. In der Leuchte integrierter nicht dimmbarer oder dimmbarer DALI-Push-Konverter. Bis zu maximal 25 Leuchten k\u00f6nnen in Reihe geschaltet werden. Lineare [&hellip;]<\/p>\n","protected":false},"featured_media":679556,"comment_status":"open","ping_status":"closed","template":"","meta":{"_acf_changed":false,"_relevanssi_hide_post":"","_relevanssi_hide_content":"","_relevanssi_pin_for_all":"","_relevanssi_pin_keywords":"","_relevanssi_unpin_keywords":"","_relevanssi_related_keywords":"","_relevanssi_related_include_ids":"","_relevanssi_related_exclude_ids":"","_relevanssi_related_no_append":"","_relevanssi_related_not_related":"","_relevanssi_related_posts":""},"product_brand":[],"product_cat":[44374,44374],"product_tag":[],"family":[],"class_list":{"0":"post-381662","1":"product","2":"type-product","3":"status-publish","4":"has-post-thumbnail","6":"product_cat-lichtleisten-de-innenleuchten-de","8":"pa_ac-dc-de-ac-230v","9":"pa_avec-prises-usb-de-keine","10":"pa_batterie-rechargeable-usb-de-nein","11":"pa_canal-web-de-yes","12":"pa_cellules-solaires-de-nein","13":"pa_classe-energetique-liste-de-energieklasse-c","14":"pa_conformite-ce-de-ce-genehmigung","15":"pa_convertisseur-inclus-de-inklusive-konverter","16":"pa_convertisseur-remplacable-de-treiber-von-einem-elektriker-austauschbar","17":"pa_couleur-de-schwarz-matt","18":"pa_couleur-de-weiss-matt","19":"pa_description-technique-de-linear-2-c-21w-32w-75","20":"pa_description-technique-de-linear-2-c-21w-32w-75-dali","21":"pa_detecteur-de-mouvement-de-nein","22":"pa_dimmable-de-ja","23":"pa_dimmable-de-nein","24":"pa_duree-de-vie-de-l80b10-50-000h","25":"pa_garantie-de-5-jahre","26":"pa_hauteur-de-73","27":"pa_irc-ra-de-cri80","28":"pa_largeur-de-50","29":"pa_largeur-de-faisceau-de-75","30":"pa_led-remplacable-de-led-nicht-austauschbar","31":"pa_lieu-de-montage-de-verwendung-nur-in-innenraeumen","32":"pa_longueur-de-1187","33":"pa_matiere-corps-de-aluminium","34":"pa_montage-et-diffusion-de-nur-deckenmontage","35":"pa_nombre-de-sources-de-1","36":"pa_nombre-de-sources-norme-de-432","37":"pa_reference-indigo-de-cl10805","38":"pa_reference-indigo-de-cl10805da","39":"pa_reference-indigo-de-cl10830","40":"pa_reference-indigo-de-cl10830da","41":"pa_rg-risque-photobiologique-de-rg1","42":"pa_surface-de-montage-de-decke","43":"pa_tarif-euro-de-17500","44":"pa_tarif-euro-de-22500","45":"pa_tarif-franc-suisse-de-17500","46":"pa_tarif-franc-suisse-de-22500","47":"pa_technologie-de-integrierte-led","48":"pa_temperature-de-couleur-de-wahl-der-farbtemperatur-3000-3500-4000k","49":"pa_test-au-fil-incandescent-de-650","50":"pa_type-de-montage-de-angebaut","51":"pa_type-de-selection-cct-de-auf-der-rueckseite-der-leuchte","52":"pa_type-de-variation-de-dimmbar-dali-push-dim","53":"pa_type-de-variation-de-dimmbar-dali-2","54":"pa_type-de-variation-de-nicht-dimmbar","55":"pa_ugr-unified-glare-ratio-de-ugr-niedriger-als-19","57":"first","58":"instock","59":"shipping-taxable","60":"purchasable","61":"product-type-variable"},"acf":[],"_links":{"self":[{"href":"https:\/\/www.indigo-lighting.com\/de\/wp-json\/wp\/v2\/product\/381662","targetHints":{"allow":["GET"]}}],"collection":[{"href":"https:\/\/www.indigo-lighting.com\/de\/wp-json\/wp\/v2\/product"}],"about":[{"href":"https:\/\/www.indigo-lighting.com\/de\/wp-json\/wp\/v2\/types\/product"}],"replies":[{"embeddable":true,"href":"https:\/\/www.indigo-lighting.com\/de\/wp-json\/wp\/v2\/comments?post=381662"}],"wp:featuredmedia":[{"embeddable":true,"href":"https:\/\/www.indigo-lighting.com\/de\/wp-json\/wp\/v2\/media\/679556"}],"wp:attachment":[{"href":"https:\/\/www.indigo-lighting.com\/de\/wp-json\/wp\/v2\/media?parent=381662"}],"wp:term":[{"taxonomy":"product_brand","embeddable":true,"href":"https:\/\/www.indigo-lighting.com\/de\/wp-json\/wp\/v2\/product_brand?post=381662"},{"taxonomy":"product_cat","embeddable":true,"href":"https:\/\/www.indigo-lighting.com\/de\/wp-json\/wp\/v2\/product_cat?post=381662"},{"taxonomy":"product_tag","embeddable":true,"href":"https:\/\/www.indigo-lighting.com\/de\/wp-json\/wp\/v2\/product_tag?post=381662"},{"taxonomy":"family","embeddable":true,"href":"https:\/\/www.indigo-lighting.com\/de\/wp-json\/wp\/v2\/family?post=381662"}],"curies":[{"name":"wp","href":"https:\/\/api.w.org\/{rel}","templated":true}]}}